{"id":55,"date":"2017-04-08T17:22:35","date_gmt":"2017-04-08T14:22:35","guid":{"rendered":"https:\/\/www.stellakatsarou.gr\/en\/?page_id=55"},"modified":"2026-01-27T00:15:58","modified_gmt":"2026-01-26T22:15:58","slug":"sarakenos-cave","status":"publish","type":"page","link":"https:\/\/www.stellakatsarou.gr\/en\/sarakenos-cave\/","title":{"rendered":"Sarakenos Cave Sarakinos"},"content":{"rendered":"<p>[vc_row][vc_column][vc_single_image image=\u201d769\u2033 img_size=\u201dfull\u201d alignment=\u201dcenter\u201d]<h1 class=\"fac-big-title fac-title text-left\" style=\"color:#4b4b4b\">Neolithic \u201cportraits\u201d in Sarakenos cave, Boeotia<\/h1>\n[\/vc_column][vc_row][vc_row][vc_column width=\u201d1\/2\u2033][vc_column_text]<\/p>\n<p data-start=\"208\" data-end=\"808\">Sarakenos does not represent a typical example of a Greek Neolithic cave hosting domestic, funerary, and ritual activities. The site possesses exceptional natural advantages, as it is extremely spacious and occupies a location overlooking a prehistoric lake, now the Kopais basin. Besides direct access to the lacustrine environment\u2014a particularly rich source of subsistence resources\u2014it is in immediate access of the terrestrial resources provided by the plateaus around the lake and the forested zones on the surrounding slopes.<\/p>\n<p data-start=\"810\" data-end=\"1514\">Neolithic installations occupy mainly the area from the cave entrance inward to its central chamber. They accumulate one above the other in uninterrupted chronological succession, indicating the long-term permanence of these activities in the space. Domestic use of the cave dominates throughout the Neolithic period and is associated with an enormous volume of remains: clay vessels, chipped stone tools and ground stone, weaving equipment, ornaments, animal bones, and other food remains. Use of the cave also involves on-site processing of raw materials for the manufacture of tools and ornaments. The funerary use of the cave is also significant and includes burials with grave goods.<\/p>\n<p>[\/vc_column_text][\/vc_column][vc_column width=\u201d5\/12\u2033][vc_media_grid element_width=\u201d6\u2033 gap=\u201d10\u2033 initial_loading_animation=\u201dnone\u201d grid_id=\u201dvc_gid:1769366437680-6980243b-fd92-7\u2033 include=\u201d773,130\u2033][\/vc_column][vc_row][vc_row][vc_row][vc_row][vc_column width=\u201d1\/3\u2033][vc_media_grid element_width=\u201d6\u2033 initial_loading_animation=\u201dnone\u201d grid_id=\u201dvc_gid:1769366437682-020f4d0e-d2a2-0\u2033 include=\u201d129,730\u2033][vc_media_grid element_width=\u201d6\u2033 grid_id=\u201dvc_gid:1769366437683-531b0343-75f9-8\u2033 include=\u201d983,984\u2033][\/vc_column][vc_column width=\u201d1\/2\u2033][vc_column_text]Within this context belongs the large assemblage of anthropomorphic figurines recovered from the advanced stage of the Neolithic deposits. The presence of figurines in caves is not unusual; however, Sarakenos represents perhaps a unique case in which the figurines number in hundreds\u2014perhaps even more\u2014and span a long chronological period extending across the 5th and 4th millennia BC. Morphologically, they display a wide range of forms that reflect known contemporary types in terms of general modeling, yet with distinctive individual characteristics. One particularly striking feature is their focus on portraits and the depiction of facial traits, hairstyles, ornaments, and garments using sculptural and polychrome details.<\/p>\n<p data-start=\"138\" data-end=\"645\">Alongside evidence of ritual practices in Neolithic settlements, the question of whether rituals were also performed in caves has so far received cautious and largely theoretical responses. This is hardly surprising, since among the majority of cave assemblages there is insufficient material evidence to clearly distinguish everyday domestic activities from practices that had a performative, ritual, or dedicatory character.\u00a0This distinction becomes particularly difficult if we consider that everyday life in caves (for example, meals) may itself have incorporated symbolism, ceremonial acts, offerings, and meaningful gestures. On the other hand, figurines on their own do not necessarily fulfil a ceremonial function. Instead, current research tends to situate them within frameworks of interpersonal communication, exchange, and the expression of identity.\u00a0Sarakenos cave perhaps provides a case where ritual practices are present and are imbued with a strong individualized character.<\/p>\n<p>[\/vc_column_text][\/vc_column][\/vc_row][vc_row el_class=\u201ds2-project-read-more\u201d][vc_column width=\u201d2\/3\u2033][vc_column_text]<\/p>\n<p>2025, S. Katsarou,\u00a0<a href=\"https:\/\/www.academia.edu\/146223557\/%CE%97_%CF%83%CF%85%CE%BC%CE%B2%CE%BF%CE%BB%CE%AE_%CF%84%CF%89%CE%BD_%CE%B1%CE%BD%CE%B1%CF%83%CE%BA%CE%B1%CF%86%CF%8E%CE%BD_%CF%83%CF%84%CE%B1_%CF%83%CF%80%CE%AE%CE%BB%CE%B1%CE%B9%CE%B1_%CF%83%CF%84%CE%B9%CF%82_%CE%B3%CE%BD%CF%8E%CF%83%CE%B5%CE%B9%CF%82_%CE%BC%CE%B1%CF%82_%CE%B3%CE%B9%CE%B1_%CF%84%CE%B7%CE%BD_%CE%B5%CE%BB%CE%BB%CE%B7%CE%BD%CE%B9%CE%BA%CE%AE_%CF%80%CF%81%CE%BF%CF%8A%CF%83%CF%84%CE%BF%CF%81%CE%AF%CE%B1_%CE%A0%CE%B5%CF%81%CE%AF%CE%BB%CE%B7%CF%88%CE%B7_Cave_excavations_and_their_contribution_to_the_understanding_of_Greek_prehistory_Abstract_\">Cave excavations and their contribution to understanding Greek prehistory,<\/a>\u00a0<em>Half a Century of Cave Protection and Research. Symposium Dedicated to the Memory of Evangelia Protonotariou-Deilaki, Athens, Epigraphic Museum, 9 October 2025 (Organizer: Ephorate of Palaeoanthropology-Speleology).\u00a0<\/em><span style=\"color: #808080\">[in Greek]<\/span><\/p>\n<p>2025, S. Katsarou, <a href=\"https:\/\/www.academia.edu\/146196858\/R%C3%A4tselhafte_H%C3%B6hlen_in_Griechenland_Wechselwirkungen_zwischen_Kultur_und_Natur_als_Herausforderungen_der_H%C3%B6hlenarch%C3%A4ologie\">R\u00e4tselhafte H\u00f6hlen in Griechenland. Wechselwirkungen zwischen Kultur und Natur als Herausforderungen der H\u00f6hlenarch\u00e4ologie,<\/a><em>\u00a0Antike Welt <\/em>2, pp. 49-55.<\/p>\n<p>2024, S. Katsarou, A. Sampson, <a href=\"https:\/\/www.academia.edu\/146221657\/Human_representations_and_farming_economy_Insights_from_the_advanced_farming_stage_Abstract_\">Human representations and farming economy. Insights from the advanced farming stage,<\/a> <em>World Neolithic Congress 2024, 4-8 November 2024, Sanliurfa, Turkiye. Session G23: The Neolithic in Art. Iconography and Society in the First World Agricultural Communities of Eurasia.<\/em><\/p>\n<p>2013, S. Katsarou, A. Sampson, <a href=\"https:\/\/www.academia.edu\/146740662\/Perspectives_of_symbolism_and_ritualism_for_the_Late_Neolithic_communities_at_Sarakenos_Cave\">Perspectives of symbolism and ritualism for the Late Neolithic communities at Sarakenos Cave.<\/a> \u03a3\u03c4\u03bf: F. Mavridis, J. Jensen (eds.), <em>Stable Places and Changing Perceptions: Cave Archaeology in Greece and Adjacent Areas,<\/em> pp. 142-152. Oxford. Archaeopress. BAR International Series 2558.<\/p>\n<p>2011, A. Sampson, S. Katsarou, <a href=\"https:\/\/www.academia.edu\/146196488\/%CE%A3%CF%85%CF%83%CF%84%CE%B7%CE%BC%CE%B1%CF%84%CE%B9%CE%BA%CE%AE_%CE%B1%CE%BD%CE%B1%CF%83%CE%BA%CE%B1%CF%86%CE%AE_%CF%83%CF%84%CE%BF_%CF%83%CF%80%CE%AE%CE%BB%CE%B1%CE%B9%CE%BF_%CE%A3%CE%B1%CF%81%CE%B1%CE%BA%CE%B7%CE%BD%CE%BF%CF%8D_%CE%92%CE%BF%CE%B9%CF%89%CF%84%CE%AF%CE%B1%CF%82_Systematic_excavation_at_Sarakinos_cave_Boeotia\">Systematic excavation at Sarakinos cave, Boeotia,<\/a> <em>Archaiologikon Deltion <\/em>66 (publ. 2016), Chronika, vol. B2, pp. 1061-1064. <span style=\"color: #808080\">[in Greek]<\/span><\/p>\n<p>2005, A. Sampson, S. Katsarou, <a href=\"https:\/\/www.academia.edu\/146740563\/%CE%97_%CE%B3%CF%81%CE%B1%CF%80%CF%84%CE%AE_%CE%BA%CE%B5%CF%81%CE%B1%CE%BC%CE%B9%CE%BA%CE%AE_%CF%84%CE%BF%CF%85_%CF%83%CF%80%CE%B7%CE%BB%CE%B1%CE%AF%CE%BF%CF%85_%CE%A3%CE%B1%CF%81%CE%B1%CE%BA%CE%B7%CE%BD%CE%BF%CF%8D_%CF%83%CF%84%CE%B7_%CE%92%CE%BF%CE%B9%CF%89%CF%84%CE%AF%CE%B1_The_painted_pottery_of_Sarakenos_cave_in_Boeotia\">The symbolic aspect in the use of Sarakinos cave at Kopais during the Middle and Late Neolithic,<\/a> <em>5th International Congress of Boeotian Studies<\/em>, <em>Thebes, September 16-19, 2005 (Organizer: Society of Boeotian Studies). <\/em>Unpublished proceedings, uploaded at <a href=\"https:\/\/www.academia.edu\/26630062\/To_%CF%83%CF%85%CE%BC%CE%B2%CE%BF%CE%BB%CE%B9%CE%BA%CF%8C_%CF%83%CF%84%CE%BF%CE%B9%CF%87%CE%B5%CE%AF%CE%BF_%CF%83%CF%84%CE%B7_%CF%87%CF%81%CE%AE%CF%83%CE%B7_%CF%84%CE%BF%CF%85_%CF%83%CF%80%CE%B7%CE%BB%CE%B1%CE%AF%CE%BF%CF%85_%CE%A3%CE%B1%CF%81%CE%B1%CE%BA%CE%B7%CE%BD%CE%BF%CF%8D_%CF%83%CF%84%CE%B7%CE%BD_%CE%9A%CF%89%CF%80%CE%B1%CE%90%CE%B4%CE%B1_%CE%BA%CE%B1%CF%84%CE%AC_%CF%84%CE%B7_%CE%9C%CE%AD%CF%83%CE%B7_%CE%BA%CE%B1%CE%B9_%CE%9D%CE%B5%CF%8C%CF%84%CE%B5%CF%81%CE%B7_%CE%9D%CE%B5%CE%BF%CE%BB%CE%B9%CE%B8%CE%B9%CE%BA%CE%AE_The_symbolic_aspect_of_the_use_of_Sarakenos_cave_in_the_Middle_and_Late_Neolithic\">www.academia.edu<\/a>.<i> <\/i><span style=\"color: #808080\">[in Greek]<\/span><\/p>\n<p>[\/vc_column_text][\/vc_column][\/vc_row]<\/p>\n","protected":false},"excerpt":{"rendered":"<p>[vc_row][vc_column][vc_single_image image=\u201d769\u2033 img_size=\u201dfull\u201d alignment=\u201dcenter\u201d][\/vc_column][vc_row][vc_row][vc_column width=\u201d1\/2\u2033][vc_column_text] Sarakenos does not represent a typical example of a Greek Neolithic cave hosting domestic, funerary, [&hellip;]<\/p>\n","protected":false},"author":1,"featured_media":0,"parent":0,"menu_order":0,"comment_status":"closed","ping_status":"closed","template":"page-pagebuilder.php","meta":{"footnotes":""},"class_list":["post-55","page","type-page","status-publish","hentry"],"yoast_head":"<!-- This site is optimized with the Yoast SEO plugin v27.6 - https:\/\/yoast.com\/product\/yoast-seo-wordpress\/ -->\n<title>Sarakenos Cave Sarakinos - Stella Katsarou<\/title>\n<meta name=\"robots\" content=\"index, follow, max-snippet:-1, max-image-preview:large, max-video-preview:-1\" \/>\n<link rel=\"canonical\" href=\"https:\/\/www.stellakatsarou.gr\/en\/sarakenos-cave\/\" \/>\n<meta property=\"og:locale\" content=\"en_US\" \/>\n<meta property=\"og:type\" content=\"article\" \/>\n<meta property=\"og:title\" content=\"Sarakenos Cave Sarakinos - Stella Katsarou\" \/>\n<meta property=\"og:description\" content=\"[vc_row][vc_column][vc_single_image image=\u201d769\u2033 img_size=\u201dfull\u201d alignment=\u201dcenter\u201d][\/vc_column][vc_row][vc_row][vc_column width=\u201d1\/2\u2033][vc_column_text] Sarakenos does not represent a typical example of a Greek Neolithic cave hosting domestic, funerary, [&hellip;]\" \/>\n<meta property=\"og:url\" content=\"https:\/\/www.stellakatsarou.gr\/en\/sarakenos-cave\/\" \/>\n<meta property=\"og:site_name\" content=\"Stella Katsarou\" \/>\n<meta property=\"article:publisher\" content=\"https:\/\/www.facebook.com\/stella.katsaroutzeveleki\" \/>\n<meta property=\"article:modified_time\" content=\"2026-01-26T22:15:58+00:00\" \/>\n<meta name=\"twitter:card\" content=\"summary_large_image\" \/>\n<meta name=\"twitter:label1\" content=\"Est. reading time\" \/>\n\t<meta name=\"twitter:data1\" content=\"3 minutes\" \/>\n<script type=\"application\/ld+json\" class=\"yoast-schema-graph\">{\"@context\":\"https:\\\/\\\/schema.org\",\"@graph\":[{\"@type\":\"WebPage\",\"@id\":\"https:\\\/\\\/www.stellakatsarou.gr\\\/en\\\/sarakenos-cave\\\/\",\"url\":\"https:\\\/\\\/www.stellakatsarou.gr\\\/en\\\/sarakenos-cave\\\/\",\"name\":\"Sarakenos Cave Sarakinos - Stella Katsarou\",\"isPartOf\":{\"@id\":\"https:\\\/\\\/www.stellakatsarou.gr\\\/en\\\/#website\"},\"datePublished\":\"2017-04-08T14:22:35+00:00\",\"dateModified\":\"2026-01-26T22:15:58+00:00\",\"breadcrumb\":{\"@id\":\"https:\\\/\\\/www.stellakatsarou.gr\\\/en\\\/sarakenos-cave\\\/#breadcrumb\"},\"inLanguage\":\"en-US\",\"potentialAction\":[{\"@type\":\"ReadAction\",\"target\":[\"https:\\\/\\\/www.stellakatsarou.gr\\\/en\\\/sarakenos-cave\\\/\"]}]},{\"@type\":\"BreadcrumbList\",\"@id\":\"https:\\\/\\\/www.stellakatsarou.gr\\\/en\\\/sarakenos-cave\\\/#breadcrumb\",\"itemListElement\":[{\"@type\":\"ListItem\",\"position\":1,\"name\":\"Home\",\"item\":\"https:\\\/\\\/www.stellakatsarou.gr\\\/en\\\/\"},{\"@type\":\"ListItem\",\"position\":2,\"name\":\"Sarakenos Cave Sarakinos\"}]},{\"@type\":\"WebSite\",\"@id\":\"https:\\\/\\\/www.stellakatsarou.gr\\\/en\\\/#website\",\"url\":\"https:\\\/\\\/www.stellakatsarou.gr\\\/en\\\/\",\"name\":\"Stella Katsarou\",\"description\":\"Prehistoric Archaeology\",\"potentialAction\":[{\"@type\":\"SearchAction\",\"target\":{\"@type\":\"EntryPoint\",\"urlTemplate\":\"https:\\\/\\\/www.stellakatsarou.gr\\\/en\\\/?s={search_term_string}\"},\"query-input\":{\"@type\":\"PropertyValueSpecification\",\"valueRequired\":true,\"valueName\":\"search_term_string\"}}],\"inLanguage\":\"en-US\"}]}<\/script>\n<!-- \/ Yoast SEO plugin. -->","yoast_head_json":{"title":"Sarakenos Cave Sarakinos - Stella Katsarou","robots":{"index":"index","follow":"follow","max-snippet":"max-snippet:-1","max-image-preview":"max-image-preview:large","max-video-preview":"max-video-preview:-1"},"canonical":"https:\/\/www.stellakatsarou.gr\/en\/sarakenos-cave\/","og_locale":"en_US","og_type":"article","og_title":"Sarakenos Cave Sarakinos - Stella Katsarou","og_description":"[vc_row][vc_column][vc_single_image image=\u201d769\u2033 img_size=\u201dfull\u201d alignment=\u201dcenter\u201d][\/vc_column][vc_row][vc_row][vc_column width=\u201d1\/2\u2033][vc_column_text] Sarakenos does not represent a typical example of a Greek Neolithic cave hosting domestic, funerary, [&hellip;]","og_url":"https:\/\/www.stellakatsarou.gr\/en\/sarakenos-cave\/","og_site_name":"Stella Katsarou","article_publisher":"https:\/\/www.facebook.com\/stella.katsaroutzeveleki","article_modified_time":"2026-01-26T22:15:58+00:00","twitter_card":"summary_large_image","twitter_misc":{"Est. reading time":"3 minutes"},"schema":{"@context":"https:\/\/schema.org","@graph":[{"@type":"WebPage","@id":"https:\/\/www.stellakatsarou.gr\/en\/sarakenos-cave\/","url":"https:\/\/www.stellakatsarou.gr\/en\/sarakenos-cave\/","name":"Sarakenos Cave Sarakinos - Stella Katsarou","isPartOf":{"@id":"https:\/\/www.stellakatsarou.gr\/en\/#website"},"datePublished":"2017-04-08T14:22:35+00:00","dateModified":"2026-01-26T22:15:58+00:00","breadcrumb":{"@id":"https:\/\/www.stellakatsarou.gr\/en\/sarakenos-cave\/#breadcrumb"},"inLanguage":"en-US","potentialAction":[{"@type":"ReadAction","target":["https:\/\/www.stellakatsarou.gr\/en\/sarakenos-cave\/"]}]},{"@type":"BreadcrumbList","@id":"https:\/\/www.stellakatsarou.gr\/en\/sarakenos-cave\/#breadcrumb","itemListElement":[{"@type":"ListItem","position":1,"name":"Home","item":"https:\/\/www.stellakatsarou.gr\/en\/"},{"@type":"ListItem","position":2,"name":"Sarakenos Cave Sarakinos"}]},{"@type":"WebSite","@id":"https:\/\/www.stellakatsarou.gr\/en\/#website","url":"https:\/\/www.stellakatsarou.gr\/en\/","name":"Stella Katsarou","description":"Prehistoric Archaeology","potentialAction":[{"@type":"SearchAction","target":{"@type":"EntryPoint","urlTemplate":"https:\/\/www.stellakatsarou.gr\/en\/?s={search_term_string}"},"query-input":{"@type":"PropertyValueSpecification","valueRequired":true,"valueName":"search_term_string"}}],"inLanguage":"en-US"}]}},"_links":{"self":[{"href":"https:\/\/www.stellakatsarou.gr\/en\/wp-json\/wp\/v2\/pages\/55","targetHints":{"allow":["GET"]}}],"collection":[{"href":"https:\/\/www.stellakatsarou.gr\/en\/wp-json\/wp\/v2\/pages"}],"about":[{"href":"https:\/\/www.stellakatsarou.gr\/en\/wp-json\/wp\/v2\/types\/page"}],"author":[{"embeddable":true,"href":"https:\/\/www.stellakatsarou.gr\/en\/wp-json\/wp\/v2\/users\/1"}],"replies":[{"embeddable":true,"href":"https:\/\/www.stellakatsarou.gr\/en\/wp-json\/wp\/v2\/comments?post=55"}],"version-history":[{"count":45,"href":"https:\/\/www.stellakatsarou.gr\/en\/wp-json\/wp\/v2\/pages\/55\/revisions"}],"predecessor-version":[{"id":1190,"href":"https:\/\/www.stellakatsarou.gr\/en\/wp-json\/wp\/v2\/pages\/55\/revisions\/1190"}],"wp:attachment":[{"href":"https:\/\/www.stellakatsarou.gr\/en\/wp-json\/wp\/v2\/media?parent=55"}],"curies":[{"name":"wp","href":"https:\/\/api.w.org\/{rel}","templated":true}]}}