{"id":53,"date":"2017-04-08T17:22:28","date_gmt":"2017-04-08T14:22:28","guid":{"rendered":"https:\/\/www.stellakatsarou.gr\/en\/?page_id=53"},"modified":"2026-01-27T00:39:58","modified_gmt":"2026-01-26T22:39:58","slug":"cave-of-lakes","status":"publish","type":"page","link":"https:\/\/www.stellakatsarou.gr\/en\/cave-of-lakes\/","title":{"rendered":"Cave of Lakes"},"content":{"rendered":"<p>[vc_row][vc_column][vc_single_image image=\u201d1016\u2033 img_size=\u201dfull\u201d alignment=\u201dcenter\u201d]<h1 class=\"fac-big-title fac-title text-left\" style=\"color:#2a541e\">The Cave of Lakes at the highlands of the Peloponnese: prehistory and burials<\/h1>\n[\/vc_column][vc_row][vc_column width=\u201d5\/12\u2033][vc_media_grid element_width=\u201d6\u2033 initial_loading_animation=\u201dnone\u201d grid_id=\u201dvc_gid:1769376405793-1a99ff80-4812-2\u2033 include=\u201d1024,1025\u2033][vc_media_grid element_width=\u201d6\u2033 gap=\u201d10\u2033 initial_loading_animation=\u201dnone\u201d grid_id=\u201dvc_gid:1769376405795-51022fb8-1ff5-10\u2033 include=\u201d266,1026\u2033][vc_media_grid element_width=\u201d6\u2033 initial_loading_animation=\u201dnone\u201d grid_id=\u201dvc_gid:1769376405796-346b5a78-24fe-3\u2033 include=\u201d268,1023\u2033][\/vc_column][vc_column width=\u201d1\/2\u2033][vc_column_text]<\/p>\n<p data-start=\"149\" data-end=\"565\">The Cave of the Lakes, situated at an altitude of approximately 800 m on Mount Helmos in northeastern Peloponnese, hosted a short-lived Neolithic settlement at its natural entrance toward the end of the 5th millennium BC. This settlement effectively formed a small village extending around the cave entrance, while parts of the interior were also used for specific purposes (e.g. storage).<\/p>\n<p data-start=\"567\" data-end=\"994\">Prior to the 5th millennium BC, the area was unsuitable for habitation, as it was flooded by water flowing through the cave like a river. After the Neolithic period, the site was reused during the Early and Middle Bronze Age (3rd and 2nd millennia BC), with intervening occupational gaps. Among all prehistoric phases of use within the cave, the Neolithic occupation displays the greatest density, duration, and spatial extent.<\/p>\n<p data-start=\"996\" data-end=\"1612\">Most Neolithic vessels are coarse wares, predominantly dark brown in colour. The most common forms are bowls and deep open jars, which would have served the preparation and consumption of food, and possibly certain forms of food preservation. Painted pottery and vessels with polychrome surfaces are entirely absent. However, incised decoration is present and exhibits rare characteristics: lines, cross-hatched rectangles, and triangles were executed with extremely fine, barely visible incisions, especially on bowls. Typical plastic and cord-impressed decoration of the period is also present on deeper vessels.<\/p>\n<p data-start=\"1614\" data-end=\"1884\">Coarse pottery also characterizes the Bronze Age occupation of the cave. From the Middle Helladic period, vessels with grooves and a number of fine cups stand out. Toward the end of this period, an ossuary was established in a niche immediately inside the cave entrance.\u00a0The Cave of the Lakes is one of the very few caves in mainland Greece that combine high altitude with long-term prehistoric use. During the Neolithic, it was most likely used for systematic seasonal occupation by mobile groups\u2014probably pastoralists\u2014who spent the winter months in the lowlands of the Peloponnese. The presence of an open-air settlement of the later Bronze Age in close proximity to the cave, together with the establishment of the ossuary, may indicate that during this phase the cave\u2019s users originated from the immediate surrounding landscape.<\/p>\n<p>[\/vc_column_text][vc_column_text]<\/p>\n<hr \/>\n<p><span style=\"color: #333399\"><em>Excavation by the Ephorate of Paleoanthropology-Speleology<\/em><\/span>[\/vc_column_text][\/vc_column][\/vc_row][vc_column width=\u201d1\/3\u2033][vc_column_text]<\/p>\n<p>[\/vc_column_text][vc_column_text]<\/p>\n<hr \/>\n<p>[\/vc_column_text][\/vc_column][vc_row el_class=\u201ds2-project-read-more\u201d][vc_column width=\u201d2\/3\u2033][vc_column_text]2025<em>,\u00a0<\/em>S. Katsarou,\u00a0<a href=\"https:\/\/www.academia.edu\/146223557\/%CE%97_%CF%83%CF%85%CE%BC%CE%B2%CE%BF%CE%BB%CE%AE_%CF%84%CF%89%CE%BD_%CE%B1%CE%BD%CE%B1%CF%83%CE%BA%CE%B1%CF%86%CF%8E%CE%BD_%CF%83%CF%84%CE%B1_%CF%83%CF%80%CE%AE%CE%BB%CE%B1%CE%B9%CE%B1_%CF%83%CF%84%CE%B9%CF%82_%CE%B3%CE%BD%CF%8E%CF%83%CE%B5%CE%B9%CF%82_%CE%BC%CE%B1%CF%82_%CE%B3%CE%B9%CE%B1_%CF%84%CE%B7%CE%BD_%CE%B5%CE%BB%CE%BB%CE%B7%CE%BD%CE%B9%CE%BA%CE%AE_%CF%80%CF%81%CE%BF%CF%8A%CF%83%CF%84%CE%BF%CF%81%CE%AF%CE%B1_%CE%A0%CE%B5%CF%81%CE%AF%CE%BB%CE%B7%CF%88%CE%B7_Cave_excavations_and_their_contribution_to_the_understanding_of_Greek_prehistory_Abstract_\">Cave excavations and their contribution to understanding Greek prehistory,<\/a>\u00a0<em>Half a Century of Cave Protection and Research. Symposium Dedicated to the Memory of Evangelia Protonotariou-Deilaki, Athens, Epigraphic Museum, 9 October 2025<\/em>\u00a0<em>(Organizer: Ephorate of Palaeoanthropology-Speleology).\u00a0<\/em><span style=\"color: #808080\">[in Greek]<\/span><\/p>\n<p>2025, S. Katsarou<em>,<\/em> A. Darlas, <a href=\"https:\/\/www.academia.edu\/146194683\/Water_in_caves_Aspects_of_social_ecology_in_the_Bronze_Age_mainland_and_the_Aegean\">Water in caves. Aspects of social ecology in the Bronze Age mainland and the Aegean.<\/a> In: R. Laffineur, G-J. Wijngaarden, J.-P. Crielaard, J. Crouwel, J. Driessen, J. Hilditch (eds.), <em>HYDOR. Water Resources and Management in the Aegean Bronze Age. <\/em><em>Proceedings of the XXth International Aegean Conference,<\/em> <em>University of Amsterdam, 11-16 June 2024. <\/em>Li\u00e8ge. <em>Aegaeum<\/em> 50.<\/p>\n<p>2025, S. Katsarou, <a href=\"https:\/\/www.academia.edu\/146196858\/R%C3%A4tselhafte_H%C3%B6hlen_in_Griechenland_Wechselwirkungen_zwischen_Kultur_und_Natur_als_Herausforderungen_der_H%C3%B6hlenarch%C3%A4ologie\">R\u00e4tselhafte H\u00f6hlen in Griechenland. Wechselwirkungen zwischen Kultur und Natur als Herausforderungen der H\u00f6hlenarch\u00e4ologie<\/a>,<em>\u00a0Antike Welt <\/em>2, pp. 49-55.<\/p>\n<p>2024, S. Katsarou, A. Asterios, C. Kakasa, E. Ganiatsou, A. Souleles, L. Winkelbach, J. Blocher, J. Burger, C. Papageorgopoulou, <a href=\"https:\/\/www.academia.edu\/146204836\/The_Late_Bronze_Age_population_of_the_Cave_of_Lakes_Peloponnese_an_anthropological_palaeogenetic_and_palaeodietary_study_Abstract_\">The Late Bronze Age population of the Cave of Lakes, Peloponnese: an anthropological, palaeogenetic and palaeodietary study<\/a>, <em>8th ARCH_RNT SYMPOSIUM. Archaeological Research & New Technologies. In memoriam Nikolaos Zacharias. 3-5 October 2024 Kalamata, Greece. Special Session: Modern applications in Bioarchaeology<\/em>\u00a0<em>(Organizers: University of the Peloponnese, under the aegis: Hellenic Society for Archaeometry).<\/em><\/p>\n<p>2024, S. Katsarou, <a href=\"https:\/\/www.academia.edu\/146204138\/Water_in_caves_Aspects_of_social_ecology_in_the_Greek_Neolithic_and_the_Bronze_Age_Abstract_\">Water in caves: Aspects of social ecology in the Greek Neolithic and the Bronze Age,<\/a> <em>XXth International Aegean Conference, HYDOR: Water Resources and Management in the Aegean Bronze Age, Amsterdam, 12-16 June 2024 (Organizers: Aegaeum Conferences & University of Amsterdam).<\/em><\/p>\n<p>2024, S. Katsarou, <a href=\"https:\/\/www.academia.edu\/146197004\/%CE%A3%CF%80%CE%AE%CE%BB%CE%B1%CE%B9%CE%BF_%CE%9B%CE%B9%CE%BC%CE%BD%CF%8E%CE%BD_%CE%91%CF%86%CE%B9%CE%AD%CF%81%CF%89%CE%BC%CE%B1_Cave_of_Lakes_Special_Issue\">Cave of Lakes-Special Issue,<\/a> <em>Archaeology & Arts <\/em>145 (August 2024), pp. 122-144. <span style=\"color: #808080\">[in Greek]<\/span><\/p>\n<p>2023, S. Katsarou<strong><em>,<\/em><\/strong> <a href=\"https:\/\/www.academia.edu\/146199321\/%CE%A0%CF%81%CF%8C%CE%BB%CE%BF%CE%B3%CE%BF%CF%82_Prologue\">Prologue<\/a>. In: S. Eleftheriadou, <em>Using the Past to Build the Future: Archeology and Climate Change<\/em>. Municipality of Kalavrita-Cave of Lakes, pp. 12-25.\u00a0<span style=\"color: #808080\">[in Greek]<\/span><\/p>\n<p>2022, S. Katsarou, <a href=\"https:\/\/www.academia.edu\/95826953\/%CE%A3%CF%80%CE%AE%CE%BB%CE%B1%CE%B9%CE%BF_%CE%9B%CE%B9%CE%BC%CE%BD%CF%8E%CE%BD_%CE%88%CE%BD%CE%B1%CF%82_%CF%87%CF%8E%CF%81%CE%BF%CF%82_%CE%B4%CF%81%CE%B1%CF%83%CF%84%CE%B7%CF%81%CE%B9%CF%8C%CF%84%CE%B7%CF%84%CE%B1%CF%82_%CF%84%CE%BF%CF%85_%CE%B1%CE%BD%CE%B8%CF%81%CF%8E%CF%80%CE%BF%CF%85_%CF%84%CE%B7%CF%82_%CE%A0%CF%81%CE%BF%CF%8A%CF%83%CF%84%CE%BF%CF%81%CE%AF%CE%B1%CF%82_Cave_of_Lakes_A_Place_of_Human_Activity_in_Prehistory_in_Greek_and_English_\"><em>Cave of Lakes. A Place of Human Activity in Prehistory<\/em>.<\/a> Site Guide. Kalavrita. Municipal Public Benefit Enterprise of Kalavrita-Cave of Lakes.<\/p>\n<p>2021, S. Katsarou, <a href=\"https:\/\/www.academia.edu\/111847365\/The_art_of_carving_in_prehistoric_period\">The art of carving in prehistoric period.<\/a> In: <em>Engraving. From Prehistory to Present-Day Greece. Exhibition. 29 December 2021-28 February 2022, Athens, School of Fine Arts, Chamber of Fine Arts of Greece. Exhibition Catalogue<\/em>, pp. 13-15.<\/p>\n<p>2021, S. Katsarou, <a href=\"https:\/\/www.academia.edu\/95831066\/The_dawn_of_ancient_Greek_cave_cult_Prehistoric_cave_sanctuaries\">The dawn of ancient Greek cave cult: Prehistoric cave sanctuaries.<\/a> \u03a3\u03c4\u03bf: S. Katsarou, A. Nagel (eds.)<em>, <\/em><em>Cave and Worship in Ancient Greece. <\/em><em>New<\/em><em> Approaches to Landscape and Ritual<\/em>, pp. 17-48. London\/New York. Routledge. <a href=\"https:\/\/doi.org\/10.4324\/9781003015765-2\">https:\/\/doi.org\/10.4324\/9781003015765-2<\/a><\/p>\n<p>1998, A. Sampson, S. Katsarou, <a href=\"https:\/\/www.academia.edu\/26637464\/%CE%91%CE%BD%CE%B1%CF%83%CE%BA%CE%B1%CF%86%CE%AE_%CF%83%CF%84%CE%BF_%CF%83%CF%80%CE%AE%CE%BB%CE%B1%CE%B9%CE%BF_%CF%84%CF%89%CE%BD_%CE%9B%CE%B9%CE%BC%CE%BD%CF%8E%CE%BD_%CF%83%CF%84%CE%B1_%CE%9A%CE%B1%CF%83%CF%84%CF%81%CE%B9%CE%AC_%CE%9A%CE%B1%CE%BB%CE%B1%CE%B2%CF%81%CF%8D%CF%84%CF%89%CE%BD_%CE%BA%CE%B1%CF%84%CE%AC_%CF%84%CE%BF_%CE%AD%CF%84%CE%BF%CF%82_1992_Excavation_research_at_the_Cave_of_Lakes_Kastria_Kalavryta_in_the_year_1992\">Excavation at the cave of Lakes at Kastria, Kalavryta, in the year 1992.<\/a> In: <em>Man and Speleoenvironment. First National Speleological Conference, Athens, 26-29 November 1992, Proceedings, <\/em>pp. 63-68. Athens. Ministry of Culture. Publications of Archaiologikon Deltion 68. <span style=\"color: #808080\">[in Greek]<\/span><\/p>\n<p>1997, S. Katsarou, A. Sampson, <a href=\"https:\/\/www.academia.edu\/1516887\/%CE%A6%CE%AC%CF%83%CE%B5%CE%B9%CF%82_%CE%99_%CE%99%CE%99%CE%99_%CE%97_%CE%BD%CE%B5%CE%BF%CE%BB%CE%B9%CE%B8%CE%B9%CE%BA%CE%AE_%CE%BA%CE%B5%CF%81%CE%B1%CE%BC%CE%B5%CE%B9%CE%BA%CE%AE_Phases_I_III_The_Neolithic_pottery\">Phases I-III. The Neolithic pottery.<\/a> In: A. Sampson, <em>Cave of Lakes at Kastria of Kalavryta. <\/em><em>\u0391 Prehistoric Site in the Highlands of the Peloponnese<\/em>, pp. 77-273. Athens. Society for Peloponnesian Studies no 7. <span style=\"color: #808080\">[in Greek]<\/span><\/p>\n<p>1997, S. Katsarou, <a href=\"https:\/\/www.academia.edu\/26639177\/%CE%A6%CE%AC%CF%83%CE%B5%CE%B9%CF%82_%CE%99V_VII_%CE%97_%CE%BA%CE%B5%CF%81%CE%B1%CE%BC%CE%B5%CE%B9%CE%BA%CE%AE_%CF%84%CE%B7%CF%82_%CE%A7%CE%B1%CE%BB%CE%BA%CE%BF%CE%BA%CF%81%CE%B1%CF%84%CE%AF%CE%B1%CF%82_Phases_%CE%99V_VII_The_Bronze_Age_pottery\">Phases IV-VII. The Bronze Age pottery.<\/a> In: A. Sampson, <em>The Cave of Lakes at Kastria, Kalavryta. A Prehistoric Site in the Highlands of the Peloponnese,<\/em> pp. 275-319. Athens. Society for Peloponnesian Studies 7. <span style=\"color: #808080\">[in Greek]<\/span><\/p>\n<p>1996, A. Sampson, S. Katsarou, <a href=\"https:\/\/www.academia.edu\/1516906\/Excavations_at_the_Cave_of_Lakes_at_Kastria_of_Kalavryta_Peloponnese\">Excavations at the Cave of Lakes, at Kastria of Kalavryta, Peloponnese.<\/a> In: E. Alram-Stern, <em>Die \u00c4g\u00e4ische Fr\u00fchzeit. 2. Serie Forschungsbericht<\/em><em> 1975-1993. 1. Band: Das Neolithikum in Griechenland mit Ausname von Kreta und Zypern, <\/em>pp. 497-506. Wien. \u00d6sterreichische Akademie der Wissenschaften, Philosophisch-Historische Klasse.<\/p>\n<p>1992, A. Sampson, S. Katsarou, <a href=\"https:\/\/www.academia.edu\/146225666\/%CE%91%CE%BD%CE%B1%CF%83%CE%BA%CE%B1%CF%86%CE%B9%CE%BA%CE%AE_%CE%AD%CF%81%CE%B5%CF%85%CE%BD%CE%B1_%CF%83%CF%84%CE%BF_%CF%83%CF%80%CE%AE%CE%BB%CE%B1%CE%B9%CE%BF_%CF%84%CF%89%CE%BD_%CE%9B%CE%B9%CE%BC%CE%BD%CF%8E%CE%BD_%CE%BA%CE%B1%CF%84%CE%AC_%CF%84%CE%BF_%CE%AD%CF%84%CE%BF%CF%82_1992_%CE%A0%CE%B5%CF%81%CE%AF%CE%BB%CE%B7%CF%88%CE%B7_Excavation_at_the_cave_of_Lakes_Kastria_Kalavryta_in_the_year_1992_Abstract_\">Excavation at the cave of Lakes, Kastria, Kalavryta, in the year 1992<\/a>, <em>Man and Speleoenvironment. First Greek Speleological Conference, Athens, 26-29 November 1992 (Organizer: Ephorate of Palaeoanthropology-Speleology & ICOM-Greek Section).<\/em><em>\u00a0<\/em><span style=\"color: #808080\">[in Greek]<\/span><\/p>\n<p>1989, S. Katsarou, A. Sampson, <a href=\"https:\/\/www.academia.edu\/1516896\/%CE%97_%CE%B1%CE%BD%CE%B1%CF%83%CE%BA%CE%B1%CF%86%CE%B9%CE%BA%CE%AE_%CE%AD%CF%81%CE%B5%CF%85%CE%BD%CE%B1_%CF%83%CF%84%CE%BF_%CF%83%CF%80%CE%AE%CE%BB%CE%B1%CE%B9%CE%BF_%CF%84%CF%89%CE%BD_%CE%9B%CE%B9%CE%BC%CE%BD%CF%8E%CE%BD_%CF%83%CF%84%CE%B1_%CE%9A%CE%B1%CF%83%CF%84%CF%81%CE%B9%CE%AC_%CE%9A%CE%B1%CE%BB%CE%B1%CE%B2%CF%81%CF%8D%CF%84%CF%89%CE%BD_Excavation_at_the_cave_of_Lakes_Kastria_Kalavryta\">Excavation in the cave of Lakes, Kastria, Kalavryta,<\/a><em> Athens Annals of Archaeology <\/em>22 (publ. 1995), pp. 161-170. <span style=\"color: #808080\">[in Greek]<\/span>[\/vc_column_text][\/vc_column][\/vc_row]<\/p>\n","protected":false},"excerpt":{"rendered":"<p>[vc_row][vc_column][vc_single_image image=\u201d1016\u2033 img_size=\u201dfull\u201d alignment=\u201dcenter\u201d][\/vc_column][vc_row][vc_column width=\u201d5\/12\u2033][vc_media_grid element_width=\u201d6\u2033 initial_loading_animation=\u201dnone\u201d grid_id=\u201dvc_gid:1769376405793-1a99ff80-4812-2\u2033 include=\u201d1024,1025\u2033][vc_media_grid element_width=\u201d6\u2033 gap=\u201d10\u2033 initial_loading_animation=\u201dnone\u201d grid_id=\u201dvc_gid:1769376405795-51022fb8-1ff5-10\u2033 include=\u201d266,1026\u2033][vc_media_grid element_width=\u201d6\u2033 initial_loading_animation=\u201dnone\u201d grid_id=\u201dvc_gid:1769376405796-346b5a78-24fe-3\u2033 include=\u201d268,1023\u2033][\/vc_column][vc_column width=\u201d1\/2\u2033][vc_column_text] The [&hellip;]<\/p>\n","protected":false},"author":1,"featured_media":0,"parent":0,"menu_order":0,"comment_status":"closed","ping_status":"closed","template":"page-pagebuilder.php","meta":{"footnotes":""},"class_list":["post-53","page","type-page","status-publish","hentry"],"yoast_head":"<!-- This site is optimized with the Yoast SEO plugin v27.6 - https:\/\/yoast.com\/product\/yoast-seo-wordpress\/ -->\n<title>Cave of Lakes - Stella Katsarou<\/title>\n<meta name=\"robots\" content=\"index, follow, max-snippet:-1, max-image-preview:large, max-video-preview:-1\" \/>\n<link rel=\"canonical\" href=\"https:\/\/www.stellakatsarou.gr\/en\/cave-of-lakes\/\" \/>\n<meta property=\"og:locale\" content=\"en_US\" \/>\n<meta property=\"og:type\" content=\"article\" \/>\n<meta property=\"og:title\" content=\"Cave of Lakes - Stella Katsarou\" \/>\n<meta property=\"og:description\" content=\"[vc_row][vc_column][vc_single_image image=\u201d1016\u2033 img_size=\u201dfull\u201d alignment=\u201dcenter\u201d][\/vc_column][vc_row][vc_column width=\u201d5\/12\u2033][vc_media_grid element_width=\u201d6\u2033 initial_loading_animation=\u201dnone\u201d grid_id=\u201dvc_gid:1769376405793-1a99ff80-4812-2\u2033 include=\u201d1024,1025\u2033][vc_media_grid element_width=\u201d6\u2033 gap=\u201d10\u2033 initial_loading_animation=\u201dnone\u201d grid_id=\u201dvc_gid:1769376405795-51022fb8-1ff5-10\u2033 include=\u201d266,1026\u2033][vc_media_grid element_width=\u201d6\u2033 initial_loading_animation=\u201dnone\u201d grid_id=\u201dvc_gid:1769376405796-346b5a78-24fe-3\u2033 include=\u201d268,1023\u2033][\/vc_column][vc_column width=\u201d1\/2\u2033][vc_column_text] The [&hellip;]\" \/>\n<meta property=\"og:url\" content=\"https:\/\/www.stellakatsarou.gr\/en\/cave-of-lakes\/\" \/>\n<meta property=\"og:site_name\" content=\"Stella Katsarou\" \/>\n<meta property=\"article:publisher\" content=\"https:\/\/www.facebook.com\/stella.katsaroutzeveleki\" \/>\n<meta property=\"article:modified_time\" content=\"2026-01-26T22:39:58+00:00\" \/>\n<meta name=\"twitter:card\" content=\"summary_large_image\" \/>\n<meta name=\"twitter:label1\" content=\"Est. reading time\" \/>\n\t<meta name=\"twitter:data1\" content=\"5 minutes\" \/>\n<script type=\"application\/ld+json\" class=\"yoast-schema-graph\">{\"@context\":\"https:\\\/\\\/schema.org\",\"@graph\":[{\"@type\":\"WebPage\",\"@id\":\"https:\\\/\\\/www.stellakatsarou.gr\\\/en\\\/cave-of-lakes\\\/\",\"url\":\"https:\\\/\\\/www.stellakatsarou.gr\\\/en\\\/cave-of-lakes\\\/\",\"name\":\"Cave of Lakes - Stella Katsarou\",\"isPartOf\":{\"@id\":\"https:\\\/\\\/www.stellakatsarou.gr\\\/en\\\/#website\"},\"datePublished\":\"2017-04-08T14:22:28+00:00\",\"dateModified\":\"2026-01-26T22:39:58+00:00\",\"breadcrumb\":{\"@id\":\"https:\\\/\\\/www.stellakatsarou.gr\\\/en\\\/cave-of-lakes\\\/#breadcrumb\"},\"inLanguage\":\"en-US\",\"potentialAction\":[{\"@type\":\"ReadAction\",\"target\":[\"https:\\\/\\\/www.stellakatsarou.gr\\\/en\\\/cave-of-lakes\\\/\"]}]},{\"@type\":\"BreadcrumbList\",\"@id\":\"https:\\\/\\\/www.stellakatsarou.gr\\\/en\\\/cave-of-lakes\\\/#breadcrumb\",\"itemListElement\":[{\"@type\":\"ListItem\",\"position\":1,\"name\":\"Home\",\"item\":\"https:\\\/\\\/www.stellakatsarou.gr\\\/en\\\/\"},{\"@type\":\"ListItem\",\"position\":2,\"name\":\"Cave of Lakes\"}]},{\"@type\":\"WebSite\",\"@id\":\"https:\\\/\\\/www.stellakatsarou.gr\\\/en\\\/#website\",\"url\":\"https:\\\/\\\/www.stellakatsarou.gr\\\/en\\\/\",\"name\":\"Stella Katsarou\",\"description\":\"Prehistoric Archaeology\",\"potentialAction\":[{\"@type\":\"SearchAction\",\"target\":{\"@type\":\"EntryPoint\",\"urlTemplate\":\"https:\\\/\\\/www.stellakatsarou.gr\\\/en\\\/?s={search_term_string}\"},\"query-input\":{\"@type\":\"PropertyValueSpecification\",\"valueRequired\":true,\"valueName\":\"search_term_string\"}}],\"inLanguage\":\"en-US\"}]}<\/script>\n<!-- \/ Yoast SEO plugin. -->","yoast_head_json":{"title":"Cave of Lakes - Stella Katsarou","robots":{"index":"index","follow":"follow","max-snippet":"max-snippet:-1","max-image-preview":"max-image-preview:large","max-video-preview":"max-video-preview:-1"},"canonical":"https:\/\/www.stellakatsarou.gr\/en\/cave-of-lakes\/","og_locale":"en_US","og_type":"article","og_title":"Cave of Lakes - Stella Katsarou","og_description":"[vc_row][vc_column][vc_single_image image=\u201d1016\u2033 img_size=\u201dfull\u201d alignment=\u201dcenter\u201d][\/vc_column][vc_row][vc_column width=\u201d5\/12\u2033][vc_media_grid element_width=\u201d6\u2033 initial_loading_animation=\u201dnone\u201d grid_id=\u201dvc_gid:1769376405793-1a99ff80-4812-2\u2033 include=\u201d1024,1025\u2033][vc_media_grid element_width=\u201d6\u2033 gap=\u201d10\u2033 initial_loading_animation=\u201dnone\u201d grid_id=\u201dvc_gid:1769376405795-51022fb8-1ff5-10\u2033 include=\u201d266,1026\u2033][vc_media_grid element_width=\u201d6\u2033 initial_loading_animation=\u201dnone\u201d grid_id=\u201dvc_gid:1769376405796-346b5a78-24fe-3\u2033 include=\u201d268,1023\u2033][\/vc_column][vc_column width=\u201d1\/2\u2033][vc_column_text] The [&hellip;]","og_url":"https:\/\/www.stellakatsarou.gr\/en\/cave-of-lakes\/","og_site_name":"Stella Katsarou","article_publisher":"https:\/\/www.facebook.com\/stella.katsaroutzeveleki","article_modified_time":"2026-01-26T22:39:58+00:00","twitter_card":"summary_large_image","twitter_misc":{"Est. reading time":"5 minutes"},"schema":{"@context":"https:\/\/schema.org","@graph":[{"@type":"WebPage","@id":"https:\/\/www.stellakatsarou.gr\/en\/cave-of-lakes\/","url":"https:\/\/www.stellakatsarou.gr\/en\/cave-of-lakes\/","name":"Cave of Lakes - Stella Katsarou","isPartOf":{"@id":"https:\/\/www.stellakatsarou.gr\/en\/#website"},"datePublished":"2017-04-08T14:22:28+00:00","dateModified":"2026-01-26T22:39:58+00:00","breadcrumb":{"@id":"https:\/\/www.stellakatsarou.gr\/en\/cave-of-lakes\/#breadcrumb"},"inLanguage":"en-US","potentialAction":[{"@type":"ReadAction","target":["https:\/\/www.stellakatsarou.gr\/en\/cave-of-lakes\/"]}]},{"@type":"BreadcrumbList","@id":"https:\/\/www.stellakatsarou.gr\/en\/cave-of-lakes\/#breadcrumb","itemListElement":[{"@type":"ListItem","position":1,"name":"Home","item":"https:\/\/www.stellakatsarou.gr\/en\/"},{"@type":"ListItem","position":2,"name":"Cave of Lakes"}]},{"@type":"WebSite","@id":"https:\/\/www.stellakatsarou.gr\/en\/#website","url":"https:\/\/www.stellakatsarou.gr\/en\/","name":"Stella Katsarou","description":"Prehistoric Archaeology","potentialAction":[{"@type":"SearchAction","target":{"@type":"EntryPoint","urlTemplate":"https:\/\/www.stellakatsarou.gr\/en\/?s={search_term_string}"},"query-input":{"@type":"PropertyValueSpecification","valueRequired":true,"valueName":"search_term_string"}}],"inLanguage":"en-US"}]}},"_links":{"self":[{"href":"https:\/\/www.stellakatsarou.gr\/en\/wp-json\/wp\/v2\/pages\/53","targetHints":{"allow":["GET"]}}],"collection":[{"href":"https:\/\/www.stellakatsarou.gr\/en\/wp-json\/wp\/v2\/pages"}],"about":[{"href":"https:\/\/www.stellakatsarou.gr\/en\/wp-json\/wp\/v2\/types\/page"}],"author":[{"embeddable":true,"href":"https:\/\/www.stellakatsarou.gr\/en\/wp-json\/wp\/v2\/users\/1"}],"replies":[{"embeddable":true,"href":"https:\/\/www.stellakatsarou.gr\/en\/wp-json\/wp\/v2\/comments?post=53"}],"version-history":[{"count":39,"href":"https:\/\/www.stellakatsarou.gr\/en\/wp-json\/wp\/v2\/pages\/53\/revisions"}],"predecessor-version":[{"id":1205,"href":"https:\/\/www.stellakatsarou.gr\/en\/wp-json\/wp\/v2\/pages\/53\/revisions\/1205"}],"wp:attachment":[{"href":"https:\/\/www.stellakatsarou.gr\/en\/wp-json\/wp\/v2\/media?parent=53"}],"curies":[{"name":"wp","href":"https:\/\/api.w.org\/{rel}","templated":true}]}}