{"id":52,"date":"2017-04-08T17:22:24","date_gmt":"2017-04-08T14:22:24","guid":{"rendered":"https:\/\/www.stellakatsarou.gr\/en\/?page_id=52"},"modified":"2026-01-26T03:45:52","modified_gmt":"2026-01-26T01:45:52","slug":"alepotrypa-cave","status":"publish","type":"page","link":"https:\/\/www.stellakatsarou.gr\/en\/alepotrypa-cave\/","title":{"rendered":"Alepotrypa Cave"},"content":{"rendered":"<p>[vc_row][vc_column][vc_single_image image=&#8221;757&#8243; img_size=&#8221;full&#8221;]<h1 class=\"fac-big-title fac-title text-left\" style=\"color:#0a316b\">Neolithic burials and vessels in Alepotrypa and the caves of Mani<\/h1>\n[\/vc_column][vc_column width=&#8221;7\/12&#8243;][vc_column_text]<\/p>\n<p data-start=\"175\" data-end=\"809\">The Neolithic ossuaries in Alepotrypa cave, at Diros in Mani, have brought to light remains from numerous human burials accompanied by ceramic assemblages. The earliest pottery in the cave, dating to the end of the 7th millennium BC, was found in one of these burial contexts. In a second ossuary, remains of large fragments coming from domestic vessels were lying alongside human skulls and skeletal remains in secondary deposition. The skeletal remains were likely not entirely buried in soil but exposed. Some skulls and bones were placed inside broken bases of ceramic vessels.<\/p>\n<p data-start=\"811\" data-end=\"1174\">The vessels are mostly coarse wares, some decorated with applied relief bands. They may have contained food offerings or been associated with funerary meals consumed during repeated ritual visits. Intentional breaking of vessels on site is also a plausible interpretation. The maintenance of an ossuary within the cave may represent a symbolic claim of \u201cownership,\u201d possibly within a context of competition between different social groups.<\/p>\n<p data-start=\"1176\" data-end=\"1616\">Many caves along the same Mani coastline contain burial remains, in effect creating small-scale versions of Alepotrypa. Burials are often double or multiple, with complex funerary practices regarding the positioning of the dead. The assemblages accompanying the dead frequently have a domestic character\u2014storage jars, food remains, tools\u2014arranged in depositional clusters. This composition may reflect beliefs in an afterlife, for which a symbolic household had to be established and maintained.<\/p>\n<p>[\/vc_column_text][vc_column_text]<\/p>\n<hr \/>\n<p><span style=\"color: #333399\"><em>Research program by the Ephorate of Palaeoanthropology\u2013Speleology<\/em><\/span>[\/vc_column_text][vc_media_grid element_width=&#8221;3&#8243; gap=&#8221;10&#8243; grid_id=&#8221;vc_gid:1769391901063-5a576ca7-18ab-5&#8243; include=&#8221;106,107,108,109&#8243;][\/vc_column][vc_column width=&#8221;1\/3&#8243;][vc_single_image image=&#8221;110&#8243; img_size=&#8221;large&#8221;][\/vc_column][\/vc_row][vc_row el_class=&#8221;s2-project-read-more&#8221;][vc_column width=&#8221;7\/12&#8243;][vc_column_text]2025, S. Katsarou<em>,<\/em> A. Darlas, <a href=\"https:\/\/www.academia.edu\/146194683\/Water_in_caves_Aspects_of_social_ecology_in_the_Bronze_Age_mainland_and_the_Aegean\">Water in caves. Aspects of social ecology in the Bronze Age mainland and the Aegean.<\/a> In: R. Laffineur, G-J. Wijngaarden, J.-P. Crielaard, J. Crouwel, J. Driessen, J. Hilditch (ed.), <em>HYDOR. Water Resources and Management in the Aegean Bronze Age. <\/em><em>Proceedings of the XXth International Aegean Conference,<\/em> <em>University of Amsterdam, 11-16 June 2024. <\/em>Li\u00e8ge. <em>Aegaeum<\/em> 50.<\/p>\n<p>2025, S. Katsarou, Ritual journeys t\u03bf caves during the Greek Neolithic: an integrated perspective of rituals, voyaging and caves, <em>Acta Archaeologica <\/em>95(2), pp. 262-282. <a href=\"https:\/\/doi.org\/10.1163\/16000390-09501001\">https:\/\/doi.org\/10.1163\/16000390-09501001<\/a><\/p>\n<p>2025, S. Katsarou, <a href=\"https:\/\/www.academia.edu\/146196858\/R%C3%A4tselhafte_H%C3%B6hlen_in_Griechenland_Wechselwirkungen_zwischen_Kultur_und_Natur_als_Herausforderungen_der_H%C3%B6hlenarch%C3%A4ologie\">R\u00e4tselhafte H\u00f6hlen in Griechenland. Wechselwirkungen zwischen Kultur und Natur als Herausforderungen der H\u00f6hlenarch\u00e4ologie,<\/a><em>\u00a0Antike Welt <\/em>2, pp. 49-55.<\/p>\n<p>2025, S. Katsarou, <a href=\"https:\/\/www.academia.edu\/146223557\/%CE%97_%CF%83%CF%85%CE%BC%CE%B2%CE%BF%CE%BB%CE%AE_%CF%84%CF%89%CE%BD_%CE%B1%CE%BD%CE%B1%CF%83%CE%BA%CE%B1%CF%86%CF%8E%CE%BD_%CF%83%CF%84%CE%B1_%CF%83%CF%80%CE%AE%CE%BB%CE%B1%CE%B9%CE%B1_%CF%83%CF%84%CE%B9%CF%82_%CE%B3%CE%BD%CF%8E%CF%83%CE%B5%CE%B9%CF%82_%CE%BC%CE%B1%CF%82_%CE%B3%CE%B9%CE%B1_%CF%84%CE%B7%CE%BD_%CE%B5%CE%BB%CE%BB%CE%B7%CE%BD%CE%B9%CE%BA%CE%AE_%CF%80%CF%81%CE%BF%CF%8A%CF%83%CF%84%CE%BF%CF%81%CE%AF%CE%B1_%CE%A0%CE%B5%CF%81%CE%AF%CE%BB%CE%B7%CF%88%CE%B7_Cave_excavations_and_their_contribution_to_the_understanding_of_Greek_prehistory_Abstract_\">Cave excavations and their contribution to the understanding of Greek prehistory, <\/a><em>Half a Century of Cave Protection and Research. Symposium Dedicated to the Memory of Evangelia Protonotariou-Deilaki, Athens, Epigraphic Museum, 9 October 2025 (Organizer: Ephorate of Palaeoanthropology-Speleology). <\/em><span style=\"color: #808080\">[in Greek]<\/span><\/p>\n<p>2024, S. Katsarou, A. Darlas, <a href=\"https:\/\/www.academia.edu\/146199069\/%CE%9D%CE%B5%CE%BF%CE%BB%CE%B9%CE%B8%CE%B9%CE%BA%CE%BF%CE%AF_%CF%80%CE%BB%CE%B7%CE%B8%CF%85%CF%83%CE%BC%CE%BF%CE%AF_%CF%83%CF%84%CE%B1_%CF%83%CF%80%CE%AE%CE%BB%CE%B1%CE%B9%CE%B1_%CF%84%CE%B7%CF%82_%CE%9C%CE%AC%CE%BD%CE%B7%CF%82_Neolithic_populations_in_the_Mani\">Neolithic populations in the Mani,<\/a> <em>Archaeology &amp; Arts <\/em>144 (April 2024), pp.\u00a049-59.<\/p>\n<p>2024, S. Katsarou, <a href=\"https:\/\/www.academia.edu\/146194683\/Water_in_caves_Aspects_of_social_ecology_in_the_Bronze_Age_mainland_and_the_Aegean\">Water in caves: Aspects of social ecology in the Greek Neolithic and the Bronze Age,<\/a> <em>XXth International Aegean Conference, HYDOR: Water Resources and Management in the Aegean Bronze Age, Amsterdam, 12-16 June 2024 (Organizers: Aegaeum Conferences &amp; University of Amsterdam).<\/em><\/p>\n<p>2023, S. Katsarou, A. Darlas, <a href=\"https:\/\/www.academia.edu\/146205509\/The_biography_of_a_Neolithic_storage_jar_in_Laconia_Greece_Abstract_\">The biography of a Neolithic storage jar in Laconia, Greece<\/a>, <em>EAA 2023, Belfast, 30 August-2 September 2023, Weaving Narratives:<\/em> <em>Session 237: Pottery Beyond Typology. Prehistoric Vessel Biographies in the Domestic Sphere (Organizers: J. Pyzel, L. Gomart, H. St\u00e4uble).<\/em><\/p>\n<p>2023, S. Katsarou<em>,<\/em> A. Darlas, <a href=\"https:\/\/www.academia.edu\/95937786\/The_expansion_of_mortuary_behaviour_and_rites_across_the_coastal_caves_of_the_Mani_peninsula_Laconia_during_the_Final_Neolithic_Evidence_from_the_burial_sites_of_Skoini_3_and_Skoini_4\">The expansion of mortuary behaviour and rites across the coastal caves of the Mani peninsula, Laconia, during the Final Neolithic: Evidence from the burial sites of Skoini 3 and Skoini 4<em>. <\/em><\/a>In: D. M. Smith, W. G. Cavanagh, A. Papadopoulos (eds.), <em>The Wider Island of Pelops<\/em>.<em> Studies on Prehistoric Aegean Pottery in Honour of Professor Christopher Mee<\/em>, pp. 124-150. Oxford. Archaeopress Archaeology. <a href=\"https:\/\/doi.org\/10.2307\/jj.1176854.17\">https:\/\/doi.org\/10.2307\/jj.1176854.17<\/a><\/p>\n<p>2022, S. Katsarou, \u201cLindsey B\u00fcster, Eug\u00e8ne Warmenbol and Dimitrij Mleku\u017e, eds. Between Worlds: Understanding Ritual Cave Use in Later Prehistory (Cham: Springer, 2019, 270pp., 17 b\/w illustr., 85 colour illustr., hbk, ISBN 978-3-319-99021-7),\u201d\u00a0<em>European Journal of Archaeology<\/em>\u00a02<em>5<\/em>(2), pp. 262-266. Review. <a href=\"https:\/\/doi.org\/10.1017\/eaa.2022.8\">https:\/\/doi.org\/10.1017\/eaa.2022.8<\/a><\/p>\n<p>2021, S. Katsarou, <a href=\"https:\/\/www.academia.edu\/95831066\/The_dawn_of_ancient_Greek_cave_cult_Prehistoric_cave_sanctuaries\">The dawn of ancient Greek cave cult: Prehistoric cave sanctuaries.<\/a> In: S. Katsarou, A. Nagel (eds.), <em>Cave and Worship in Ancient Greece. <\/em><em>New Approaches to Landscape and Ritual<\/em>, pp. 17-48. London\/New York. Routledge. <a href=\"https:\/\/doi.org\/10.4324\/9781003015765-1\">https:\/\/doi.org\/10.4324\/9781003015765-2<\/a><\/p>\n<p>2018, S. Katsarou, <a href=\"https:\/\/www.academia.edu\/76611604\/When_do_the_dead_become_dead_Mortuary_projects_from_Ossuaries_I_and_II_Alepotrypa_Cave\">When do the dead become dead? Mortuary projects from Ossuaries I and II, Cave Alepotrypa.<\/a> In: A. Papathanasiou, W. Parkinson, D.J. Pullen, M. Galaty, P. Karkanas (\u03b5\u03c0\u03b9\u03bc.), <em>Neolithic Alepotrypa Cave in the Mani, Greece. In Honor of George Papathanassopoulos<\/em>, pp. 91-126. Oxford. Oxbow. <a href=\"https:\/\/doi.org\/10.2307\/j.ctvh1dk9q.13\">https:\/\/doi.org\/10.2307\/j.ctvh1dk9q.13<\/a><\/p>\n<p>2017, S. Katsarou<em>,<\/em> A. Darlas, <a href=\"https:\/\/www.academia.edu\/146204329\/New_evidence_on_Neolithic_burial_and_occupation_practices_in_the_caves_of_the_Mani_coast_Laconia\">New evidence on Neolithic\u00a0burial and occupation practices\u00a0in\u00a0the caves\u00a0of the\u00a0Mani coast, Laconia\u200b,<\/a> <em>The Wider Island of Pelops. <\/em><em>A Workshop on Prehistoric Pottery in Memory of Professor Christopher Mee,<\/em><em> Athens, <\/em><em>BSA, Upper House,<\/em> <em>16-17 September 2017<\/em> <em>(Organizer: <\/em><em>British School at Athens<\/em>).<\/p>\n<p>2016, S. Katsarou, <a href=\"https:\/\/www.academia.edu\/26629510\/The_Diros_Alepotrypa_Greece_Ossuaries_Performances_of_memory_in_front_of_the_dead_Abstract_\">The Diros, Alepotrypa, Greece, Ossuaries: Performances of memory in front of the dead<\/a>, <em>AIA San Francisco, 6-9 January 2016. Session: The Neolithic Diros (Organizers:<\/em> <em>A. Papathanasiou, M. Galaty, P. Karkanas, W. Parkinson, D. Pullen).<\/em><\/p>\n<p>2013, A. Papathanasiou, P. Karkanas, G. Papathanassopoulos, S. Katsarou, G. Valvis, K. Psimogiannou, <a href=\"https:\/\/www.academia.edu\/96438771\/Alepotrypa_Cave_Diros_6_000_3_500_BC_New_evidence_sheds_new_light_on_the_excavated_material_Abstract_\">Alepotrypa\u00a0Cave, Diros, 6000-3500 BC: New evidence shed new light on the excavated material<\/a>, <em>Communities in Transition<\/em><em>.<\/em><em> The Circum-Aegean Later Neolithic Stages (ca. 5,000\/4,800-3,200\/3,000 BC).<\/em><em> International Conference at the Acropolis Museum, Athens, 7-9 June, 2013 <\/em><em>(<\/em><em>Organizer<\/em><em>: The Danish Institute at Athens<\/em><em>).<\/em>[\/vc_column_text][\/vc_column][\/vc_row]<\/p>\n","protected":false},"excerpt":{"rendered":"<p>[vc_row][vc_column][vc_single_image image=&#8221;757&#8243; img_size=&#8221;full&#8221;][\/vc_column][vc_column width=&#8221;7\/12&#8243;][vc_column_text] The Neolithic ossuaries in Alepotrypa cave, at Diros in Mani, have brought to light remains from [&hellip;]<\/p>\n","protected":false},"author":1,"featured_media":0,"parent":0,"menu_order":0,"comment_status":"closed","ping_status":"closed","template":"page-pagebuilder.php","meta":{"footnotes":""},"class_list":["post-52","page","type-page","status-publish","hentry"],"yoast_head":"<!-- This site is optimized with the Yoast SEO plugin v27.4 - https:\/\/yoast.com\/product\/yoast-seo-wordpress\/ -->\n<title>Alepotrypa Cave - Stella Katsarou<\/title>\n<meta name=\"robots\" content=\"index, follow, max-snippet:-1, max-image-preview:large, max-video-preview:-1\" \/>\n<link rel=\"canonical\" href=\"https:\/\/www.stellakatsarou.gr\/en\/alepotrypa-cave\/\" \/>\n<meta property=\"og:locale\" content=\"en_US\" \/>\n<meta property=\"og:type\" content=\"article\" \/>\n<meta property=\"og:title\" content=\"Alepotrypa Cave - Stella Katsarou\" \/>\n<meta property=\"og:description\" content=\"[vc_row][vc_column][vc_single_image image=&#8221;757&#8243; img_size=&#8221;full&#8221;][\/vc_column][vc_column width=&#8221;7\/12&#8243;][vc_column_text] The Neolithic ossuaries in Alepotrypa cave, at Diros in Mani, have brought to light remains from [&hellip;]\" \/>\n<meta property=\"og:url\" content=\"https:\/\/www.stellakatsarou.gr\/en\/alepotrypa-cave\/\" \/>\n<meta property=\"og:site_name\" content=\"Stella Katsarou\" \/>\n<meta property=\"article:publisher\" content=\"https:\/\/www.facebook.com\/stella.katsaroutzeveleki\" \/>\n<meta property=\"article:modified_time\" content=\"2026-01-26T01:45:52+00:00\" \/>\n<meta name=\"twitter:card\" content=\"summary_large_image\" \/>\n<meta name=\"twitter:label1\" content=\"Est. reading time\" \/>\n\t<meta name=\"twitter:data1\" content=\"5 minutes\" \/>\n<script type=\"application\/ld+json\" class=\"yoast-schema-graph\">{\"@context\":\"https:\\\/\\\/schema.org\",\"@graph\":[{\"@type\":\"WebPage\",\"@id\":\"https:\\\/\\\/www.stellakatsarou.gr\\\/en\\\/alepotrypa-cave\\\/\",\"url\":\"https:\\\/\\\/www.stellakatsarou.gr\\\/en\\\/alepotrypa-cave\\\/\",\"name\":\"Alepotrypa Cave - Stella Katsarou\",\"isPartOf\":{\"@id\":\"https:\\\/\\\/www.stellakatsarou.gr\\\/en\\\/#website\"},\"datePublished\":\"2017-04-08T14:22:24+00:00\",\"dateModified\":\"2026-01-26T01:45:52+00:00\",\"breadcrumb\":{\"@id\":\"https:\\\/\\\/www.stellakatsarou.gr\\\/en\\\/alepotrypa-cave\\\/#breadcrumb\"},\"inLanguage\":\"en-US\",\"potentialAction\":[{\"@type\":\"ReadAction\",\"target\":[\"https:\\\/\\\/www.stellakatsarou.gr\\\/en\\\/alepotrypa-cave\\\/\"]}]},{\"@type\":\"BreadcrumbList\",\"@id\":\"https:\\\/\\\/www.stellakatsarou.gr\\\/en\\\/alepotrypa-cave\\\/#breadcrumb\",\"itemListElement\":[{\"@type\":\"ListItem\",\"position\":1,\"name\":\"Home\",\"item\":\"https:\\\/\\\/www.stellakatsarou.gr\\\/en\\\/\"},{\"@type\":\"ListItem\",\"position\":2,\"name\":\"Alepotrypa Cave\"}]},{\"@type\":\"WebSite\",\"@id\":\"https:\\\/\\\/www.stellakatsarou.gr\\\/en\\\/#website\",\"url\":\"https:\\\/\\\/www.stellakatsarou.gr\\\/en\\\/\",\"name\":\"Stella Katsarou\",\"description\":\"Prehistoric Archaeology\",\"potentialAction\":[{\"@type\":\"SearchAction\",\"target\":{\"@type\":\"EntryPoint\",\"urlTemplate\":\"https:\\\/\\\/www.stellakatsarou.gr\\\/en\\\/?s={search_term_string}\"},\"query-input\":{\"@type\":\"PropertyValueSpecification\",\"valueRequired\":true,\"valueName\":\"search_term_string\"}}],\"inLanguage\":\"en-US\"}]}<\/script>\n<!-- \/ Yoast SEO plugin. -->","yoast_head_json":{"title":"Alepotrypa Cave - Stella Katsarou","robots":{"index":"index","follow":"follow","max-snippet":"max-snippet:-1","max-image-preview":"max-image-preview:large","max-video-preview":"max-video-preview:-1"},"canonical":"https:\/\/www.stellakatsarou.gr\/en\/alepotrypa-cave\/","og_locale":"en_US","og_type":"article","og_title":"Alepotrypa Cave - Stella Katsarou","og_description":"[vc_row][vc_column][vc_single_image image=&#8221;757&#8243; img_size=&#8221;full&#8221;][\/vc_column][vc_column width=&#8221;7\/12&#8243;][vc_column_text] The Neolithic ossuaries in Alepotrypa cave, at Diros in Mani, have brought to light remains from [&hellip;]","og_url":"https:\/\/www.stellakatsarou.gr\/en\/alepotrypa-cave\/","og_site_name":"Stella Katsarou","article_publisher":"https:\/\/www.facebook.com\/stella.katsaroutzeveleki","article_modified_time":"2026-01-26T01:45:52+00:00","twitter_card":"summary_large_image","twitter_misc":{"Est. reading time":"5 minutes"},"schema":{"@context":"https:\/\/schema.org","@graph":[{"@type":"WebPage","@id":"https:\/\/www.stellakatsarou.gr\/en\/alepotrypa-cave\/","url":"https:\/\/www.stellakatsarou.gr\/en\/alepotrypa-cave\/","name":"Alepotrypa Cave - Stella Katsarou","isPartOf":{"@id":"https:\/\/www.stellakatsarou.gr\/en\/#website"},"datePublished":"2017-04-08T14:22:24+00:00","dateModified":"2026-01-26T01:45:52+00:00","breadcrumb":{"@id":"https:\/\/www.stellakatsarou.gr\/en\/alepotrypa-cave\/#breadcrumb"},"inLanguage":"en-US","potentialAction":[{"@type":"ReadAction","target":["https:\/\/www.stellakatsarou.gr\/en\/alepotrypa-cave\/"]}]},{"@type":"BreadcrumbList","@id":"https:\/\/www.stellakatsarou.gr\/en\/alepotrypa-cave\/#breadcrumb","itemListElement":[{"@type":"ListItem","position":1,"name":"Home","item":"https:\/\/www.stellakatsarou.gr\/en\/"},{"@type":"ListItem","position":2,"name":"Alepotrypa Cave"}]},{"@type":"WebSite","@id":"https:\/\/www.stellakatsarou.gr\/en\/#website","url":"https:\/\/www.stellakatsarou.gr\/en\/","name":"Stella Katsarou","description":"Prehistoric Archaeology","potentialAction":[{"@type":"SearchAction","target":{"@type":"EntryPoint","urlTemplate":"https:\/\/www.stellakatsarou.gr\/en\/?s={search_term_string}"},"query-input":{"@type":"PropertyValueSpecification","valueRequired":true,"valueName":"search_term_string"}}],"inLanguage":"en-US"}]}},"_links":{"self":[{"href":"https:\/\/www.stellakatsarou.gr\/en\/wp-json\/wp\/v2\/pages\/52","targetHints":{"allow":["GET"]}}],"collection":[{"href":"https:\/\/www.stellakatsarou.gr\/en\/wp-json\/wp\/v2\/pages"}],"about":[{"href":"https:\/\/www.stellakatsarou.gr\/en\/wp-json\/wp\/v2\/types\/page"}],"author":[{"embeddable":true,"href":"https:\/\/www.stellakatsarou.gr\/en\/wp-json\/wp\/v2\/users\/1"}],"replies":[{"embeddable":true,"href":"https:\/\/www.stellakatsarou.gr\/en\/wp-json\/wp\/v2\/comments?post=52"}],"version-history":[{"count":22,"href":"https:\/\/www.stellakatsarou.gr\/en\/wp-json\/wp\/v2\/pages\/52\/revisions"}],"predecessor-version":[{"id":1132,"href":"https:\/\/www.stellakatsarou.gr\/en\/wp-json\/wp\/v2\/pages\/52\/revisions\/1132"}],"wp:attachment":[{"href":"https:\/\/www.stellakatsarou.gr\/en\/wp-json\/wp\/v2\/media?parent=52"}],"curies":[{"name":"wp","href":"https:\/\/api.w.org\/{rel}","templated":true}]}}