{"id":49,"date":"2017-04-08T17:18:23","date_gmt":"2017-04-08T14:18:23","guid":{"rendered":"https:\/\/www.stellakatsarou.gr\/en\/?page_id=49"},"modified":"2026-01-25T21:07:43","modified_gmt":"2026-01-25T19:07:43","slug":"theopetra-cave","status":"publish","type":"page","link":"https:\/\/www.stellakatsarou.gr\/en\/theopetra-cave\/","title":{"rendered":"Theopetra Cave"},"content":{"rendered":"<p>[vc_row][vc_column][vc_single_image image=&#8221;759&#8243; img_size=&#8221;full&#8221;]<h1 class=\"fac-big-title fac-title text-left\" style=\"color:#4b4b4b\">Neolithic ceramic traditions at Theopetra cave, Thessaly<\/h1>\n[\/vc_column][vc_column width=&#8221;1\/2&#8243;][vc_column_text]<\/p>\n<p data-start=\"213\" data-end=\"894\">After the Paleolithic and the Mesolithic, Theopetra cave was occupied by agro-pastoral communities beginning in the Early Neolithic (7th millennium BC). Its use reached a peak during the Middle and Late Neolithic (6th millennium BC), when occupation became systematic and permanent. During the 5th millennium and toward the end of the Neolithic, the use of the cave became more sporadic, perhaps restricted to ritual activity. The cave\u2019s location beside the river, overlooking the Thessalian plain and offering unobstructed views toward the Pindos mountains, endowed it with exceptional natural advantages for every phase and form of use.<\/p>\n<p>[\/vc_column_text][\/vc_column][vc_column width=&#8221;5\/12&#8243;][vc_media_grid element_width=&#8221;6&#8243; gap=&#8221;20&#8243; initial_loading_animation=&#8221;none&#8221; grid_id=&#8221;vc_gid:1769367980371-c4e6a74b-e314-4&#8243; include=&#8221;666,699&#8243;][\/vc_column][vc_row][vc_column width=&#8221;1\/3&#8243;][vc_media_grid element_width=&#8221;6&#8243; gap=&#8221;20&#8243; initial_loading_animation=&#8221;none&#8221; grid_id=&#8221;vc_gid:1769367980374-03ee0b08-184b-2&#8243; include=&#8221;277,451,690,275,691,692,693,698&#8243;][\/vc_column][vc_column width=&#8221;2\/3&#8243;][vc_column_text]<\/p>\n<p data-start=\"896\" data-end=\"1590\">The abundant ceramic remains include both painted vessels and large quantities of undecorated pottery. These simpler vessels display great variability in form and size (cups, bowls, necked vessels, small and large storage jars, cooking pots), reflecting domestic activities across the full spectrum of everyday life. Toward the end of the 6th millennium BC, an increase in storage jars is observed, indicating intensified storage practices and the systematic use of the rear areas of the cave for their placement. The final, sparse and possibly \u201critual\u201d phases of use are associated mainly with the peripheral spaces of the chamber.<\/p>\n<p data-start=\"1592\" data-end=\"2497\">Some vessels bear relief decoration, most commonly fingernail impressions\u2014a decorative technique that persists for many centuries, forming a long-standing local tradition at Theopetra. Over time, fingernails were combined with tool-made impressions and finger-pressed motifs. Certain serving and drinking vessels were produced with intense burnishing and uniform black or red surfaces. Others display polychrome and variegated visual effects achieved through different coating and firing techniques: tonal variation, zoned coloration, layered surfaces, and chromatic contrast between interior and exterior faces. Although these vessels lack painted decoration, they are nonetheless \u201cdecorated\u201d through other effects created with the deliberate manipulation of slips, surface treatments, and firing processes. Domestic wares therefore reveal complexity, decorative quality, and chromatic richness, so that the commonly used term \u201cmonochrome\u201d is overly simplistic and misleading. In fact, the manufacturing techniques and ceramic traditions were far from static but continually transformed through the specific conditions of production and even use of each vessel.<\/p>\n<p data-start=\"3305\" data-end=\"4298\">Deposition of ceramic remains in the cave, once the vessels had become unusable, does not appear a random practice. Rather, it seems to represent a deliberate and meaningful behavior, potentially imbued with symbolic significance, even if operating at a subconscious level. The on-site burial of ceramic debris may have emphasized the importance of the cave as an ancestral place and a locus of memory for successive generations. This ideology of connection to place and landscape is already well attested in the tell villages of the Thessalian plain formed by continuous habitation exactly on top of the remains of earlier houses. In this sense, pottery\u2014once discarded\u2014becomes the primary material through which this continuity is \u201cconstructed.\u201d Within the cave, a comparable \u201ctell\u201d formed through successive depositional layers symbolizes the continuity and long-term history of the cave community in the same place.<\/p>\n<p>[\/vc_column_text][vc_column_text]<\/p>\n<hr \/>\n<p><em><span style=\"color: #333399\">Research by the Ephorate of Paleoanthropology-Speleology<\/span><\/em>[\/vc_column_text][\/vc_column][\/vc_row][vc_row][vc_column width=&#8221;2\/3&#8243;][vc_column_text]2026, S. Katsarou, Color fashions in the Greek Neolithic: overlaps and interactions across painted styles. In: T. Dzhanfesova (ed.), <em>Reading the Patterns:<\/em><em> exploring Balkan Painted Pottery within Neolithic context (7th-mid 6th mill. BC)<\/em>. Oxford University Press.<\/p>\n<p>2026, S. Katsarou, <a href=\"https:\/\/www.academia.edu\/95938890\/Monochrome_clay_vessels_at_Theopetra_cave_Fashions_crafting_techniques_and_community_identities\">Monochrome clay vessels at Theopetra Cave. Fashions, crafting techniques and community identities.<\/a> In: N. Kyparissi-Apostolika, G. Marshall, O. Apostolikas (eds.), <em>Theopetra Cave in Thessaly, Greece, Vol. I: The Neolithic period.\u00a0<\/em>Athens. Ministry of Culture, Hellenic Organization of Cultural Resources Management and Development Publications<em>.<\/em><\/p>\n<p>2025, S. Katsarou, <a href=\"https:\/\/www.academia.edu\/146223557\/%CE%97_%CF%83%CF%85%CE%BC%CE%B2%CE%BF%CE%BB%CE%AE_%CF%84%CF%89%CE%BD_%CE%B1%CE%BD%CE%B1%CF%83%CE%BA%CE%B1%CF%86%CF%8E%CE%BD_%CF%83%CF%84%CE%B1_%CF%83%CF%80%CE%AE%CE%BB%CE%B1%CE%B9%CE%B1_%CF%83%CF%84%CE%B9%CF%82_%CE%B3%CE%BD%CF%8E%CF%83%CE%B5%CE%B9%CF%82_%CE%BC%CE%B1%CF%82_%CE%B3%CE%B9%CE%B1_%CF%84%CE%B7%CE%BD_%CE%B5%CE%BB%CE%BB%CE%B7%CE%BD%CE%B9%CE%BA%CE%AE_%CF%80%CF%81%CE%BF%CF%8A%CF%83%CF%84%CE%BF%CF%81%CE%AF%CE%B1_%CE%A0%CE%B5%CF%81%CE%AF%CE%BB%CE%B7%CF%88%CE%B7_Cave_excavations_and_their_contribution_to_the_understanding_of_Greek_prehistory_Abstract_\">Caves and ritual activity in prehistory.<\/a> In: F. Georgiadis, A. Gadolou (eds.), <em>In the Cave. Stories from Darkness Brought to Light<\/em>. <em>Publication Realized on the Occasion of the Exhibition \u201cIn the Cave: Stories from Darkness Brought to Light\u201d Organized by the Ephorate of Palaeoanthropology-Speleology and the Archaeological Museum of Thessaloniki, in May 2025<\/em>, pp. 130-147. Ephorate of Palaeoanthropology-Speleology &amp; Archaeological Museum of Thessaloniki. Editions Melissa.<\/p>\n<p>2025, S. Katsarou,\u00a0<a href=\"https:\/\/www.academia.edu\/146223557\/%CE%97_%CF%83%CF%85%CE%BC%CE%B2%CE%BF%CE%BB%CE%AE_%CF%84%CF%89%CE%BD_%CE%B1%CE%BD%CE%B1%CF%83%CE%BA%CE%B1%CF%86%CF%8E%CE%BD_%CF%83%CF%84%CE%B1_%CF%83%CF%80%CE%AE%CE%BB%CE%B1%CE%B9%CE%B1_%CF%83%CF%84%CE%B9%CF%82_%CE%B3%CE%BD%CF%8E%CF%83%CE%B5%CE%B9%CF%82_%CE%BC%CE%B1%CF%82_%CE%B3%CE%B9%CE%B1_%CF%84%CE%B7%CE%BD_%CE%B5%CE%BB%CE%BB%CE%B7%CE%BD%CE%B9%CE%BA%CE%AE_%CF%80%CF%81%CE%BF%CF%8A%CF%83%CF%84%CE%BF%CF%81%CE%AF%CE%B1_%CE%A0%CE%B5%CF%81%CE%AF%CE%BB%CE%B7%CF%88%CE%B7_Cave_excavations_and_their_contribution_to_the_understanding_of_Greek_prehistory_Abstract_\">Cave excavations and their contribution to understanding Greek prehistory,<\/a> <em>Half a Century of Cave Protection and Research. Symposium Dedicated to the Memory of Evangelia Protonotariou-Deilaki, Athens, Epigraphic Museum, 9 October 2025 (Organizer: Ephorate of Palaeoanthropology-Speleology). <\/em><span style=\"color: #808080\">[in Greek]<\/span><\/p>\n<p>2021, S. Katsarou, <a href=\"https:\/\/www.academia.edu\/95831066\/The_dawn_of_ancient_Greek_cave_cult_Prehistoric_cave_sanctuaries\">The dawn of ancient Greek cave cult: Prehistoric cave sanctuaries.<\/a> In: S. Katsarou, A. Nagel (\u03b5\u03c0\u03b9\u03bc.), <em>Cave and Worship in Ancient Greece. <\/em><em>New<\/em><em> Approaches to Landscape and Ritual<\/em>, pp. 17-48. London\/New York. Routledge. <a href=\"https:\/\/doi.org\/10.4324\/9781003015765-2\">https:\/\/doi.org\/10.4324\/9781003015765-2<\/a><\/p>\n<p>2018, S. Katsarou, <a href=\"https:\/\/www.academia.edu\/26598334\/Beyond_transition_Tracing_eventfulness_behind_the_Middle_to_Late_Neolithic_ceramic_divide\">Beyond transition: tracing eventfulness behind the Middle Neolithic-Late Neolithic ceramic divide.<\/a> \u03a3\u03c4\u03bf: S. Dietz, F. Mavridis, \u017d. Tankosi\u0107, T. Takao\u011flou (eds.), <em>Communities<\/em><em> in Transition<\/em><em>. The Circum-Aegean Area During the 5th and 4th Millennia BC<\/em>, pp. 234-241. Oxford. Oxbow. Monograph of the Danish Institute at Athens 20. <a href=\"https:\/\/doi.org\/10.2307\/j.ctvh1dtp5.29\">https:\/\/doi.org\/10.2307\/j.ctvh1dtp5.29<\/a><\/p>\n<p>2013, S. Katsarou, <a href=\"https:\/\/www.academia.edu\/146205363\/Beyond_transition_Tracing_eventfulness_behind_the_Middle_Neolithic_Late_Neolithic_I_ceramic_divide_Abstract_\">Beyond Transition: Tracing eventfulness behind the Middle Neolithic-Late Neolithic I ceramic divide,<\/a> <em>Communities in Transition<\/em><em>.<\/em><em> The Circum-Aegean Later Neolithic Stages (ca. 5,000\/4,800-3,200\/3,000 BC).<\/em> <em>International Conference at the Acropolis Museum, Athens, 7-9 June 2013 (<\/em><em>Organizers<\/em><em>: The Danish Institute at Athens)<\/em>.<\/p>\n<p>2012, S. Katsarou, <a href=\"https:\/\/www.academia.edu\/95992803\/Crafting_identities_by_fingernail_designs_on_Greek_Neolithic_pot_surfaces_Poster_\">Crafting identities by fingernail designs on Greek Neolithic pot surfaces<\/a><em>, Crafts and People. Agents of Skilled Labour in the Archaeological Record. <\/em><em>International Conference Held at the British Museum, London, British Museum, 1-2 November 2012 (Organizers: <\/em>S. Strack, <em>M. Uckelmann, B. Roberts<\/em><em>).<\/em><\/p>\n<p>2009, S. Katsarou, <a href=\"https:\/\/www.academia.edu\/26633551\/Colorful_images_of_the_Greek_Neolithic_Oral_text_\">Colorful images of the Greek Neolithic,<\/a> <em>Theoretical Archaeology Group-USA<\/em> <em>2009,<\/em><em> Stanford, CA, 1-3 May 2009<\/em><em>:<\/em> <em>The Color of Things: Debating the Role and Future of Color in Archaeology (<\/em><em>\u039f\u03c1\u03b3\u03b1\u03bd\u03c9\u03c4\u03ae\u03c2: <\/em><em>A. Nagel, University of Michigan)<\/em>. Oral text uploaded at <a href=\"https:\/\/www.academia.edu\/26633551\/Colorful_images_of_the_Greek_Neolithic_Oral_text_\">www.academia.edu.<\/a><\/p>\n<p>2000, S. Katsarou, <a href=\"https:\/\/www.academia.edu\/1516833\/%CE%97_%CE%BC%CE%BF%CE%BD%CF%8C%CF%87%CF%81%CF%89%CE%BC%CE%B7_%CE%BA%CE%B5%CF%81%CE%B1%CE%BC%CE%B5%CE%B9%CE%BA%CE%AE_%CF%84%CE%B7%CF%82_%CE%9D%CE%B5%CE%BF%CE%BB%CE%B9%CE%B8%CE%B9%CE%BA%CE%AE%CF%82_%CF%89%CF%82_%CF%80%CF%81%CE%BF%CF%8A%CF%8C%CE%BD_%CE%BC%CE%B9%CE%B1%CF%82_%CE%B4%CE%B9%CE%B1%CE%B4%CE%B9%CE%BA%CE%B1%CF%83%CE%AF%CE%B1%CF%82_%CE%B5%CF%80%CE%B9%CE%BB%CE%BF%CE%B3%CE%AE%CF%82_%CE%97_%CF%80%CE%B5%CF%81%CE%AF%CF%80%CF%84%CF%89%CF%83%CE%B7_%CF%84%CE%BF%CF%85_%CF%83%CF%80%CE%B7%CE%BB%CE%B1%CE%AF%CE%BF%CF%85_%CF%84%CE%B7%CF%82_%CE%98%CE%B5%CF%8C%CF%80%CE%B5%CF%84%CF%81%CE%B1%CF%82_Monochrome_wares_as_indicator_of_a_process_of_choice_The_case_of_Theopetra_cave_\">Monochrome wares as indicator of a process of choice: The case of Theopetra cave.<\/a> In: N. Kyparissi-Apostolika (ed.), <em>Theopetra Cave. Twelve Years of Excavation and Research. Proceedings of the International Conference (Trikala, 6-7 November 1998)<\/em>, pp. \u00a0235-261. Athens. Ministry of Culture. <span style=\"color: #808080\">[in Greek]<\/span>[\/vc_column_text][\/vc_column][vc_column width=&#8221;1\/3&#8243;][\/vc_column][\/vc_row]<\/p>\n","protected":false},"excerpt":{"rendered":"<p>[vc_row][vc_column][vc_single_image image=&#8221;759&#8243; img_size=&#8221;full&#8221;][\/vc_column][vc_column width=&#8221;1\/2&#8243;][vc_column_text] After the Paleolithic and the Mesolithic, Theopetra cave was occupied by agro-pastoral communities beginning in the [&hellip;]<\/p>\n","protected":false},"author":1,"featured_media":0,"parent":0,"menu_order":0,"comment_status":"closed","ping_status":"closed","template":"page-pagebuilder.php","meta":{"footnotes":""},"class_list":["post-49","page","type-page","status-publish","hentry"],"yoast_head":"<!-- This site is optimized with the Yoast SEO plugin v27.5 - https:\/\/yoast.com\/product\/yoast-seo-wordpress\/ -->\n<title>Theopetra Cave - Stella Katsarou<\/title>\n<meta name=\"robots\" content=\"index, follow, max-snippet:-1, max-image-preview:large, max-video-preview:-1\" \/>\n<link rel=\"canonical\" href=\"https:\/\/www.stellakatsarou.gr\/en\/theopetra-cave\/\" \/>\n<meta property=\"og:locale\" content=\"en_US\" \/>\n<meta property=\"og:type\" content=\"article\" \/>\n<meta property=\"og:title\" content=\"Theopetra Cave - Stella Katsarou\" \/>\n<meta property=\"og:description\" content=\"[vc_row][vc_column][vc_single_image image=&#8221;759&#8243; img_size=&#8221;full&#8221;][\/vc_column][vc_column width=&#8221;1\/2&#8243;][vc_column_text] After the Paleolithic and the Mesolithic, Theopetra cave was occupied by agro-pastoral communities beginning in the [&hellip;]\" \/>\n<meta property=\"og:url\" content=\"https:\/\/www.stellakatsarou.gr\/en\/theopetra-cave\/\" \/>\n<meta property=\"og:site_name\" content=\"Stella Katsarou\" \/>\n<meta property=\"article:publisher\" content=\"https:\/\/www.facebook.com\/stella.katsaroutzeveleki\" \/>\n<meta property=\"article:modified_time\" content=\"2026-01-25T19:07:43+00:00\" \/>\n<meta name=\"twitter:card\" content=\"summary_large_image\" \/>\n<meta name=\"twitter:label1\" content=\"Est. reading time\" \/>\n\t<meta name=\"twitter:data1\" content=\"5 minutes\" \/>\n<script type=\"application\/ld+json\" class=\"yoast-schema-graph\">{\"@context\":\"https:\\\/\\\/schema.org\",\"@graph\":[{\"@type\":\"WebPage\",\"@id\":\"https:\\\/\\\/www.stellakatsarou.gr\\\/en\\\/theopetra-cave\\\/\",\"url\":\"https:\\\/\\\/www.stellakatsarou.gr\\\/en\\\/theopetra-cave\\\/\",\"name\":\"Theopetra Cave - Stella Katsarou\",\"isPartOf\":{\"@id\":\"https:\\\/\\\/www.stellakatsarou.gr\\\/en\\\/#website\"},\"datePublished\":\"2017-04-08T14:18:23+00:00\",\"dateModified\":\"2026-01-25T19:07:43+00:00\",\"breadcrumb\":{\"@id\":\"https:\\\/\\\/www.stellakatsarou.gr\\\/en\\\/theopetra-cave\\\/#breadcrumb\"},\"inLanguage\":\"en-US\",\"potentialAction\":[{\"@type\":\"ReadAction\",\"target\":[\"https:\\\/\\\/www.stellakatsarou.gr\\\/en\\\/theopetra-cave\\\/\"]}]},{\"@type\":\"BreadcrumbList\",\"@id\":\"https:\\\/\\\/www.stellakatsarou.gr\\\/en\\\/theopetra-cave\\\/#breadcrumb\",\"itemListElement\":[{\"@type\":\"ListItem\",\"position\":1,\"name\":\"Home\",\"item\":\"https:\\\/\\\/www.stellakatsarou.gr\\\/en\\\/\"},{\"@type\":\"ListItem\",\"position\":2,\"name\":\"Theopetra Cave\"}]},{\"@type\":\"WebSite\",\"@id\":\"https:\\\/\\\/www.stellakatsarou.gr\\\/en\\\/#website\",\"url\":\"https:\\\/\\\/www.stellakatsarou.gr\\\/en\\\/\",\"name\":\"Stella Katsarou\",\"description\":\"Prehistoric Archaeology\",\"potentialAction\":[{\"@type\":\"SearchAction\",\"target\":{\"@type\":\"EntryPoint\",\"urlTemplate\":\"https:\\\/\\\/www.stellakatsarou.gr\\\/en\\\/?s={search_term_string}\"},\"query-input\":{\"@type\":\"PropertyValueSpecification\",\"valueRequired\":true,\"valueName\":\"search_term_string\"}}],\"inLanguage\":\"en-US\"}]}<\/script>\n<!-- \/ Yoast SEO plugin. -->","yoast_head_json":{"title":"Theopetra Cave - Stella Katsarou","robots":{"index":"index","follow":"follow","max-snippet":"max-snippet:-1","max-image-preview":"max-image-preview:large","max-video-preview":"max-video-preview:-1"},"canonical":"https:\/\/www.stellakatsarou.gr\/en\/theopetra-cave\/","og_locale":"en_US","og_type":"article","og_title":"Theopetra Cave - Stella Katsarou","og_description":"[vc_row][vc_column][vc_single_image image=&#8221;759&#8243; img_size=&#8221;full&#8221;][\/vc_column][vc_column width=&#8221;1\/2&#8243;][vc_column_text] After the Paleolithic and the Mesolithic, Theopetra cave was occupied by agro-pastoral communities beginning in the [&hellip;]","og_url":"https:\/\/www.stellakatsarou.gr\/en\/theopetra-cave\/","og_site_name":"Stella Katsarou","article_publisher":"https:\/\/www.facebook.com\/stella.katsaroutzeveleki","article_modified_time":"2026-01-25T19:07:43+00:00","twitter_card":"summary_large_image","twitter_misc":{"Est. reading time":"5 minutes"},"schema":{"@context":"https:\/\/schema.org","@graph":[{"@type":"WebPage","@id":"https:\/\/www.stellakatsarou.gr\/en\/theopetra-cave\/","url":"https:\/\/www.stellakatsarou.gr\/en\/theopetra-cave\/","name":"Theopetra Cave - Stella Katsarou","isPartOf":{"@id":"https:\/\/www.stellakatsarou.gr\/en\/#website"},"datePublished":"2017-04-08T14:18:23+00:00","dateModified":"2026-01-25T19:07:43+00:00","breadcrumb":{"@id":"https:\/\/www.stellakatsarou.gr\/en\/theopetra-cave\/#breadcrumb"},"inLanguage":"en-US","potentialAction":[{"@type":"ReadAction","target":["https:\/\/www.stellakatsarou.gr\/en\/theopetra-cave\/"]}]},{"@type":"BreadcrumbList","@id":"https:\/\/www.stellakatsarou.gr\/en\/theopetra-cave\/#breadcrumb","itemListElement":[{"@type":"ListItem","position":1,"name":"Home","item":"https:\/\/www.stellakatsarou.gr\/en\/"},{"@type":"ListItem","position":2,"name":"Theopetra Cave"}]},{"@type":"WebSite","@id":"https:\/\/www.stellakatsarou.gr\/en\/#website","url":"https:\/\/www.stellakatsarou.gr\/en\/","name":"Stella Katsarou","description":"Prehistoric Archaeology","potentialAction":[{"@type":"SearchAction","target":{"@type":"EntryPoint","urlTemplate":"https:\/\/www.stellakatsarou.gr\/en\/?s={search_term_string}"},"query-input":{"@type":"PropertyValueSpecification","valueRequired":true,"valueName":"search_term_string"}}],"inLanguage":"en-US"}]}},"_links":{"self":[{"href":"https:\/\/www.stellakatsarou.gr\/en\/wp-json\/wp\/v2\/pages\/49","targetHints":{"allow":["GET"]}}],"collection":[{"href":"https:\/\/www.stellakatsarou.gr\/en\/wp-json\/wp\/v2\/pages"}],"about":[{"href":"https:\/\/www.stellakatsarou.gr\/en\/wp-json\/wp\/v2\/types\/page"}],"author":[{"embeddable":true,"href":"https:\/\/www.stellakatsarou.gr\/en\/wp-json\/wp\/v2\/users\/1"}],"replies":[{"embeddable":true,"href":"https:\/\/www.stellakatsarou.gr\/en\/wp-json\/wp\/v2\/comments?post=49"}],"version-history":[{"count":64,"href":"https:\/\/www.stellakatsarou.gr\/en\/wp-json\/wp\/v2\/pages\/49\/revisions"}],"predecessor-version":[{"id":1002,"href":"https:\/\/www.stellakatsarou.gr\/en\/wp-json\/wp\/v2\/pages\/49\/revisions\/1002"}],"wp:attachment":[{"href":"https:\/\/www.stellakatsarou.gr\/en\/wp-json\/wp\/v2\/media?parent=49"}],"curies":[{"name":"wp","href":"https:\/\/api.w.org\/{rel}","templated":true}]}}