{"id":345,"date":"2017-04-12T10:06:45","date_gmt":"2017-04-12T07:06:45","guid":{"rendered":"https:\/\/www.stellakatsarou.gr\/en\/?page_id=345"},"modified":"2026-01-26T02:44:05","modified_gmt":"2026-01-26T00:44:05","slug":"aitoloakarnania","status":"publish","type":"page","link":"https:\/\/www.stellakatsarou.gr\/en\/aitoloakarnania\/","title":{"rendered":"Aitoloakarnania"},"content":{"rendered":"<p>[vc_row][vc_column][vc_single_image image=\u201d1076\u2033 img_size=\u201dfull\u201d alignment=\u201dcenter\u201d]<h1 class=\"fac-big-title fac-title text-left\" style=\"color:#704c04\">Caves in Aitoloakarnania<\/h1>\n[\/vc_column][vc_column width=\u201d5\/12\u2033][vc_column_text]<\/p>\n<p data-start=\"187\" data-end=\"589\">Aitolia and Akarnania constitute true cave landscapes. Their complex natural environment includes coastal zones along the Ionian Sea and the Corinthian gulf, a rugged rocky hinterland, mountainous forests, lakes, lagoons, and rivers. Their geographical position highlights the region as a prehistoric and ancient crossroads of maritime communication as well as overland routes leading southwards. The Varasova mass marks the beginning of this long trajectory with evidence of Palaeolithic and Mesolithic groups. A series of caves with Neolithic occupation includes Agios Nikolaos at Astakos, Kokkini Spilia at Aitoliko, and Kissoti on the Valtos mountain range. They mark the presence of farming communities who visited those inaccessible cavities for secondary burials, small gatherings, and enigmatic symbolic practices that linked them to the land and their ancestors.<\/p>\n<p data-start=\"1025\" data-end=\"1431\">In Classical antiquity, the Mastro cave near the Acheloos river, together with other caves on the Ionian coast or the Ambracian gulf, emerge as spaces of systematic religious worship. Worshippers brought\u2014or cast from above\u2014their votive offerings, performed sacrifices, shared meals, and possibly danced during festivals on the terraces located outside certain caves.\u00a0A wide range of coroplastic offerings is attested, including imports from distant regions and influences from Magna Graecia and the colonial world. The historical and political influences of Corinth and Athens, and their rivalry are materially inscribed in the composition of the dedications offered to these sanctuaries.<\/p>\n<p>[\/vc_column_text][\/vc_column][vc_column width=\u201d1\/2\u2033][vc_column_text][\/vc_column_text][vc_media_grid element_width=\u201d6\u2033 item=\u201dmasonryMedia_Default\u201d initial_loading_animation=\u201dnone\u201d grid_id=\u201dvc_gid:1769386993375-5091613e-f3ea-1\u2033 include=\u201d1081,1083\u2033][vc_media_grid element_width=\u201d6\u2033 item=\u201dmasonryMedia_Default\u201d initial_loading_animation=\u201dnone\u201d grid_id=\u201dvc_gid:1769386993377-8c9a55c2-41b6-6\u2033 include=\u201d1080,1082\u2033][vc_media_grid element_width=\u201d6\u2033 item=\u201dmasonryMedia_Default\u201d initial_loading_animation=\u201dnone\u201d grid_id=\u201dvc_gid:1769386993379-1b9721ef-1bb0-2\u2033 include=\u201d1084,1085\u2033][\/vc_column][\/vc_row][vc_row el_class=\u201ds2-project-read-more\u201d][vc_column width=\u201d1\/3\u2033][\/vc_column][vc_column width=\u201d2\/3\u2033][vc_column_text]2026, C. Morgan, A. Karadima, S. Katsarou,\u00a0<a href=\"https:\/\/www.academia.edu\/146194879\/F%C3%AAte_champ%C3%AAtre_Feasting_in_the_central_Ionian_countryside\">F\u00eate champ\u00eatre? Feasting in the central Ionian countryside.<\/a>\u00a0\u03a3\u03c4\u03bf: X. Charalambidou, J.-P. Crielaard, C. Morgan (eds.),\u00a0<em>Feasting with the Greeks. Towards a Social Archaeology of Ritual Consumption in the Greek World<\/em>. Amsterdam University Press.<\/p>\n<p>2025, S. Katsarou, A. Nagel, A. Karadima,\u00a0<a href=\"https:\/\/www.academia.edu\/146225983\/Akarnanias_ancient_caves_in_modern_times_Abstract_\">Akarnania\u2019s ancient caves in modern times: new archaeological research and material evidence<\/a><em>, Interdisciplinary Studies in Ancient Western Greece and Beyond. Farewell to Franziska Lang, International Conference, Technical University of Darmstadt, 11-12 December 2025 (Organizer: Technical University of Darmstadt).<\/em><\/p>\n<p>2025, S. Katsarou, Ritual journeys t\u03bf caves during the Greek Neolithic: an integrated perspective of rituals, voyaging and caves,\u00a0<em>Acta Archaeologica\u00a0<\/em>95(2), pp. 262-282.\u00a0<a href=\"https:\/\/doi.org\/10.1163\/16000390-09501001\">https:\/\/doi.org\/10.1163\/16000390-09501001<\/a><\/p>\n<p>2025, R. M. Ammerman, S. Katsarou,\u00a0<a href=\"https:\/\/www.academia.edu\/146196551\/%CE%99%CE%B5%CF%81%CE%AC_%CF%83%CF%80%CE%AE%CE%BB%CE%B1%CE%B9%CE%B1_%CF%83%CF%84%CE%B7_%CE%9C%CE%B5%CE%B3%CE%AC%CE%BB%CE%B7_%CE%95%CE%BB%CE%BB%CE%AC%CE%B4%CE%B1_%CE%A0%CF%81%CE%BF%CF%83%CE%B1%CF%81%CE%BC%CE%BF%CE%B3%CE%AE_%CE%BA%CE%B1%CE%B9_%CE%B5%CE%BE%CE%AD%CE%BB%CE%B9%CE%BE%CE%B7_%CF%84%CE%B7%CF%82_%CE%BB%CE%B1%CF%84%CF%81%CE%B5%CF%85%CF%84%CE%B9%CE%BA%CE%AE%CF%82_%CF%80%CE%B1%CF%81%CE%AC%CE%B4%CE%BF%CF%83%CE%B7%CF%82_%CF%83%CF%84%CE%B1_%CF%83%CF%80%CE%AE%CE%BB%CE%B1%CE%B9%CE%B1_%CF%84%CE%BF%CF%85_%CE%B1%CF%80%CE%BF%CE%B9%CE%BA%CE%B9%CE%B1%CE%BA%CE%BF%CF%8D_%CE%BA%CF%8C%CF%83%CE%BC%CE%BF%CF%85_Sacred_caves_in_Magna_Grecia_Adaptation_and_development_of_ritual_traditions_in_the_colonial_world\">Sacred caves in Magna Grecia. Adaptation and development of ritual traditions in the colonial world,<\/a>\u00a0<em>Archaeology & Arts\u00a0<\/em>149 (December 2025), pp. 17-29.\u00a0<span style=\"color: #808080\">[in Greek]<\/span><\/p>\n<p>2025 I. Efstathiou, S. Katsarou,\u00a0<a href=\"https:\/\/www.academia.edu\/146196603\/%CE%99%CE%B5%CF%81%CE%AD%CF%82_%CF%80%CE%B1%CF%81%CE%AC%CE%BA%CF%84%CE%B9%CE%B5%CF%82_%CF%83%CF%80%CE%B7%CE%BB%CE%B9%CE%AD%CF%82_Sacred_coastal_caves\">Sacred coastal caves,<\/a>\u00a0<em>Archaeology & Arts\u00a0<\/em>149, pp. 49-67.\u00a0<span style=\"color: #808080\">[in Greek]<\/span><\/p>\n<p>2025, S. Katsarou,\u00a0<a href=\"https:\/\/www.academia.edu\/146196858\/R%C3%A4tselhafte_H%C3%B6hlen_in_Griechenland_Wechselwirkungen_zwischen_Kultur_und_Natur_als_Herausforderungen_der_H%C3%B6hlenarch%C3%A4ologie\">R\u00e4tselhafte H\u00f6hlen in Griechenland. Wechselwirkungen zwischen Kultur und Naturals Herausforderungen der H\u00f6hlenarch\u00e4ologie,<\/a><em>\u00a0Antike Welt\u00a0<\/em>2, pp. 49-55.<\/p>\n<p>2025<em>,\u00a0<\/em>S. Katsarou,\u00a0<a href=\"https:\/\/www.academia.edu\/146223557\/%CE%97_%CF%83%CF%85%CE%BC%CE%B2%CE%BF%CE%BB%CE%AE_%CF%84%CF%89%CE%BD_%CE%B1%CE%BD%CE%B1%CF%83%CE%BA%CE%B1%CF%86%CF%8E%CE%BD_%CF%83%CF%84%CE%B1_%CF%83%CF%80%CE%AE%CE%BB%CE%B1%CE%B9%CE%B1_%CF%83%CF%84%CE%B9%CF%82_%CE%B3%CE%BD%CF%8E%CF%83%CE%B5%CE%B9%CF%82_%CE%BC%CE%B1%CF%82_%CE%B3%CE%B9%CE%B1_%CF%84%CE%B7%CE%BD_%CE%B5%CE%BB%CE%BB%CE%B7%CE%BD%CE%B9%CE%BA%CE%AE_%CF%80%CF%81%CE%BF%CF%8A%CF%83%CF%84%CE%BF%CF%81%CE%AF%CE%B1_%CE%A0%CE%B5%CF%81%CE%AF%CE%BB%CE%B7%CF%88%CE%B7_Cave_excavations_and_their_contribution_to_the_understanding_of_Greek_prehistory_Abstract_\">Cave excavations and their contribution to understanding Greek prehistory,<\/a>\u00a0<em>Half a Century of Cave Protection and Research. Symposium Dedicated to the Memory of Evangelia Protonotariou-Deilaki, Athens, Epigraphic Museum, 9 October 2025<\/em>\u00a0<em>(Organizer: Ephorate of Palaeoanthropology-Speleology).\u00a0<\/em><span style=\"color: #808080\">[in Greek]<\/span><\/p>\n<p>2025, I. Efstathiou, S. Katsarou, A. Papadea, G. Valvis,\u00a0<a href=\"https:\/\/www.academia.edu\/146223696\/%CE%A3%CF%80%CE%AE%CE%BB%CE%B1%CE%B9%CE%B1_%CF%84%CE%BF%CF%85_%CE%99%CE%BF%CE%BD%CE%AF%CE%BF%CF%85_%CE%BA%CE%B1%CE%B9_%CF%84%CE%B7%CF%82_%CE%B4%CF%85%CF%84%CE%B9%CE%BA%CE%AE%CF%82_%CE%95%CE%BB%CE%BB%CE%AC%CE%B4%CE%B1%CF%82_%CE%91%CE%BD%CE%B8%CF%81%CF%8E%CF%80%CE%B9%CE%BD%CE%B7_%CE%B4%CF%81%CE%B1%CF%83%CF%84%CE%B7%CF%81%CE%B9%CF%8C%CF%84%CE%B7%CF%84%CE%B1_%CE%BD%CE%B5%CF%8C%CF%84%CE%B5%CF%81%CE%B1_%CE%B4%CE%B5%CE%B4%CE%BF%CE%BC%CE%AD%CE%BD%CE%B1_%CE%BA%CE%B1%CE%B9_%CF%80%CF%81%CE%BF%CE%BF%CF%80%CF%84%CE%B9%CE%BA%CE%AD%CF%82_%CE%AD%CF%81%CE%B5%CF%85%CE%BD%CE%B1%CF%82_%CE%A0%CE%B5%CF%81%CE%AF%CE%BB%CE%B7%CF%88%CE%B7_Caves_in_the_Ionian_sea_and_western_Greece_human_activity_new_evidence_and_research_perspectives_Abstract_\">Caves in the Ionian sea and western Greece: Human activity, new evidence and research perspectives,<\/a>\u00a0<em>Half a Century of Cave Protection and Research. Symposium Dedicated to the Memory of Evangelia Protonotariou-Deilaki, Athens, Epigraphic Museum, 9 October 2025 (Organizer: Ephorate of Palaeoanthropology-Speleology).\u00a0<\/em><span style=\"color: #808080\">[in Greek]<\/span><\/p>\n<p>2025, I. Efstathiou, E. Zavvou, S. Katsarou,\u00a0<a href=\"https:\/\/www.academia.edu\/146224184\/%CE%95%CF%80%CE%B9%CE%B3%CF%81%CE%B1%CF%86%CE%B9%CE%BA%CE%AC_%CF%84%CE%B5%CE%BA%CE%BC%CE%AE%CF%81%CE%B9%CE%B1_%CE%B1%CF%80%CF%8C_%CF%84%CE%B1_%CF%83%CF%80%CE%AE%CE%BB%CE%B1%CE%B9%CE%B1_%CF%84%CE%BF%CF%85_%CE%99%CE%BF%CE%BD%CE%AF%CE%BF%CF%85_%CE%BA%CE%B1%CE%B9_%CF%84%CE%B7%CF%82_%CE%9A%CF%81%CE%AE%CF%84%CE%B7_Epigraphic_evidence_from_caves_of_the_Ionian_sea_and_Crete\">Epigraphic evidence from caves of the Ionian sea and Crete,<\/a>\u00a0<em>Discovering the Past. Epigraphic Evidence from Caves. Round Table, Athens, Epigraphic Museum, 6 May 2025 (Organizers: Epigraphic Museum & Ephorate of Palaeoanthropology-Speleology).\u00a0<\/em><span style=\"color: #808080\">[in Greek]<\/span><\/p>\n<p>2025, I. Efstathiou, S. Katsarou, A. Mari, F. Mavridis, C. Agouridis, I. Zygouri, A. Vlachopoulos,\u00a0<a href=\"https:\/\/www.academia.edu\/146221313\/New_evidence_of_ritual_and_symbolic_behaviour_in_coastal_caves_in_Greece_a_preliminary_assessment_Abstract_\">New evidence of ritual and symbolic behaviour in coastal caves in Greece: a preliminary assessment,<\/a>\u00a0<em>6th International Maritime Archaeology Graduate Symposium (MAGS 2025), Ioannina, 2-5 April 2025<\/em>\u00a0<em>(<\/em><em>Organizers: University of Ioannina &\u00a0<\/em><em>Honor Frost Foundation<\/em><em>).<\/em><\/p>\n<p>2025, S. Katsarou, E. Karkazi, A. Darlas,\u00a0<a href=\"https:\/\/www.academia.edu\/146221460\/Coast_and_karst_dynamics_the_case_of_Limnopoula_rockshelter_Varassova_Nafpaktia_Abstract_\">Coast and karst dynamics: the case of Limnopoula rockshelter, Varassova, Nafpaktia,<\/a>\u00a0<em>6th International Maritime Archaeology Graduate Symposium (MAGS 2025), Ioannina, 2-5 April 2025<\/em>\u00a0<em>(Organizers<\/em><em>: University of Ioannina &\u00a0<\/em><em>Honor Frost Foundation<\/em><em>).<\/em><\/p>\n<p>2023, S. Katsarou,\u00a0<a href=\"https:\/\/www.academia.edu\/146225991\/Caves_in_Greece_Places_for_life_death_and_gods\">Caves in Greece: Places for life, death, and gods,<\/a>\u00a0<em>Drawing on Stones; Brazilian Rock Art, Embassy of Brazil in Athens, Athens, 24-29 November 2023 (Organizers<\/em><em>: Embassy of Brazil in Athens, E. Angliker).<\/em><\/p>\n<p>2022, S. Katsarou, \u201cLindsey B\u00fcster, Eug\u00e8ne Warmenbol and Dimitrij Mleku\u017e, eds. Between Worlds: Understanding Ritual Cave Use in Later Prehistory. (Cham: Springer, 2019, 270pp., 17 b\/w illustr., 85 colour illustr., hbk, ISBN 978-3-319-99021-7),\u201d\u00a0<em>European Journal of Archaeology<\/em>\u00a02<em>5<\/em>(2), pp. 262-266. Review. <a href=\"https:\/\/doi.org\/10.1017\/eaa.2022.8\">https:\/\/doi.org\/10.1017\/eaa.2022.8<\/a><\/p>\n<p>2021, S. Katsarou<em>,\u00a0<\/em>A. Nagel (\u03b5\u03c0\u03b9\u03bc.),\u00a0<a href=\"https:\/\/www.academia.edu\/95825175\/Cave_and_Worship_in_Ancient_Greece_New_Approaches_to_Landscape_and_Ritual\"><em>Cave and Worship in Ancient Greece.\u00a0<\/em><em>New\u00a0<\/em><em>Approaches to Landscape and Ritual.<\/em><\/a>\u00a0London\/New York. Routledge. ISBN 9780367859169.\u00a0<a href=\"https:\/\/doi.org\/10.4324\/9781003015765\">https:\/\/doi.org\/10.4324\/9781003015765<\/a>.<\/p>\n<p>2021, S. Katsarou, A. Nagel,\u00a0<a href=\"https:\/\/www.academia.edu\/95830785\/Introduction_On_reading_caves_and_ancient_Greek_cult\">Introduction: On reading caves and ancient Greek cult.<\/a> \u03a3\u03c4\u03bf: S. Katsarou, A. Nagel (eds.), <em>Cave and Worship in Ancient Greece.\u00a0<\/em><em>New Approaches to Landscape and Ritual<\/em>, pp. 1-16. London\/New York. Routledge.\u00a0<a href=\"https:\/\/doi.org\/10.4324\/9781003015765-1\">https:\/\/doi.org\/10.4324\/9781003015765-1<\/a><\/p>\n<p>2021, S. Katsarou,\u00a0<a href=\"https:\/\/www.academia.edu\/95831066\/The_dawn_of_ancient_Greek_cave_cult_Prehistoric_cave_sanctuaries\">The dawn of ancient Greek cave cult: Prehistoric cave sanctuaries.<\/a> \u03a3\u03c4\u03bf: S. Katsarou, A. Nagel (eds.), <em>Cave and Worship in Ancient Greece.\u00a0<\/em><em>New Approaches to Landscape and Ritual<\/em>, pp. 17-48. London\/New York. Routledge.\u00a0<a href=\"https:\/\/doi.org\/10.4324\/9781003015765-2\">https:\/\/doi.org\/10.4324\/9781003015765-2<\/a><\/p>\n<p>2021, A. Darlas, S. Katsarou, L. Kormazopoulou, V. Giannopoulos,\u00a0<a href=\"https:\/\/www.academia.edu\/26651738\/%CE%A4%CE%BF_%CE%AD%CF%81%CE%B3%CE%BF_%CF%84%CE%B7%CF%82_%CE%95%CF%86%CE%BF%CF%81%CE%B5%CE%AF%CE%B1%CF%82_%CE%A0%CE%B1%CE%BB%CE%B1%CE%B9%CE%BF%CE%B1%CE%BD%CE%B8%CF%81%CF%89%CF%80%CE%BF%CE%BB%CE%BF%CE%B3%CE%AF%CE%B1%CF%82_%CE%A3%CF%80%CE%B7%CE%BB%CE%B1%CE%B9%CE%BF%CE%BB%CE%BF%CE%B3%CE%AF%CE%B1%CF%82_%CF%84%CE%BF%CF%85_%CE%A5%CE%A0%CE%A0%CE%9F%CE%91_%CF%83%CF%84%CE%B7%CE%BD_%CF%80%CE%B5%CF%81%CE%B9%CE%BF%CF%87%CE%AE_%CF%84%CE%B7%CF%82_%CE%91%CE%B9%CF%84%CF%89%CE%BB%CE%AF%CE%B1%CF%82_The_work_of_the_Eforeia_of_Palaeoanthropology_Speleology_of_the_Ministry_of_Culture_and_Sports_in_the_area_of_Aitolia\">Caves and archaeology. The work of the Ephorate of Palaeoanthropology-Speleology of the Ministry of Culture and Sports in the area of Aitolia.<\/a>\u00a0In: H. Yfantis, V. Fountoulis, M. Manikarou, S. Skandalou, M. Vasilopoulou (eds.),\u00a0<em>The Thestian Territory in Historical Space and Time. 2nd National Conference of History-Culture, Vlochos, Kainourgio, May 14-15, 2016<\/em>, vol. B, pp. 47-68. Vlochos Thestieis, Thestieis Archaeological-Historical-Folklore Society.\u00a0<span style=\"color: #808080\">[in Greek]<\/span><\/p>\n<p>2019, C. Morgan, A. Karadima, S. Katsarou,\u00a0<a href=\"https:\/\/www.academia.edu\/95938537\/F%C3%AAte_champ%C3%AAtre_Feasting_in_the_central_Ionian_countryside_Abstract_\">F\u00eate champ\u00eatre? Feasting in the central Ionian countryside,<\/a>\u00a0<em>Feasting with the Greeks. Towards a Social Archaeology of Ritual Consumption in the Greek World, Oxford, All Souls College, 12-13 March 2019 (Organizer: All Souls College, Oxford).<\/em><\/p>\n<p>2018, \u0391\u0399\u0391 Annual Meeting, Boston, January 4-7, 2018.\u00a0Colloquium:\u00a0<a href=\"https:\/\/www.academia.edu\/146200231\/New_approaches_to_cave_and_worship_in_the_ancient_Mediterranean_Abstracts_\">New Approaches to Caves and Worship in the Ancient Mediterranean.<\/a> Organizers: S. Katsarou, A. Nagel<em>.<\/em><\/p>\n<p>2017, S. Katsarou, A. Darlas, Cave heritage in Greece: Aetoloakarnania,\u00a0<em>Archaeological Reports\u00a0<\/em>63 (<em>Archaeology in Greece 2016-2017<\/em>), pp. 89-105<em>.\u00a0<\/em><a href=\"https:\/\/doi.org\/10.1017\/S057060841800008X\">https:\/\/doi.org\/10.1017\/S057060841800008X<\/a><\/p>\n<p>2016, G. Valvis, S. Katsarou,\u00a0<a href=\"https:\/\/www.academia.edu\/146195127\/%CE%A3%CF%80%CE%AE%CE%BB%CE%B1%CE%B9%CE%BF_%CE%9C%CE%AC%CF%83%CF%84%CF%81%CE%BF%CF%85_Mastro_cave\">Mastro cave,<\/a>\u00a0<em>Archaiologikon Deltion<\/em>\u00a071 (publ. 2022),\u00a0<em>Chronika,<\/em>\u00a0vol. \u03922, pp. 1760-1762.\u00a0<span style=\"color: #808080\">[in Greek]<\/span><\/p>\n<p>2016, A. Darlas, S. Katsarou, The caves of Aitoloakarnania: an unknown historical and archaeological treasure. The role of the Ephorate of Palaeoanthropology-Speleology in their protection and research. Online article at<em>\u00a0<a href=\"https:\/\/iaitoloakarnania.gr\/2016\/07\/spilea-etoloakarnanias-enas-agnostos-istorikos-ke-archeologikos-thisavros\/\">https:\/\/iaitoloakarnania.gr\/2016\/07\/spilea-etoloakarnanias-enas-agnostos-istorikos-ke-archeologikos-thisavros\/<\/a><\/em>\u00a0<span style=\"color: #808080\">[in Greek]<\/span><\/p>\n<p>[\/vc_column_text][\/vc_column][\/vc_row]<\/p>\n","protected":false},"excerpt":{"rendered":"<p>[vc_row][vc_column][vc_single_image image=\u201d1076\u2033 img_size=\u201dfull\u201d alignment=\u201dcenter\u201d][\/vc_column][vc_column width=\u201d5\/12\u2033][vc_column_text] Aitolia and Akarnania constitute true cave landscapes. Their complex natural environment includes coastal zones along [&hellip;]<\/p>\n","protected":false},"author":1,"featured_media":0,"parent":0,"menu_order":0,"comment_status":"closed","ping_status":"closed","template":"page-pagebuilder.php","meta":{"footnotes":""},"class_list":["post-345","page","type-page","status-publish","hentry"],"yoast_head":"<!-- This site is optimized with the Yoast SEO plugin v27.6 - https:\/\/yoast.com\/product\/yoast-seo-wordpress\/ -->\n<title>Aitoloakarnania - Stella Katsarou<\/title>\n<meta name=\"robots\" content=\"index, follow, max-snippet:-1, max-image-preview:large, max-video-preview:-1\" \/>\n<link rel=\"canonical\" href=\"https:\/\/www.stellakatsarou.gr\/en\/aitoloakarnania\/\" \/>\n<meta property=\"og:locale\" content=\"en_US\" \/>\n<meta property=\"og:type\" content=\"article\" \/>\n<meta property=\"og:title\" content=\"Aitoloakarnania - Stella Katsarou\" \/>\n<meta property=\"og:description\" content=\"[vc_row][vc_column][vc_single_image image=\u201d1076\u2033 img_size=\u201dfull\u201d alignment=\u201dcenter\u201d][\/vc_column][vc_column width=\u201d5\/12\u2033][vc_column_text] Aitolia and Akarnania constitute true cave landscapes. Their complex natural environment includes coastal zones along [&hellip;]\" \/>\n<meta property=\"og:url\" content=\"https:\/\/www.stellakatsarou.gr\/en\/aitoloakarnania\/\" \/>\n<meta property=\"og:site_name\" content=\"Stella Katsarou\" \/>\n<meta property=\"article:publisher\" content=\"https:\/\/www.facebook.com\/stella.katsaroutzeveleki\" \/>\n<meta property=\"article:modified_time\" content=\"2026-01-26T00:44:05+00:00\" \/>\n<meta name=\"twitter:card\" content=\"summary_large_image\" \/>\n<meta name=\"twitter:label1\" content=\"Est. reading time\" \/>\n\t<meta name=\"twitter:data1\" content=\"5 minutes\" \/>\n<script type=\"application\/ld+json\" class=\"yoast-schema-graph\">{\"@context\":\"https:\\\/\\\/schema.org\",\"@graph\":[{\"@type\":\"WebPage\",\"@id\":\"https:\\\/\\\/www.stellakatsarou.gr\\\/en\\\/aitoloakarnania\\\/\",\"url\":\"https:\\\/\\\/www.stellakatsarou.gr\\\/en\\\/aitoloakarnania\\\/\",\"name\":\"Aitoloakarnania - Stella Katsarou\",\"isPartOf\":{\"@id\":\"https:\\\/\\\/www.stellakatsarou.gr\\\/en\\\/#website\"},\"datePublished\":\"2017-04-12T07:06:45+00:00\",\"dateModified\":\"2026-01-26T00:44:05+00:00\",\"breadcrumb\":{\"@id\":\"https:\\\/\\\/www.stellakatsarou.gr\\\/en\\\/aitoloakarnania\\\/#breadcrumb\"},\"inLanguage\":\"en-US\",\"potentialAction\":[{\"@type\":\"ReadAction\",\"target\":[\"https:\\\/\\\/www.stellakatsarou.gr\\\/en\\\/aitoloakarnania\\\/\"]}]},{\"@type\":\"BreadcrumbList\",\"@id\":\"https:\\\/\\\/www.stellakatsarou.gr\\\/en\\\/aitoloakarnania\\\/#breadcrumb\",\"itemListElement\":[{\"@type\":\"ListItem\",\"position\":1,\"name\":\"Home\",\"item\":\"https:\\\/\\\/www.stellakatsarou.gr\\\/en\\\/\"},{\"@type\":\"ListItem\",\"position\":2,\"name\":\"Aitoloakarnania\"}]},{\"@type\":\"WebSite\",\"@id\":\"https:\\\/\\\/www.stellakatsarou.gr\\\/en\\\/#website\",\"url\":\"https:\\\/\\\/www.stellakatsarou.gr\\\/en\\\/\",\"name\":\"Stella Katsarou\",\"description\":\"Prehistoric Archaeology\",\"potentialAction\":[{\"@type\":\"SearchAction\",\"target\":{\"@type\":\"EntryPoint\",\"urlTemplate\":\"https:\\\/\\\/www.stellakatsarou.gr\\\/en\\\/?s={search_term_string}\"},\"query-input\":{\"@type\":\"PropertyValueSpecification\",\"valueRequired\":true,\"valueName\":\"search_term_string\"}}],\"inLanguage\":\"en-US\"}]}<\/script>\n<!-- \/ Yoast SEO plugin. -->","yoast_head_json":{"title":"Aitoloakarnania - Stella Katsarou","robots":{"index":"index","follow":"follow","max-snippet":"max-snippet:-1","max-image-preview":"max-image-preview:large","max-video-preview":"max-video-preview:-1"},"canonical":"https:\/\/www.stellakatsarou.gr\/en\/aitoloakarnania\/","og_locale":"en_US","og_type":"article","og_title":"Aitoloakarnania - Stella Katsarou","og_description":"[vc_row][vc_column][vc_single_image image=\u201d1076\u2033 img_size=\u201dfull\u201d alignment=\u201dcenter\u201d][\/vc_column][vc_column width=\u201d5\/12\u2033][vc_column_text] Aitolia and Akarnania constitute true cave landscapes. Their complex natural environment includes coastal zones along [&hellip;]","og_url":"https:\/\/www.stellakatsarou.gr\/en\/aitoloakarnania\/","og_site_name":"Stella Katsarou","article_publisher":"https:\/\/www.facebook.com\/stella.katsaroutzeveleki","article_modified_time":"2026-01-26T00:44:05+00:00","twitter_card":"summary_large_image","twitter_misc":{"Est. reading time":"5 minutes"},"schema":{"@context":"https:\/\/schema.org","@graph":[{"@type":"WebPage","@id":"https:\/\/www.stellakatsarou.gr\/en\/aitoloakarnania\/","url":"https:\/\/www.stellakatsarou.gr\/en\/aitoloakarnania\/","name":"Aitoloakarnania - Stella Katsarou","isPartOf":{"@id":"https:\/\/www.stellakatsarou.gr\/en\/#website"},"datePublished":"2017-04-12T07:06:45+00:00","dateModified":"2026-01-26T00:44:05+00:00","breadcrumb":{"@id":"https:\/\/www.stellakatsarou.gr\/en\/aitoloakarnania\/#breadcrumb"},"inLanguage":"en-US","potentialAction":[{"@type":"ReadAction","target":["https:\/\/www.stellakatsarou.gr\/en\/aitoloakarnania\/"]}]},{"@type":"BreadcrumbList","@id":"https:\/\/www.stellakatsarou.gr\/en\/aitoloakarnania\/#breadcrumb","itemListElement":[{"@type":"ListItem","position":1,"name":"Home","item":"https:\/\/www.stellakatsarou.gr\/en\/"},{"@type":"ListItem","position":2,"name":"Aitoloakarnania"}]},{"@type":"WebSite","@id":"https:\/\/www.stellakatsarou.gr\/en\/#website","url":"https:\/\/www.stellakatsarou.gr\/en\/","name":"Stella Katsarou","description":"Prehistoric Archaeology","potentialAction":[{"@type":"SearchAction","target":{"@type":"EntryPoint","urlTemplate":"https:\/\/www.stellakatsarou.gr\/en\/?s={search_term_string}"},"query-input":{"@type":"PropertyValueSpecification","valueRequired":true,"valueName":"search_term_string"}}],"inLanguage":"en-US"}]}},"_links":{"self":[{"href":"https:\/\/www.stellakatsarou.gr\/en\/wp-json\/wp\/v2\/pages\/345","targetHints":{"allow":["GET"]}}],"collection":[{"href":"https:\/\/www.stellakatsarou.gr\/en\/wp-json\/wp\/v2\/pages"}],"about":[{"href":"https:\/\/www.stellakatsarou.gr\/en\/wp-json\/wp\/v2\/types\/page"}],"author":[{"embeddable":true,"href":"https:\/\/www.stellakatsarou.gr\/en\/wp-json\/wp\/v2\/users\/1"}],"replies":[{"embeddable":true,"href":"https:\/\/www.stellakatsarou.gr\/en\/wp-json\/wp\/v2\/comments?post=345"}],"version-history":[{"count":33,"href":"https:\/\/www.stellakatsarou.gr\/en\/wp-json\/wp\/v2\/pages\/345\/revisions"}],"predecessor-version":[{"id":1104,"href":"https:\/\/www.stellakatsarou.gr\/en\/wp-json\/wp\/v2\/pages\/345\/revisions\/1104"}],"wp:attachment":[{"href":"https:\/\/www.stellakatsarou.gr\/en\/wp-json\/wp\/v2\/media?parent=345"}],"curies":[{"name":"wp","href":"https:\/\/api.w.org\/{rel}","templated":true}]}}