{"id":31,"date":"2017-04-08T15:52:35","date_gmt":"2017-04-08T12:52:35","guid":{"rendered":"https:\/\/www.stellakatsarou.gr\/en\/?page_id=31"},"modified":"2026-01-27T00:31:30","modified_gmt":"2026-01-26T22:31:30","slug":"cyclops-cave","status":"publish","type":"page","link":"https:\/\/www.stellakatsarou.gr\/en\/cyclops-cave\/","title":{"rendered":"Cyclops Cyclope Cave"},"content":{"rendered":"<p>[vc_row][vc_column][vc_single_image image=&#8221;762&#8243; img_size=&#8221;full&#8221; alignment=&#8221;center&#8221;]<h1 class=\"fac-big-title fac-title text-left\" style=\"color:#4b4b4b\">Neolithic vessels and ritual practices in the Cyclops cave on \u03a5oura<\/h1>\n[\/vc_column][vc_row][vc_column width=&#8221;1\/2&#8243;][vc_column_text]<\/p>\n<p data-start=\"179\" data-end=\"1071\">A small assemblage of ceramic fragments\u2014mainly necked bowls and a few cups\u2014was discovered in the Cyclops cave on Youra, a small uninhabited island in the Northern Sporades. Their defining feature is the red decorative motifs (meanders, angles, lozenges, or grouped zigzags), painted on the vessels using the grid technique: a mesh of very fine, closely spaced parallel lines that intersect and are painted across the vessel surface like \u201cgraph paper.\u201d The motifs are created by coloring selected squares of the grid, alternating with squares left empty of color. Some vessels also display free motifs, such as circles and triangles. The designs inspire admiration for the skill of the painter(s) in drawing such fine parallel lines, placed so closely together. In particular, the formation of motifs through measured patterning indicates inspiration from weaving and loom-based textile production.<\/p>\n<p>[\/vc_column_text][\/vc_column][vc_column width=&#8221;1\/2&#8243;][vc_media_grid gap=&#8221;10&#8243; grid_id=&#8221;vc_gid:1769466603662-db3e469aa067907db71ebd125ada9dc3-3&#8243; include=&#8221;39,716,710&#8243;][\/vc_column][vc_row][vc_column width=&#8221;1\/3&#8243;][vc_media_grid element_width=&#8221;6&#8243; gap=&#8221;20&#8243; initial_loading_animation=&#8221;none&#8221; grid_id=&#8221;vc_gid:1769466603684-6143131e28cfe7e43680636fadc2df52-3&#8243; include=&#8221;35,36,37,38&#8243;][\/vc_column][vc_column width=&#8221;2\/3&#8243;][vc_column_text]<\/p>\n<p data-start=\"1073\" data-end=\"1404\">The vessels were found in a narrow and inaccessible space formed between stalagmites, an area completely devoid of natural light. The ceramic assemblage is dated to the Middle Neolithic period (ca. 5800\u20135600 BC). From which settlement did these vessels originate? What was their function in the cave, inside the isolated space?<\/p>\n<p data-start=\"1406\" data-end=\"2112\">One hypothesis is that the vessels were transported from a nearby island (Kyra-Panagia), where earlier excavations have revealed a contemporary settlement and similar ceramic wares. Although painted, the vessels from the Cyclops may not have lacked a functional purpose. They may have also carried contents\u2014perhaps food worthy of the symbolic weight of the decoration\u2014possibly within the framework of a particular act or ritual performed in that narrow space of the cave. Could they have belonged to members of a specific group who recognized themselves in these motifs? For example, the connection between ceramic decoration and weaving may indicate a relationship\u2014or even an identification\u2014between potters and loom weavers.<\/p>\n<p>[\/vc_column_text][vc_column_text]<\/p>\n<hr \/>\n<p><em><span style=\"color: #333399\">Excavation by the Ephorate of Paleoanthropology-Speleology<\/span><\/em>[\/vc_column_text][\/vc_column][\/vc_row][vc_row el_class=&#8221;s2-project-read-more&#8221;][vc_column width=&#8221;2\/3&#8243;][vc_column_text]2026, S. Katsarou, Color fashions in the Greek Neolithic: overlaps and interactions across painted styles. In: T. Dzhanfesova (ed.), <em>Reading the Patterns:<\/em><em> exploring Balkan Painted Pottery within Neolithic context (7th-mid 6th mill. BC)<\/em>. Oxford University Press.<\/p>\n<p>2025,\u00a0S. Katsarou,\u00a0<a href=\"https:\/\/www.academia.edu\/146199118\/Caves_and_ritual_activity_in_prehistory\">Caves and ritual activity in prehistory.<\/a>\u00a0In: F. Georgiadis, A. Gadolou (eds.),\u00a0<em>In the Cave. Stories from Darkness Brought to Light<\/em>.\u00a0<em>Publication Realized on the Occasion of the Exhibition \u201cIn the Cave: Stories from Darkness Brought to Light\u201d Organized by the Ephorate of Palaeoanthropology-Speleology and the Archaeological Museum of Thessaloniki, in May 2025<\/em>, pp. 130-147. Ephorate of Palaeoanthropology-Speleology &amp; Archaeological Museum of Thessaloniki. Editions Melissa.<\/p>\n<p>2025, S. Katsarou,\u00a0<a href=\"https:\/\/www.academia.edu\/146205589\/Caves_across_bodies_of_past_and_present_Abstract_\">Caves across bodies of past and present,<\/a>\u00a0<em>EAA 2025, Belgrade, 2-6 September 2025, Session 46: What can bodies do? The archaeology of experience (Organizers: J. Chapman, D. Mlekuz).<\/em><\/p>\n<p>2025<em>,\u00a0<\/em>S. Katsarou,\u00a0<a href=\"https:\/\/www.academia.edu\/146223557\/%CE%97_%CF%83%CF%85%CE%BC%CE%B2%CE%BF%CE%BB%CE%AE_%CF%84%CF%89%CE%BD_%CE%B1%CE%BD%CE%B1%CF%83%CE%BA%CE%B1%CF%86%CF%8E%CE%BD_%CF%83%CF%84%CE%B1_%CF%83%CF%80%CE%AE%CE%BB%CE%B1%CE%B9%CE%B1_%CF%83%CF%84%CE%B9%CF%82_%CE%B3%CE%BD%CF%8E%CF%83%CE%B5%CE%B9%CF%82_%CE%BC%CE%B1%CF%82_%CE%B3%CE%B9%CE%B1_%CF%84%CE%B7%CE%BD_%CE%B5%CE%BB%CE%BB%CE%B7%CE%BD%CE%B9%CE%BA%CE%AE_%CF%80%CF%81%CE%BF%CF%8A%CF%83%CF%84%CE%BF%CF%81%CE%AF%CE%B1_%CE%A0%CE%B5%CF%81%CE%AF%CE%BB%CE%B7%CF%88%CE%B7_Cave_excavations_and_their_contribution_to_the_understanding_of_Greek_prehistory_Abstract_\">Cave excavations and their contribution to understanding Greek prehistory,<\/a>\u00a0<em>Half a Century of Cave Protection and Research. Symposium Dedicated to the Memory of Evangelia Protonotariou-Deilaki, Athens, Epigraphic Museum, 9 October 2025<\/em>\u00a0<em>(Organizer: Ephorate of Palaeoanthropology-Speleology). <\/em><span style=\"color: #808080\">[in Greek]<\/span><\/p>\n<p>2024, S. Katsarou, Ritual journeys t\u03bf caves during the Greek Neolithic: an integrated perspective of rituals, voyaging and caves,\u00a0<em>Acta Archaeologica\u00a0<\/em>95(2), pp. 262-282. <a href=\"https:\/\/doi.org\/10.1163\/16000390-09501001\">https:\/\/doi.org\/10.1163\/16000390-09501001<\/a><\/p>\n<p>2021, S. Katsarou, <a href=\"https:\/\/www.academia.edu\/95831066\/The_dawn_of_ancient_Greek_cave_cult_Prehistoric_cave_sanctuaries\">The dawn of ancient Greek cave cult: Prehistoric cave sanctuaries.<\/a> \u03a3\u03c4\u03bf: S. Katsarou, A. Nagel (eds.), <em>Cave and Worship in Ancient Greece. <\/em><em>New<\/em><em> Approaches to Landscape and Ritual<\/em>, pp. 17-48. London\/New York. Routledge. <a href=\"https:\/\/doi.org\/10.4324\/9781003015765-2\">https:\/\/doi.org\/10.4324\/9781003015765-2<\/a><\/p>\n<p>2022, S. Katsarou, \u201cLindsey B\u00fcster, Eug\u00e8ne Warmenbol and Dimitrij Mleku\u017e, eds. Between Worlds: Understanding Ritual Cave Use in Later Prehistory (Cham: Springer, 2019, 270pp., 17 b\/w illustr., 85 colour illustr., hbk, ISBN 978-3-319-99021-7),\u201d\u00a0<em>European Journal of Archaeology<\/em>\u00a02<em>5<\/em>(2), pp. 262-266. Review. <a href=\"https:\/\/doi.org\/10.1017\/eaa.2022.8\">https:\/\/doi.org\/10.1017\/eaa.2022.8<\/a><\/p>\n<p>2021, S. Katsarou,\u00a0<a href=\"https:\/\/www.academia.edu\/95831066\/The_dawn_of_ancient_Greek_cave_cult_Prehistoric_cave_sanctuaries\">The dawn of ancient Greek cave cult: Prehistoric cave sanctuaries.<\/a> In: S. Katsarou, A. Nagel (eds.), <em>Cave and Worship in Ancient Greece.\u00a0<\/em><em>New<\/em><em>\u00a0Approaches to Landscape and Ritual<\/em>, pp. 17-48. London\/New York. Routledge. <a href=\"https:\/\/doi.org\/10.4324\/9781003015765-2\">https:\/\/doi.org\/10.4324\/9781003015765-2<\/a><\/p>\n<p>2016, S. Katsarou-Tzeveleki,\u00a0<a href=\"https:\/\/www.academia.edu\/26633362\/The_Middle_Neolithic_pattern_painted_ware_from_the_Cave_of_Cyclops_Northern_Aegean_Deconstructing_older_theories\">The Middle Neolithic pattern-painted ware from the Cave of Cyclops, Northern Aegean: Deconstructing older theories.<\/a> In: \u0395. Papadopoulou-Chrysikopoulou, V. Chrysikopoulos, G. Christakopoulou (eds.). <em>ACHAIOS. Studies Presented to Professor Thanasis I. Papadopoulos<\/em>, pp. 117-126. Oxford. Archaeopress Archaeology<em>. <\/em><a href=\"https:\/\/doi.org\/10.2307\/j.ctvxw3ngx.21\">https:\/\/doi.org\/10.2307\/j.ctvxw3ngx.21<\/a><u><\/u><\/p>\n<p>2010, P. Quinn, P. Day, V. Kilikoglou, E. Faber, S. Katsarou-Tzeveleki, A. Sampson, Keeping an eye on your pots: The provenance of Neolithic ceramics from the Cave of the Cyclops, Youra, Greece,\u00a0<em>Journal of Archeological Science\u00a0<\/em>37, pp. 1042-1052. <a href=\"https:\/\/doi.org\/10.1016\/j.jas.2009.12.005\">https:\/\/doi.org\/10.1016\/j.jas.2009.12.005<\/a><\/p>\n<p>2009, S. Katsarou,\u00a0<a href=\"https:\/\/www.academia.edu\/26633551\/Colorful_images_of_the_Greek_Neolithic_Oral_text_\">Colorful images of the Greek Neolithic,<\/a>\u00a0<em>Theoretical Archaeology Group-USA<\/em>\u00a0<em>2009,<\/em><em>\u00a0Stanford, CA, 1-3 May 2009<\/em><em>:<\/em>\u00a0<em>The Color of Things: Debating the Role and Future of Color in Archaeology (<\/em><em>Organizer: <\/em><em>A. Nagel, University of Michigan)<\/em>. Oral text uploaded at <a href=\"https:\/\/www.academia.edu\/26633551\/Colorful_images_of_the_Greek_Neolithic_Oral_text_\">www.academia.edu<\/a>.<\/p>\n<p>2008, S. Katsarou-\u03a4zeveleki,\u00a0<a href=\"https:\/\/www.academia.edu\/1516903\/Middle_Neolithic_weavers_paint_Red_patterns_as_markers_of_the_local_groups_identity\">Middle Neolithic weavers paint: red patterns as markers of the local group\u2019s identity.<\/a> In: A. Sampson (ed.), <em>The Cave of Cyclops on the Island of Youra, Greece. Mesolithic and Neolithic Networks in the Northern Aegean Basin. Vol.\u00a0<\/em><em>\u0399<\/em><em>: Intra-Site Analysis, Local Industries and Regional Site Distribution<\/em>, pp. 69-110. Philadelpheia. INSTAP Academic Press.<\/p>\n<p>2006, S. Katsarou-Tzeveleki, <a href=\"https:\/\/www.academia.edu\/1516878\/%CE%94%CE%B9%CE%B1%CE%BA%CE%BF%CF%83%CE%BC%CE%B7%CE%BC%CE%AD%CE%BD%CE%B1_%CF%83%CE%BA%CE%B5%CF%8D%CE%B7_%CF%84%CE%B7%CF%82_%CE%9C%CE%AD%CF%83%CE%B7%CF%82_%CE%9D%CE%B5%CE%BF%CE%BB%CE%B9%CE%B8%CE%B9%CE%BA%CE%AE%CF%82_%CF%83%CF%84%CE%BF_%CF%83%CF%80%CE%AE%CE%BB%CE%B1%CE%B9%CE%BF_%CF%84%CE%BF%CF%85_%CE%9A%CF%8D%CE%BA%CE%BB%CF%89%CF%80%CE%B1_Middle_Neolithic_decorated_vases_in_the_cave_of_Cyclops\">Cave of Cyclops, Youra: contribution of the painted pottery to the discussion on Middle Neolithic symbolisms,<\/a><em> Archaeological Work of Thessaly and Central Greece<\/em> 2 (publ. 2009), pp. 53-59. <span style=\"color: #808080\">[in Greek]<\/span><\/p>\n<p>2006, S. Katsarou-Tzeveleki, <a href=\"https:\/\/www.academia.edu\/1516878\/%CE%94%CE%B9%CE%B1%CE%BA%CE%BF%CF%83%CE%BC%CE%B7%CE%BC%CE%AD%CE%BD%CE%B1_%CF%83%CE%BA%CE%B5%CF%8D%CE%B7_%CF%84%CE%B7%CF%82_%CE%9C%CE%AD%CF%83%CE%B7%CF%82_%CE%9D%CE%B5%CE%BF%CE%BB%CE%B9%CE%B8%CE%B9%CE%BA%CE%AE%CF%82_%CF%83%CF%84%CE%BF_%CF%83%CF%80%CE%AE%CE%BB%CE%B1%CE%B9%CE%BF_%CF%84%CE%BF%CF%85_%CE%9A%CF%8D%CE%BA%CE%BB%CF%89%CF%80%CE%B1_Middle_Neolithic_decorated_vases_in_the_cave_of_Cyclops\">Middle Neolithic decorated vases in the cave of Cyclops.<\/a> In: A. Sampson, <em>\u03a4he Prehistory of the Aegean Basin. Palaeolithic- Mesolithic-Neolithic,<\/em> pp. 126-136. Athens. Editions Atrapos. <span style=\"color: #808080\">[in Greek]<\/span><\/p>\n<p>2001, S. Katsarou, <a href=\"https:\/\/www.academia.edu\/1516898\/%CE%97_%CE%BA%CE%B5%CF%81%CE%B1%CE%BC%CE%B5%CE%B9%CE%BA%CE%AE_%CE%BC%CE%B5_%CE%B5%CF%81%CF%85%CE%B8%CF%81%CE%AC_%CE%BA%CE%BF%CF%83%CE%BC%CE%AE%CE%BC%CE%B1%CF%84%CE%B1_%CE%B1%CF%80%CF%8C_%CF%84%CE%B1_%CF%83%CF%84%CF%81%CF%8E%CE%BC%CE%B1%CF%84%CE%B1_%CF%84%CE%B7%CF%82_%CE%9C%CE%AD%CF%83%CE%B7%CF%82_%CE%9D%CE%B5%CE%BF%CE%BB%CE%B9%CE%B8%CE%B9%CE%BA%CE%AE%CF%82_%CF%84%CE%BF%CF%85_%CF%83%CF%80%CE%B7%CE%BB%CE%B1%CE%AF%CE%BF%CF%85_%CF%84%CE%BF%CF%85_%CE%9A%CF%8D%CE%BA%CE%BB%CF%89%CF%80%CE%B1_Red_on_white_painted_pottery_from_the_early_Middle_Neolithic_levels_of_the_cave_of_Cyclope_Youra\">Red-on-white painted pottery from the early Middle Neolithic levels of the cave of Cyclope, Youra.<\/a> In: A. Sampson (ed.), <em>Archaeological Research in the Northern Sporades,<\/em> pp. 11-31. Alonnissos. Municipality of Alonnissos. <span style=\"color: #808080\">[in Greek]<\/span><\/p>\n<p>1996, <em>S. Katsarou,<\/em> S. Tsourinaki, <a href=\"https:\/\/www.academia.edu\/146225616\/%CE%97_%CE%BA%CE%B5%CF%81%CE%B1%CE%BC%CE%B5%CE%B9%CE%BA%CE%AE_%CE%BC%CE%B5_%CE%B5%CF%81%CF%85%CE%B8%CF%81%CE%AC_%CE%BA%CE%BF%CF%83%CE%BC%CE%AE%CE%BC%CE%B1%CF%84%CE%B1_%CE%B1%CF%80%CF%8C_%CF%84%CE%BF_%CF%83%CF%80%CE%AE%CE%BB%CE%B1%CE%B9%CE%BF_%CF%84%CE%BF%CF%85_%CE%9A%CF%8D%CE%BA%CE%BB%CF%89%CF%80%CE%B1_%CE%BA%CE%B1%CE%B9_%CE%B7_%CF%83%CF%87%CE%AD%CF%83%CE%B7_%CF%84%CE%B7%CF%82_%CE%BC%CE%B5_%CF%84%CE%B7%CE%BD_%CF%85%CF%86%CE%B1%CE%BD%CF%84%CE%B9%CE%BA%CE%AE_Neolithic_painted_pottery_the_cave_of_Cyclops_and_its_relationship_to_weaving\">Neolithic painted pottery from the cave of Cyclops and its relationship to weaving,<\/a><em> Archaeology in the Northern Sporades. Local Conference, Alonnissos, 12-13 October 1996 (Organizers: Society of Peparethian Studies &amp; Municipality of Alonnissos). <\/em><span style=\"color: #808080\">[in Greek]<\/span><\/p>\n<p>2003, S. Katsarou, A. Sampson, <a href=\"https:\/\/www.academia.edu\/146232131\/%CE%A3%CF%80%CE%AE%CE%BB%CE%B1%CE%B9%CE%BF_%CE%9A%CF%8D%CE%BA%CE%BB%CF%89%CF%80%CE%B1_%CE%93%CE%B9%CE%BF%CF%8D%CF%81%CF%89%CE%BD_%CE%94%CF%8D%CF%83%CE%BA%CE%BF%CE%BB%CE%B7_%CE%B1%CF%80%CE%BF%CF%83%CF%84%CE%BF%CE%BB%CE%AE_%CE%BC%CE%B5_%CE%B5%CE%BD%CF%84%CF%85%CF%80%CF%89%CF%83%CE%B9%CE%B1%CE%BA%CE%AC_%CE%B5%CF%85%CF%81%CE%AE%CE%BC%CE%B1%CF%84%CE%B1_%CE%A0%CE%B5%CF%81%CE%AF%CE%BB%CE%B7%CF%88%CE%B7_Cave_of_Cyclope_on_Youra_Impressive_finds_reward_effort_demanding_mission_Abstract_\">Cave of Cyclope on Youra: Impressive finds reward effort demanding mission,<\/a> <em>3rd Symposium on Cave Archaeology, Geology and Palaeontology<\/em>, <em>Athens, Harokopio University, October 17-19, 2003 (Organizers: Hellenic Speleological Society &amp; Hellenic Federation of Speleology).\u00a0<\/em>Unpublished proceedings, uploaded on <a href=\"https:\/\/www.academia.edu\/26636411\/%CE%A3%CF%80%CE%AE%CE%BB%CE%B1%CE%B9%CE%BF_%CE%9A%CF%8D%CE%BA%CE%BB%CF%89%CF%80%CE%B1_%CE%93%CE%B9%CE%BF%CF%8D%CF%81%CF%89%CE%BD_%CE%94%CF%8D%CF%83%CE%BA%CE%BF%CE%BB%CE%B7_%CE%B1%CF%80%CE%BF%CF%83%CF%84%CE%BF%CE%BB%CE%AE_%CE%BC%CE%B5_%CE%B5%CE%BD%CF%84%CF%85%CF%80%CF%89%CF%83%CE%B9%CE%B1%CE%BA%CE%AC_%CE%B5%CF%85%CF%81%CE%AE%CE%BC%CE%B1%CF%84%CE%B1_Cave_of_Cyclops_on_Youra_Northern_Sporades_Impressive_finds_reward_effort_demanding_mission\">www.academia.edu<\/a>. <span style=\"color: #808080\">[in Greek]<\/span>[\/vc_column_text][\/vc_column][\/vc_row]<\/p>\n","protected":false},"excerpt":{"rendered":"<p>[vc_row][vc_column][vc_single_image image=&#8221;762&#8243; img_size=&#8221;full&#8221; alignment=&#8221;center&#8221;][\/vc_column][vc_row][vc_column width=&#8221;1\/2&#8243;][vc_column_text] A small assemblage of ceramic fragments\u2014mainly necked bowls and a few cups\u2014was discovered in the [&hellip;]<\/p>\n","protected":false},"author":1,"featured_media":0,"parent":0,"menu_order":0,"comment_status":"closed","ping_status":"closed","template":"page-pagebuilder.php","meta":{"footnotes":""},"class_list":["post-31","page","type-page","status-publish","hentry"],"yoast_head":"<!-- This site is optimized with the Yoast SEO plugin v27.4 - https:\/\/yoast.com\/product\/yoast-seo-wordpress\/ -->\n<title>Cyclops Cyclope Cave - Stella Katsarou<\/title>\n<meta name=\"robots\" content=\"index, follow, max-snippet:-1, max-image-preview:large, max-video-preview:-1\" \/>\n<link rel=\"canonical\" href=\"https:\/\/www.stellakatsarou.gr\/en\/cyclops-cave\/\" \/>\n<meta property=\"og:locale\" content=\"en_US\" \/>\n<meta property=\"og:type\" content=\"article\" \/>\n<meta property=\"og:title\" content=\"Cyclops Cyclope Cave - Stella Katsarou\" \/>\n<meta property=\"og:description\" content=\"[vc_row][vc_column][vc_single_image image=&#8221;762&#8243; img_size=&#8221;full&#8221; alignment=&#8221;center&#8221;][\/vc_column][vc_row][vc_column width=&#8221;1\/2&#8243;][vc_column_text] A small assemblage of ceramic fragments\u2014mainly necked bowls and a few cups\u2014was discovered in the [&hellip;]\" \/>\n<meta property=\"og:url\" content=\"https:\/\/www.stellakatsarou.gr\/en\/cyclops-cave\/\" \/>\n<meta property=\"og:site_name\" content=\"Stella Katsarou\" \/>\n<meta property=\"article:publisher\" content=\"https:\/\/www.facebook.com\/stella.katsaroutzeveleki\" \/>\n<meta property=\"article:modified_time\" content=\"2026-01-26T22:31:30+00:00\" \/>\n<meta name=\"twitter:card\" content=\"summary_large_image\" \/>\n<meta name=\"twitter:label1\" content=\"Est. reading time\" \/>\n\t<meta name=\"twitter:data1\" content=\"5 minutes\" \/>\n<script type=\"application\/ld+json\" class=\"yoast-schema-graph\">{\"@context\":\"https:\\\/\\\/schema.org\",\"@graph\":[{\"@type\":\"WebPage\",\"@id\":\"https:\\\/\\\/www.stellakatsarou.gr\\\/en\\\/cyclops-cave\\\/\",\"url\":\"https:\\\/\\\/www.stellakatsarou.gr\\\/en\\\/cyclops-cave\\\/\",\"name\":\"Cyclops Cyclope Cave - Stella Katsarou\",\"isPartOf\":{\"@id\":\"https:\\\/\\\/www.stellakatsarou.gr\\\/en\\\/#website\"},\"datePublished\":\"2017-04-08T12:52:35+00:00\",\"dateModified\":\"2026-01-26T22:31:30+00:00\",\"breadcrumb\":{\"@id\":\"https:\\\/\\\/www.stellakatsarou.gr\\\/en\\\/cyclops-cave\\\/#breadcrumb\"},\"inLanguage\":\"en-US\",\"potentialAction\":[{\"@type\":\"ReadAction\",\"target\":[\"https:\\\/\\\/www.stellakatsarou.gr\\\/en\\\/cyclops-cave\\\/\"]}]},{\"@type\":\"BreadcrumbList\",\"@id\":\"https:\\\/\\\/www.stellakatsarou.gr\\\/en\\\/cyclops-cave\\\/#breadcrumb\",\"itemListElement\":[{\"@type\":\"ListItem\",\"position\":1,\"name\":\"Home\",\"item\":\"https:\\\/\\\/www.stellakatsarou.gr\\\/en\\\/\"},{\"@type\":\"ListItem\",\"position\":2,\"name\":\"Cyclops Cyclope Cave\"}]},{\"@type\":\"WebSite\",\"@id\":\"https:\\\/\\\/www.stellakatsarou.gr\\\/en\\\/#website\",\"url\":\"https:\\\/\\\/www.stellakatsarou.gr\\\/en\\\/\",\"name\":\"Stella Katsarou\",\"description\":\"Prehistoric Archaeology\",\"potentialAction\":[{\"@type\":\"SearchAction\",\"target\":{\"@type\":\"EntryPoint\",\"urlTemplate\":\"https:\\\/\\\/www.stellakatsarou.gr\\\/en\\\/?s={search_term_string}\"},\"query-input\":{\"@type\":\"PropertyValueSpecification\",\"valueRequired\":true,\"valueName\":\"search_term_string\"}}],\"inLanguage\":\"en-US\"}]}<\/script>\n<!-- \/ Yoast SEO plugin. -->","yoast_head_json":{"title":"Cyclops Cyclope Cave - Stella Katsarou","robots":{"index":"index","follow":"follow","max-snippet":"max-snippet:-1","max-image-preview":"max-image-preview:large","max-video-preview":"max-video-preview:-1"},"canonical":"https:\/\/www.stellakatsarou.gr\/en\/cyclops-cave\/","og_locale":"en_US","og_type":"article","og_title":"Cyclops Cyclope Cave - Stella Katsarou","og_description":"[vc_row][vc_column][vc_single_image image=&#8221;762&#8243; img_size=&#8221;full&#8221; alignment=&#8221;center&#8221;][\/vc_column][vc_row][vc_column width=&#8221;1\/2&#8243;][vc_column_text] A small assemblage of ceramic fragments\u2014mainly necked bowls and a few cups\u2014was discovered in the [&hellip;]","og_url":"https:\/\/www.stellakatsarou.gr\/en\/cyclops-cave\/","og_site_name":"Stella Katsarou","article_publisher":"https:\/\/www.facebook.com\/stella.katsaroutzeveleki","article_modified_time":"2026-01-26T22:31:30+00:00","twitter_card":"summary_large_image","twitter_misc":{"Est. reading time":"5 minutes"},"schema":{"@context":"https:\/\/schema.org","@graph":[{"@type":"WebPage","@id":"https:\/\/www.stellakatsarou.gr\/en\/cyclops-cave\/","url":"https:\/\/www.stellakatsarou.gr\/en\/cyclops-cave\/","name":"Cyclops Cyclope Cave - Stella Katsarou","isPartOf":{"@id":"https:\/\/www.stellakatsarou.gr\/en\/#website"},"datePublished":"2017-04-08T12:52:35+00:00","dateModified":"2026-01-26T22:31:30+00:00","breadcrumb":{"@id":"https:\/\/www.stellakatsarou.gr\/en\/cyclops-cave\/#breadcrumb"},"inLanguage":"en-US","potentialAction":[{"@type":"ReadAction","target":["https:\/\/www.stellakatsarou.gr\/en\/cyclops-cave\/"]}]},{"@type":"BreadcrumbList","@id":"https:\/\/www.stellakatsarou.gr\/en\/cyclops-cave\/#breadcrumb","itemListElement":[{"@type":"ListItem","position":1,"name":"Home","item":"https:\/\/www.stellakatsarou.gr\/en\/"},{"@type":"ListItem","position":2,"name":"Cyclops Cyclope Cave"}]},{"@type":"WebSite","@id":"https:\/\/www.stellakatsarou.gr\/en\/#website","url":"https:\/\/www.stellakatsarou.gr\/en\/","name":"Stella Katsarou","description":"Prehistoric Archaeology","potentialAction":[{"@type":"SearchAction","target":{"@type":"EntryPoint","urlTemplate":"https:\/\/www.stellakatsarou.gr\/en\/?s={search_term_string}"},"query-input":{"@type":"PropertyValueSpecification","valueRequired":true,"valueName":"search_term_string"}}],"inLanguage":"en-US"}]}},"_links":{"self":[{"href":"https:\/\/www.stellakatsarou.gr\/en\/wp-json\/wp\/v2\/pages\/31","targetHints":{"allow":["GET"]}}],"collection":[{"href":"https:\/\/www.stellakatsarou.gr\/en\/wp-json\/wp\/v2\/pages"}],"about":[{"href":"https:\/\/www.stellakatsarou.gr\/en\/wp-json\/wp\/v2\/types\/page"}],"author":[{"embeddable":true,"href":"https:\/\/www.stellakatsarou.gr\/en\/wp-json\/wp\/v2\/users\/1"}],"replies":[{"embeddable":true,"href":"https:\/\/www.stellakatsarou.gr\/en\/wp-json\/wp\/v2\/comments?post=31"}],"version-history":[{"count":49,"href":"https:\/\/www.stellakatsarou.gr\/en\/wp-json\/wp\/v2\/pages\/31\/revisions"}],"predecessor-version":[{"id":961,"href":"https:\/\/www.stellakatsarou.gr\/en\/wp-json\/wp\/v2\/pages\/31\/revisions\/961"}],"wp:attachment":[{"href":"https:\/\/www.stellakatsarou.gr\/en\/wp-json\/wp\/v2\/media?parent=31"}],"curies":[{"name":"wp","href":"https:\/\/api.w.org\/{rel}","templated":true}]}}