{"id":341,"date":"2017-03-08T17:20:57","date_gmt":"2017-03-08T15:20:57","guid":{"rendered":"https:\/\/www.stellakatsarou.gr\/el\/?page_id=341"},"modified":"2026-01-26T23:29:59","modified_gmt":"2026-01-26T21:29:59","slug":"franchthi-cave","status":"publish","type":"page","link":"https:\/\/www.stellakatsarou.gr\/el\/franchthi-cave\/","title":{"rendered":"\u03a3\u03c0\u03ae\u03bb\u03b1\u03b9\u03bf \u03a6\u03c1\u03ac\u03b3\u03c7\u03b8\u03b9"},"content":{"rendered":"<p>[vc_row][vc_column][vc_single_image image=&#8221;1030&#8243; img_size=&#8221;full&#8221; alignment=&#8221;center&#8221; style=&#8221;vc_box_rounded&#8221;]<h1 class=\"fac-title text-left\" style=\"color:#39542f\">\u039d\u03b5\u03bf\u03bb\u03b9\u03b8\u03b9\u03ba\u03ae \u03c4\u03b5\u03c7\u03bd\u03bf\u03bb\u03bf\u03b3\u03af\u03b1 \u03ba\u03b1\u03b9 \u03b1\u03b9\u03c3\u03b8\u03b7\u03c4\u03b9\u03ba\u03ae \u03c0\u03b1\u03c1\u03ac\u03b4\u03bf\u03c3\u03b7 \u03c3\u03c4\u03bf \u03c3\u03c0\u03ae\u03bb\u03b1\u03b9\u03bf \u03a6\u03c1\u03ac\u03b3\u03b8\u03c7\u03b9 \u03c3\u03c4\u03b7\u03bd \u0391\u03c1\u03b3\u03bf\u03bb\u03af\u03b4\u03b1<\/h1>\n[\/vc_column][vc_column width=&#8221;3\/4&#8243;][vc_column_text]\u03a0\u03c1\u03cc\u03c3\u03c6\u03b1\u03c4\u03b7 \u03b1\u03bd\u03b1\u03c3\u03ba\u03b1\u03c6\u03ae \u03c3\u03c4\u03bf\u03bd \u03c0\u03b5\u03c1\u03b9\u03b2\u03ac\u03bb\u03bb\u03bf\u03bd\u03c4\u03b1 \u03c7\u03ce\u03c1\u03bf \u03c4\u03bf\u03c5 \u03c3\u03c0\u03b7\u03bb\u03b1\u03af\u03bf\u03c5 \u03a6\u03c1\u03ac\u03b3\u03b8\u03c7\u03b9 \u03ad\u03b4\u03b5\u03b9\u03be\u03b5 \u03c4\u03b7 \u03bc\u03b5\u03b3\u03ac\u03bb\u03b7 \u03ad\u03ba\u03c4\u03b1\u03c3\u03b7 \u03c4\u03bf\u03c5 \u03bd\u03b5\u03bf\u03bb\u03b9\u03b8\u03b9\u03ba\u03bf\u03cd \u03c7\u03c9\u03c1\u03b9\u03bf\u03cd (6\u03b7 \u03c7\u03b9\u03bb\u03b9\u03b5\u03c4\u03af\u03b1 \u03c0.\u03a7) \u03c4\u03cc\u03c3\u03bf \u03ba\u03bf\u03bd\u03c4\u03ac \u03c3\u03c4\u03b7\u03bd \u03c3\u03b7\u03bc\u03b5\u03c1\u03b9\u03bd\u03ae \u03c0\u03b1\u03c1\u03b1\u03bb\u03af\u03b1 \u03cc\u03c3\u03bf \u03ba\u03b1\u03b9 \u03c8\u03b7\u03bb\u03cc\u03c4\u03b5\u03c1\u03b1. \u03a4\u03b1 \u03ba\u03c5\u03c1\u03b9\u03cc\u03c4\u03b5\u03c1\u03b1 \u03b5\u03c5\u03c1\u03ae\u03bc\u03b1\u03c4\u03b1 \u03c3\u03b5 \u03cc\u03bb\u03b7 \u03b1\u03c5\u03c4\u03ae \u03c4\u03b7\u03bd \u03ad\u03ba\u03c4\u03b1\u03c3\u03b7 \u03b5\u03af\u03bd\u03b1\u03b9 \u03b7 \u03ba\u03b5\u03c1\u03b1\u03bc\u03b9\u03ba\u03ae \u03c4\u03cd\u03c0\u03bf\u03c5 Urfirnis, \u03b4\u03b7\u03bb\u03b1\u03b4\u03ae \u03b7 \u03ba\u03b5\u03c1\u03b1\u03bc\u03b9\u03ba\u03ae \u03c0\u03bf\u03c5 \u03b4\u03b7\u03bc\u03b9\u03bf\u03c5\u03c1\u03b3\u03b5\u03af\u03c4\u03b1\u03b9 \u03bc\u03b5 \u03b5\u03c0\u03b9\u03c7\u03c1\u03af\u03c3\u03bc\u03b1\u03c4\u03b1 \u03ba\u03b1\u03b9 \u03b2\u03b1\u03c6\u03ad\u03c2 \u03c0\u03bf\u03c5 \u03b5\u03bc\u03c6\u03b1\u03bd\u03af\u03b6\u03bf\u03c5\u03bd \u03c3\u03c4\u03b9\u03bb\u03c0\u03bd\u03cc\u03c4\u03b7\u03c4\u03b1 \u03bc\u03b5\u03c4\u03ac \u03c4\u03b7\u03bd \u03cc\u03c0\u03c4\u03b7\u03c3\u03b7 \u03c7\u03c9\u03c1\u03af\u03c2 \u03bd\u03b1 \u03ad\u03c7\u03b5\u03b9 \u03c0\u03c1\u03bf\u03b7\u03b3\u03b7\u03b8\u03b5\u03af \u03c3\u03c4\u03af\u03bb\u03b2\u03c9\u03c3\u03b7.<\/p>\n<p>\u03a0\u03c1\u03bf\u03c3\u03b5\u03ba\u03c4\u03b9\u03ba\u03ae \u03c0\u03b1\u03c1\u03b1\u03c4\u03ae\u03c1\u03b7\u03c3\u03b7, \u03cc\u03c3\u03c4\u03c1\u03b1\u03ba\u03bf-\u03cc\u03c3\u03c4\u03c1\u03b1\u03ba\u03bf, \u03b4\u03b5\u03af\u03c7\u03bd\u03b5\u03b9 \u03cc\u03c4\u03b9 \u03c5\u03c0\u03ac\u03c1\u03c7\u03bf\u03c5\u03bd \u03b3\u03b5\u03bd\u03b9\u03ba\u03ac \u03b4\u03b9\u03b1\u03ba\u03bf\u03c3\u03bc\u03b7\u03c4\u03b9\u03ba\u03ac \u03bc\u03bf\u03c4\u03af\u03b2\u03b1 \u03ba\u03b1\u03b9 \u03ad\u03bd\u03c4\u03bf\u03bd\u03b7 \u03ad\u03bc\u03c6\u03b1\u03c3\u03b7 \u03c3\u03c4\u03b7\u03bd \u03c0\u03bf\u03bb\u03c5\u03c7\u03c1\u03c9\u03bc\u03af\u03b1. \u039c\u03b9\u03b1 \u03c7\u03b1\u03c1\u03b1\u03ba\u03c4\u03b7\u03c1\u03b9\u03c3\u03c4\u03b9\u03ba\u03ae \u03b1\u03b9\u03c3\u03b8\u03b7\u03c4\u03b9\u03ba\u03ae \u03c4\u03ac\u03c3\u03b7 \u03b5\u03af\u03bd\u03b1\u03b9 \u03bf\u03b9 \u03c3\u03ba\u03cc\u03c0\u03b9\u03bc\u03b1 \u03b5\u03bc\u03c6\u03b1\u03bd\u03b5\u03af\u03c2 &#8220;\u03b2\u03bf\u03c5\u03c1\u03c4\u03c3\u03b9\u03ad\u03c2&#8221; \u03c4\u03bf\u03c5 \u03c0\u03b9\u03bd\u03ad\u03bb\u03bf\u03c5 \u03ba\u03b1\u03b9 \u03b7 \u03b4\u03b9\u03b1\u03ba\u03cd\u03bc\u03b1\u03bd\u03c3\u03b7 \u03c4\u03bf\u03c5 \u03c7\u03c1\u03c9\u03bc\u03b1\u03c4\u03b9\u03c3\u03bc\u03bf\u03cd \u03c4\u03b7\u03c2 \u03b2\u03b1\u03c6\u03ae\u03c2. \u03a9\u03c3\u03c4\u03cc\u03c3\u03bf, \u03ba\u03ac\u03b8\u03b5 \u03b1\u03b3\u03b3\u03b5\u03af\u03bf \u03b5\u03af\u03bd\u03b1\u03b9 \u03ad\u03bd\u03b1\u03c2 \u03bc\u03bf\u03bd\u03b1\u03b4\u03b9\u03ba\u03cc\u03c2 \u03c3\u03c5\u03bd\u03b4\u03c5\u03b1\u03c3\u03bc\u03cc\u03c2 \u03c7\u03c1\u03c9\u03bc\u03ac\u03c4\u03c9\u03bd, \u03b1\u03c0\u03bf\u03c7\u03c1\u03ce\u03c3\u03b5\u03c9\u03bd \u03ba\u03b1\u03b9 \u03ba\u03bf\u03c3\u03bc\u03b7\u03bc\u03ac\u03c4\u03c9\u03bd. \u0397 \u03b1\u03b9\u03c3\u03b8\u03b7\u03c4\u03b9\u03ba\u03ae \u03ba\u03b1\u03b9 \u03b7 \u03c4\u03b5\u03c7\u03bd\u03b9\u03ba\u03ae \u03c4\u03c9\u03bd Urfirnis \u03b5\u03c0\u03b7\u03c1\u03b5\u03ac\u03b6\u03b5\u03b9 \u03c4\u03b1 \u03b4\u03b9\u03b1\u03ba\u03bf\u03c3\u03bc\u03b7\u03c4\u03b9\u03ba\u03ac \u03b8\u03ad\u03bc\u03b1\u03c4\u03b1 \u03ba\u03b1\u03b9 \u03ac\u03bb\u03bb\u03c9\u03bd \u03b1\u03b3\u03b3\u03b5\u03af\u03c9\u03bd \u03c0\u03bf\u03c5 \u03ba\u03b1\u03c4\u03b1\u03c3\u03ba\u03b5\u03c5\u03ac\u03b6\u03bf\u03bd\u03c4\u03b1\u03b9 \u03bc\u03b5 \u03c3\u03c5\u03bc\u03b2\u03b1\u03c4\u03b9\u03ba\u03ac \u03b5\u03c0\u03b9\u03c7\u03c1\u03af\u03c3\u03bc\u03b1\u03c4\u03b1 \u03c3\u03b5 \u03ac\u03bb\u03bb\u03b5\u03c2 \u03c0\u03b5\u03c1\u03b9\u03bf\u03c7\u03ad\u03c2. \u0397 \u03b5\u03c0\u03b9\u03c1\u03c1\u03bf\u03ae \u03b1\u03c5\u03c4\u03ae \u03c6\u03c4\u03ac\u03bd\u03b5\u03b9 \u03ad\u03c9\u03c2 \u03c4\u03b7\u03bd \u03ba\u03b5\u03bd\u03c4\u03c1\u03b9\u03ba\u03ae \u03ba\u03b1\u03b9 \u03b4\u03c5\u03c4\u03b9\u03ba\u03ae \u0395\u03bb\u03bb\u03ac\u03b4\u03b1 \u03b1\u03bb\u03bb\u03ac \u03ba\u03b1\u03b9 \u03c3\u03c4\u03bf \u0391\u03b9\u03b3\u03b1\u03af\u03bf \u03ba\u03b1\u03b9 \u03c0\u03c1\u03bf\u03c3\u03c6\u03ad\u03c1\u03b5\u03b9 \u03ad\u03bd\u03b1 \u03b6\u03c9\u03bd\u03c4\u03b1\u03bd\u03cc \u03c0\u03b1\u03c1\u03ac\u03b4\u03b5\u03b9\u03b3\u03bc\u03b1 \u03b3\u03b9\u03b1 \u03c4\u03b9\u03c2 \u03c4\u03b5\u03c7\u03bd\u03b9\u03ba\u03ad\u03c2 \u03ba\u03b1\u03b9 \u03c4\u03b9\u03c2 &#8220;\u03b5\u03b9\u03ba\u03cc\u03bd\u03b5\u03c2&#8221; \u03c4\u03b7\u03c2 \u039d\u03b5\u03bf\u03bb\u03b9\u03b8\u03b9\u03ba\u03ae\u03c2 \u03b5\u03c0\u03bf\u03c7\u03ae\u03c2, \u03c0\u03bf\u03c5 \u03c4\u03b1\u03be\u03b9\u03b4\u03b5\u03cd\u03bf\u03c5\u03bd \u03ba\u03b1\u03b9 \u03bc\u03b5\u03c4\u03b1\u03c3\u03c7\u03b7\u03bc\u03b1\u03c4\u03af\u03b6\u03bf\u03bd\u03c4\u03b1\u03b9.[\/vc_column_text][vc_column_text]<\/p>\n<hr \/>\n<p><span style=\"color: #333399\"><em>\u0391\u03bd\u03b1\u03c3\u03ba\u03b1\u03c6\u03ae \u03c4\u03b7\u03c2 \u0395\u03c6\u03bf\u03c1\u03b5\u03af\u03b1\u03c2 \u03a0\u03b1\u03bb\u03b1\u03b9\u03bf\u03b1\u03bd\u03b8\u03c1\u03c9\u03c0\u03bf\u03bb\u03bf\u03b3\u03af\u03b1\u03c2-\u03a3\u03c0\u03b7\u03bb\u03b1\u03b9\u03bf\u03bb\u03bf\u03b3\u03af\u03b1\u03c2 \u03c3\u03c4\u03bf \u03c0\u03bb\u03b1\u03af\u03c3\u03b9\u03bf \u03c0\u03c1\u03bf\u03b3\u03c1\u03ac\u03bc\u03bc\u03b1\u03c4\u03bf\u03c2 \u03b1\u03bd\u03ac\u03b4\u03b5\u03b9\u03be\u03b7\u03c2<\/em><\/span>[\/vc_column_text][vc_media_grid element_width=&#8221;3&#8243; initial_loading_animation=&#8221;none&#8221; grid_id=&#8221;vc_gid:1769462979708-e12a9bb6-6100-2&#8243; include=&#8221;382,386,1081,384&#8243;][vc_separator color=&#8221;mulled_wine&#8221; border_width=&#8221;2&#8243;][vc_column_text]2025, \u03a3. \u039a\u03b1\u03c4\u03c3\u03b1\u03c1\u03bf\u03cd, <a href=\"https:\/\/www.academia.edu\/146223557\/%CE%97_%CF%83%CF%85%CE%BC%CE%B2%CE%BF%CE%BB%CE%AE_%CF%84%CF%89%CE%BD_%CE%B1%CE%BD%CE%B1%CF%83%CE%BA%CE%B1%CF%86%CF%8E%CE%BD_%CF%83%CF%84%CE%B1_%CF%83%CF%80%CE%AE%CE%BB%CE%B1%CE%B9%CE%B1_%CF%83%CF%84%CE%B9%CF%82_%CE%B3%CE%BD%CF%8E%CF%83%CE%B5%CE%B9%CF%82_%CE%BC%CE%B1%CF%82_%CE%B3%CE%B9%CE%B1_%CF%84%CE%B7%CE%BD_%CE%B5%CE%BB%CE%BB%CE%B7%CE%BD%CE%B9%CE%BA%CE%AE_%CF%80%CF%81%CE%BF%CF%8A%CF%83%CF%84%CE%BF%CF%81%CE%AF%CE%B1_%CE%A0%CE%B5%CF%81%CE%AF%CE%BB%CE%B7%CF%88%CE%B7_Cave_excavations_and_their_contribution_to_the_understanding_of_Greek_prehistory_Abstract_\">\u0397 \u03c3\u03c5\u03bc\u03b2\u03bf\u03bb\u03ae \u03c4\u03c9\u03bd \u03b1\u03bd\u03b1\u03c3\u03ba\u03b1\u03c6\u03ce\u03bd \u03c3\u03c4\u03b1 \u03c3\u03c0\u03ae\u03bb\u03b1\u03b9\u03b1 \u03c3\u03c4\u03b9\u03c2 \u03b3\u03bd\u03ce\u03c3\u03b5\u03b9\u03c2 \u03bc\u03b1\u03c2 \u03b3\u03b9\u03b1 \u03c4\u03b7\u03bd \u03b5\u03bb\u03bb\u03b7\u03bd\u03b9\u03ba\u03ae \u03c0\u03c1\u03bf\u03ca\u03c3\u03c4\u03bf\u03c1\u03af\u03b1,<\/a> <em>\u039c\u03b9\u03c3\u03cc\u03c2 \u03b1\u03b9\u03ce\u03bd\u03b1\u03c2 \u03c0\u03c1\u03bf\u03c3\u03c4\u03b1\u03c3\u03af\u03b1\u03c2 \u03ba\u03b1\u03b9 \u03ad\u03c1\u03b5\u03c5\u03bd\u03b1\u03c2 \u03c4\u03c9\u03bd \u03c3\u03c0\u03b7\u03bb\u03b1\u03af\u03c9\u03bd. \u0397\u03bc\u03b5\u03c1\u03af\u03b4\u03b1 \u03b1\u03c6\u03b9\u03b5\u03c1\u03c9\u03bc\u03ad\u03bd\u03b7 \u03c3\u03c4\u03b7 \u03bc\u03bd\u03ae\u03bc\u03b7 \u03c4\u03b7\u03c2 \u0395\u03c5\u03b1\u03b3\u03b3\u03b5\u03bb\u03af\u03b1\u03c2 \u03a0\u03c1\u03c9\u03c4\u03bf\u03bd\u03bf\u03c4\u03b1\u03c1\u03af\u03bf\u03c5-\u0394\u03b5\u03ca\u03bb\u03ac\u03ba\u03b7, \u03a5\u03c0\u03bf\u03c5\u03c1\u03b3\u03b5\u03af\u03bf \u03a0\u03bf\u03bb\u03b9\u03c4\u03b9\u03c3\u03bc\u03bf\u03cd, \u0395\u03c6\u03bf\u03c1\u03b5\u03af\u03b1 \u03a0\u03b1\u03bb\u03b1\u03b9\u03bf\u03b1\u03bd\u03b8\u03c1\u03c9\u03c0\u03bf\u03bb\u03bf\u03b3\u03af\u03b1\u03c2-\u03a3\u03c0\u03b7\u03bb\u03b1\u03b9\u03bf\u03bb\u03bf\u03b3\u03af\u03b1\u03c2, \u0391\u03b8\u03ae\u03bd\u03b1, \u0395\u03c0\u03b9\u03b3\u03c1\u03b1\u03c6\u03b9\u03ba\u03cc \u039c\u03bf\u03c5\u03c3\u03b5\u03af\u03bf, 9 \u039f\u03ba\u03c4\u03c9\u03b2\u03c1\u03af\u03bf\u03c5 2025 (\u039f\u03c1\u03b3\u03b1\u03bd\u03c9\u03c4\u03ae\u03c2: \u0395\u03c6\u03bf\u03c1\u03b5\u03af\u03b1 \u03a0\u03b1\u03bb\u03b1\u03b9\u03bf\u03b1\u03bd\u03b8\u03c1\u03c9\u03c0\u03bf\u03bb\u03bf\u03b3\u03af\u03b1\u03c2-\u03a3\u03c0\u03b7\u03bb\u03b1\u03b9\u03bf\u03bb\u03bf\u03b3\u03af\u03b1\u03c2).<\/em><\/p>\n<p>2025, S. Katsarou, <a href=\"https:\/\/www.academia.edu\/146196858\/R%C3%A4tselhafte_H%C3%B6hlen_in_Griechenland_Wechselwirkungen_zwischen_Kultur_und_Natur_als_Herausforderungen_der_H%C3%B6hlenarch%C3%A4ologie\">R\u00e4tselhafte H\u00f6hlen in Griechenland. Wechselwirkungen zwischen Kultur und Natur als Herausforderungen der H\u00f6hlenarch\u00e4ologie,<\/a><em>\u00a0Antike Welt <\/em>2, \u03c3\u03b5\u03bb. 49-55.<\/p>\n<p>2021, \u03a3. \u039a\u03b1\u03c4\u03c3\u03b1\u03c1\u03bf\u03cd, E. \u03a8\u03b1\u03b8\u03ae, <a href=\"https:\/\/www.academia.edu\/26635135\/_%CE%9E%CE%B1%CE%BD%CE%B1%CE%B4%CE%B9%CE%B1%CE%B2%CE%AC%CE%B6%CE%BF%CE%BD%CF%84%CE%B1%CF%82_%CF%84%CE%BF_%CE%A3%CF%80%CE%AE%CE%BB%CE%B1%CE%B9%CE%BF_%CE%A6%CF%81%CE%AC%CE%B3%CF%87%CE%B8%CE%B9_%CE%BC%CE%B5_%CE%B1%CF%86%CE%BF%CF%81%CE%BC%CE%AE_%CF%84%CE%B7%CE%BD_%CE%B1%CE%BD%CE%AC%CE%B4%CE%B5%CE%B9%CE%BE%CE%B7_%CF%84%CE%BF%CF%85_%CF%80%CF%81%CE%BF%CF%8A%CF%83%CF%84%CE%BF%CF%81%CE%B9%CE%BA%CE%BF%CF%8D_%CF%87%CF%8E%CF%81%CE%BF%CF%85_Rethinking_the_Francnthi_Cave_on_the_occasion_of_the_improvement_project\">\u00ab\u039e\u03b1\u03bd\u03b1\u03b4\u03b9\u03b1\u03b2\u03ac\u03b6\u03bf\u03bd\u03c4\u03b1\u03c2\u00bb \u03c4\u03bf \u03a3\u03c0\u03ae\u03bb\u03b1\u03b9\u03bf \u03a6\u03c1\u03ac\u03b3\u03c7\u03b8\u03b9 \u03bc\u03b5 \u03b1\u03c6\u03bf\u03c1\u03bc\u03ae \u03c4\u03b7\u03bd \u03b1\u03bd\u03ac\u03b4\u03b5\u03b9\u03be\u03b7 \u03c4\u03bf\u03c5 \u03c0\u03c1\u03bf\u03ca\u03c3\u03c4\u03bf\u03c1\u03b9\u03ba\u03bf\u03cd \u03c7\u03ce\u03c1\u03bf\u03c5.<\/a> \u03a3\u03c4\u03bf: <em>\u03a0\u03c1\u03b1\u03ba\u03c4\u03b9\u03ba\u03ac \u03c4\u03bf\u03c5 \u0398\u2019 \u03a3\u03c5\u03bd\u03b5\u03b4\u03c1\u03af\u03bf\u03c5 \u03a0\u03b5\u03bb\u03bf\u03c0\u03bf\u03bd\u03bd\u03b7\u03c3\u03b9\u03b1\u03ba\u03ce\u03bd \u03a3\u03c0\u03bf\u03c5\u03b4\u03ce\u03bd (\u039d\u03b1\u03cd\u03c0\u03bb\u03b9\u03bf, 30 \u039f\u03ba\u03c4\u03c9\u03b2\u03c1\u03af\u03bf\u03c5-2 \u039d\u03bf\u03b5\u03bc\u03b2\u03c1\u03af\u03bf\u03c5 2015)<\/em>, \u03c4\u03cc\u03bc. \u0391\u2019, \u03c3\u03b5\u03bb. 175-192. \u0391\u03b8\u03ae\u03bd\u03b1. \u0395\u03c4\u03b1\u03b9\u03c1\u03b5\u03af\u03b1 \u03a0\u03b5\u03bb\u03bf\u03c0\u03bf\u03bd\u03bd\u03b7\u03c3\u03b9\u03b1\u03ba\u03ce\u03bd \u03a3\u03c0\u03bf\u03c5\u03b4\u03ce\u03bd. \u03a0\u03b5\u03bb\u03bf\u03c0\u03bf\u03bd\u03bd\u03b7\u03c3\u03b9\u03b1\u03ba\u03ac-\u03a0\u03b1\u03c1\u03ac\u03c1\u03c4\u03b7\u03bc\u03b1 33.<\/p>\n<p>2015, \u03a3. \u039a\u03b1\u03c4\u03c3\u03b1\u03c1\u03bf\u03cd, \u0395. \u03a8\u03b1\u03b8\u03ae, <a href=\"https:\/\/www.academia.edu\/146232482\/_%CE%9E%CE%B1%CE%BD%CE%B1%CE%B4%CE%B9%CE%B1%CE%B2%CE%AC%CE%B6%CE%BF%CE%BD%CF%84%CE%B1%CF%82_%CF%84%CE%BF_%CE%A3%CF%80%CE%AE%CE%BB%CE%B1%CE%B9%CE%BF_%CE%A6%CF%81%CE%AC%CE%B3%CF%87%CE%B8%CE%B9\">\u00ab\u039e\u03b1\u03bd\u03b1\u03b4\u03b9\u03b1\u03b2\u03ac\u03b6\u03bf\u03bd\u03c4\u03b1\u03c2\u00bb \u03c4\u03bf \u03a3\u03c0\u03ae\u03bb\u03b1\u03b9\u03bf \u03a6\u03c1\u03ac\u03b3\u03c7\u03b8\u03b9. \u0395\u03c0\u03b9\u03c3\u03c4\u03c1\u03bf\u03c6\u03ae \u03c3\u03c4\u03b7 \u03bc\u03b5\u03bb\u03ad\u03c4\u03b7 \u03c4\u03bf\u03c5 \u03bd\u03b5\u03bf\u03bb\u03b9\u03b8\u03b9\u03ba\u03bf\u03cd \u03ba\u03b5\u03c1\u03b1\u03bc\u03ad\u03b1,<\/a> <em>\u0398\u2019 \u0394\u03b9\u03b5\u03b8\u03bd\u03ad\u03c2 \u03a3\u03c5\u03bd\u03ad\u03b4\u03c1\u03b9\u03bf\u03bd \u03a0\u03b5\u03bb\u03bf\u03c0\u03bf\u03bd\u03bd\u03b7\u03c3\u03b9\u03b1\u03ba\u03ce\u03bd \u03a3\u03c0\u03bf\u03c5\u03b4\u03ce\u03bd, \u039d\u03b1\u03cd\u03c0\u03bb\u03b9\u03bf, 30 \u039f\u03ba\u03c4\u03c9\u03b2\u03c1\u03af\u03bf\u03c5-2 \u039d\u03bf\u03b5\u03bc\u03b2\u03c1\u03af\u03bf\u03c5 2015<\/em> (<em>O\u03c1\u03b3\u03b1\u03bd\u03c9\u03c4\u03ae\u03c2: \u0395\u03c4\u03b1\u03b9\u03c1\u03b5\u03af\u03b1 <\/em><em>\u03a0\u03b5\u03bb\u03bf\u03c0\u03bf\u03bd\u03bd\u03b7\u03c3\u03b9\u03b1\u03ba\u03ce\u03bd \u03a3\u03c0\u03bf\u03c5\u03b4\u03ce\u03bd).<\/em><\/p>\n<p>2009, S. Katsarou, <a href=\"https:\/\/www.academia.edu\/26633551\/Colorful_images_of_the_Greek_Neolithic_Oral_text_\">Colorful images of the Greek Neolithic,<\/a> <em>Theoretical Archaeology Group-USA<\/em> <em>2009,<\/em><em> Stanford, CA, 1-3 May 2009<\/em><em>:<\/em> <em>The Color of Things: Debating the Role and Future of Color in Archaeology (<\/em><em>\u039f\u03c1\u03b3\u03b1\u03bd\u03c9\u03c4\u03ae\u03c2: <\/em><em>A. Nagel, University of Michigan)<\/em>.\u00a0\u03a0\u03c1\u03bf\u03c6\u03bf\u03c1\u03b9\u03ba\u03cc \u03ba\u03b5\u03af\u03bc\u03b5\u03bd\u03bf \u03b1\u03bd\u03b1\u03c1\u03c4\u03b7\u03bc\u03ad\u03bd\u03bf \u03c3\u03c4\u03bf <a href=\"https:\/\/www.academia.edu\/26633551\/Colorful_images_of_the_Greek_Neolithic_Oral_text_\">www.academia.edu<\/a>.[\/vc_column_text][\/vc_column][vc_column width=&#8221;1\/4&#8243;][vc_single_image image=&#8221;1011&#8243; img_size=&#8221;full&#8221; alignment=&#8221;right&#8221;][vc_single_image image=&#8221;385&#8243; img_size=&#8221;full&#8221; alignment=&#8221;right&#8221;][vc_single_image image=&#8221;1010&#8243; img_size=&#8221;full&#8221; alignment=&#8221;right&#8221;][\/vc_column][\/vc_row]<\/p>\n","protected":false},"excerpt":{"rendered":"<p>[vc_row][vc_column][vc_single_image image=&#8221;1030&#8243; img_size=&#8221;full&#8221; alignment=&#8221;center&#8221; style=&#8221;vc_box_rounded&#8221;][\/vc_column][vc_column width=&#8221;3\/4&#8243;][vc_column_text]\u03a0\u03c1\u03cc\u03c3\u03c6\u03b1\u03c4\u03b7 \u03b1\u03bd\u03b1\u03c3\u03ba\u03b1\u03c6\u03ae \u03c3\u03c4\u03bf\u03bd \u03c0\u03b5\u03c1\u03b9\u03b2\u03ac\u03bb\u03bb\u03bf\u03bd\u03c4\u03b1 \u03c7\u03ce\u03c1\u03bf \u03c4\u03bf\u03c5 \u03c3\u03c0\u03b7\u03bb\u03b1\u03af\u03bf\u03c5 \u03a6\u03c1\u03ac\u03b3\u03b8\u03c7\u03b9 \u03ad\u03b4\u03b5\u03b9\u03be\u03b5 \u03c4\u03b7 \u03bc\u03b5\u03b3\u03ac\u03bb\u03b7 \u03ad\u03ba\u03c4\u03b1\u03c3\u03b7 \u03c4\u03bf\u03c5 \u03bd\u03b5\u03bf\u03bb\u03b9\u03b8\u03b9\u03ba\u03bf\u03cd \u03c7\u03c9\u03c1\u03b9\u03bf\u03cd [&hellip;]<\/p>\n","protected":false},"author":1,"featured_media":0,"parent":0,"menu_order":0,"comment_status":"closed","ping_status":"closed","template":"page-pagebuilder.php","meta":{"footnotes":""},"class_list":["post-341","page","type-page","status-publish","hentry"],"yoast_head":"<!-- This site is optimized with the Yoast SEO plugin v27.4 - https:\/\/yoast.com\/product\/yoast-seo-wordpress\/ -->\n<title>\u03a3\u03c0\u03ae\u03bb\u03b1\u03b9\u03bf \u03a6\u03c1\u03ac\u03b3\u03c7\u03b8\u03b9 - \u03a3\u03c4\u03ad\u03bb\u03bb\u03b1 \u039a\u03b1\u03c4\u03c3\u03b1\u03c1\u03bf\u03cd<\/title>\n<meta name=\"robots\" content=\"index, follow, max-snippet:-1, max-image-preview:large, max-video-preview:-1\" \/>\n<link rel=\"canonical\" href=\"https:\/\/www.stellakatsarou.gr\/el\/franchthi-cave\/\" \/>\n<meta property=\"og:locale\" content=\"el_GR\" \/>\n<meta property=\"og:type\" content=\"article\" \/>\n<meta property=\"og:title\" content=\"\u03a3\u03c0\u03ae\u03bb\u03b1\u03b9\u03bf \u03a6\u03c1\u03ac\u03b3\u03c7\u03b8\u03b9 - \u03a3\u03c4\u03ad\u03bb\u03bb\u03b1 \u039a\u03b1\u03c4\u03c3\u03b1\u03c1\u03bf\u03cd\" \/>\n<meta property=\"og:description\" content=\"[vc_row][vc_column][vc_single_image image=&#8221;1030&#8243; img_size=&#8221;full&#8221; alignment=&#8221;center&#8221; style=&#8221;vc_box_rounded&#8221;][\/vc_column][vc_column width=&#8221;3\/4&#8243;][vc_column_text]\u03a0\u03c1\u03cc\u03c3\u03c6\u03b1\u03c4\u03b7 \u03b1\u03bd\u03b1\u03c3\u03ba\u03b1\u03c6\u03ae \u03c3\u03c4\u03bf\u03bd \u03c0\u03b5\u03c1\u03b9\u03b2\u03ac\u03bb\u03bb\u03bf\u03bd\u03c4\u03b1 \u03c7\u03ce\u03c1\u03bf \u03c4\u03bf\u03c5 \u03c3\u03c0\u03b7\u03bb\u03b1\u03af\u03bf\u03c5 \u03a6\u03c1\u03ac\u03b3\u03b8\u03c7\u03b9 \u03ad\u03b4\u03b5\u03b9\u03be\u03b5 \u03c4\u03b7 \u03bc\u03b5\u03b3\u03ac\u03bb\u03b7 \u03ad\u03ba\u03c4\u03b1\u03c3\u03b7 \u03c4\u03bf\u03c5 \u03bd\u03b5\u03bf\u03bb\u03b9\u03b8\u03b9\u03ba\u03bf\u03cd \u03c7\u03c9\u03c1\u03b9\u03bf\u03cd [&hellip;]\" \/>\n<meta property=\"og:url\" content=\"https:\/\/www.stellakatsarou.gr\/el\/franchthi-cave\/\" \/>\n<meta property=\"og:site_name\" content=\"\u03a3\u03c4\u03ad\u03bb\u03bb\u03b1 \u039a\u03b1\u03c4\u03c3\u03b1\u03c1\u03bf\u03cd\" \/>\n<meta property=\"article:publisher\" content=\"https:\/\/www.facebook.com\/stella.katsaroutzeveleki\" \/>\n<meta property=\"article:modified_time\" content=\"2026-01-26T21:29:59+00:00\" \/>\n<meta name=\"twitter:card\" content=\"summary_large_image\" \/>\n<meta name=\"twitter:label1\" content=\"\u0395\u03ba\u03c4\u03b9\u03bc\u03ce\u03bc\u03b5\u03bd\u03bf\u03c2 \u03c7\u03c1\u03cc\u03bd\u03bf\u03c2 \u03b1\u03bd\u03ac\u03b3\u03bd\u03c9\u03c3\u03b7\u03c2\" \/>\n\t<meta name=\"twitter:data1\" content=\"3 \u03bb\u03b5\u03c0\u03c4\u03ac\" \/>\n<script type=\"application\/ld+json\" class=\"yoast-schema-graph\">{\"@context\":\"https:\\\/\\\/schema.org\",\"@graph\":[{\"@type\":\"WebPage\",\"@id\":\"https:\\\/\\\/www.stellakatsarou.gr\\\/el\\\/franchthi-cave\\\/\",\"url\":\"https:\\\/\\\/www.stellakatsarou.gr\\\/el\\\/franchthi-cave\\\/\",\"name\":\"\u03a3\u03c0\u03ae\u03bb\u03b1\u03b9\u03bf \u03a6\u03c1\u03ac\u03b3\u03c7\u03b8\u03b9 - \u03a3\u03c4\u03ad\u03bb\u03bb\u03b1 \u039a\u03b1\u03c4\u03c3\u03b1\u03c1\u03bf\u03cd\",\"isPartOf\":{\"@id\":\"https:\\\/\\\/www.stellakatsarou.gr\\\/el\\\/#website\"},\"datePublished\":\"2017-03-08T15:20:57+00:00\",\"dateModified\":\"2026-01-26T21:29:59+00:00\",\"breadcrumb\":{\"@id\":\"https:\\\/\\\/www.stellakatsarou.gr\\\/el\\\/franchthi-cave\\\/#breadcrumb\"},\"inLanguage\":\"el\",\"potentialAction\":[{\"@type\":\"ReadAction\",\"target\":[\"https:\\\/\\\/www.stellakatsarou.gr\\\/el\\\/franchthi-cave\\\/\"]}]},{\"@type\":\"BreadcrumbList\",\"@id\":\"https:\\\/\\\/www.stellakatsarou.gr\\\/el\\\/franchthi-cave\\\/#breadcrumb\",\"itemListElement\":[{\"@type\":\"ListItem\",\"position\":1,\"name\":\"Home\",\"item\":\"https:\\\/\\\/www.stellakatsarou.gr\\\/el\\\/\"},{\"@type\":\"ListItem\",\"position\":2,\"name\":\"\u03a3\u03c0\u03ae\u03bb\u03b1\u03b9\u03bf \u03a6\u03c1\u03ac\u03b3\u03c7\u03b8\u03b9\"}]},{\"@type\":\"WebSite\",\"@id\":\"https:\\\/\\\/www.stellakatsarou.gr\\\/el\\\/#website\",\"url\":\"https:\\\/\\\/www.stellakatsarou.gr\\\/el\\\/\",\"name\":\"\u03a3\u03c4\u03ad\u03bb\u03bb\u03b1 \u039a\u03b1\u03c4\u03c3\u03b1\u03c1\u03bf\u03cd\",\"description\":\"\u03a0\u03c1\u03bf\u03ca\u03c3\u03c4\u03bf\u03c1\u03b9\u03ba\u03ae \u0391\u03c1\u03c7\u03b1\u03b9\u03bf\u03bb\u03bf\u03b3\u03af\u03b1\",\"potentialAction\":[{\"@type\":\"SearchAction\",\"target\":{\"@type\":\"EntryPoint\",\"urlTemplate\":\"https:\\\/\\\/www.stellakatsarou.gr\\\/el\\\/?s={search_term_string}\"},\"query-input\":{\"@type\":\"PropertyValueSpecification\",\"valueRequired\":true,\"valueName\":\"search_term_string\"}}],\"inLanguage\":\"el\"}]}<\/script>\n<!-- \/ Yoast SEO plugin. -->","yoast_head_json":{"title":"\u03a3\u03c0\u03ae\u03bb\u03b1\u03b9\u03bf \u03a6\u03c1\u03ac\u03b3\u03c7\u03b8\u03b9 - \u03a3\u03c4\u03ad\u03bb\u03bb\u03b1 \u039a\u03b1\u03c4\u03c3\u03b1\u03c1\u03bf\u03cd","robots":{"index":"index","follow":"follow","max-snippet":"max-snippet:-1","max-image-preview":"max-image-preview:large","max-video-preview":"max-video-preview:-1"},"canonical":"https:\/\/www.stellakatsarou.gr\/el\/franchthi-cave\/","og_locale":"el_GR","og_type":"article","og_title":"\u03a3\u03c0\u03ae\u03bb\u03b1\u03b9\u03bf \u03a6\u03c1\u03ac\u03b3\u03c7\u03b8\u03b9 - \u03a3\u03c4\u03ad\u03bb\u03bb\u03b1 \u039a\u03b1\u03c4\u03c3\u03b1\u03c1\u03bf\u03cd","og_description":"[vc_row][vc_column][vc_single_image image=&#8221;1030&#8243; img_size=&#8221;full&#8221; alignment=&#8221;center&#8221; style=&#8221;vc_box_rounded&#8221;][\/vc_column][vc_column width=&#8221;3\/4&#8243;][vc_column_text]\u03a0\u03c1\u03cc\u03c3\u03c6\u03b1\u03c4\u03b7 \u03b1\u03bd\u03b1\u03c3\u03ba\u03b1\u03c6\u03ae \u03c3\u03c4\u03bf\u03bd \u03c0\u03b5\u03c1\u03b9\u03b2\u03ac\u03bb\u03bb\u03bf\u03bd\u03c4\u03b1 \u03c7\u03ce\u03c1\u03bf \u03c4\u03bf\u03c5 \u03c3\u03c0\u03b7\u03bb\u03b1\u03af\u03bf\u03c5 \u03a6\u03c1\u03ac\u03b3\u03b8\u03c7\u03b9 \u03ad\u03b4\u03b5\u03b9\u03be\u03b5 \u03c4\u03b7 \u03bc\u03b5\u03b3\u03ac\u03bb\u03b7 \u03ad\u03ba\u03c4\u03b1\u03c3\u03b7 \u03c4\u03bf\u03c5 \u03bd\u03b5\u03bf\u03bb\u03b9\u03b8\u03b9\u03ba\u03bf\u03cd \u03c7\u03c9\u03c1\u03b9\u03bf\u03cd [&hellip;]","og_url":"https:\/\/www.stellakatsarou.gr\/el\/franchthi-cave\/","og_site_name":"\u03a3\u03c4\u03ad\u03bb\u03bb\u03b1 \u039a\u03b1\u03c4\u03c3\u03b1\u03c1\u03bf\u03cd","article_publisher":"https:\/\/www.facebook.com\/stella.katsaroutzeveleki","article_modified_time":"2026-01-26T21:29:59+00:00","twitter_card":"summary_large_image","twitter_misc":{"\u0395\u03ba\u03c4\u03b9\u03bc\u03ce\u03bc\u03b5\u03bd\u03bf\u03c2 \u03c7\u03c1\u03cc\u03bd\u03bf\u03c2 \u03b1\u03bd\u03ac\u03b3\u03bd\u03c9\u03c3\u03b7\u03c2":"3 \u03bb\u03b5\u03c0\u03c4\u03ac"},"schema":{"@context":"https:\/\/schema.org","@graph":[{"@type":"WebPage","@id":"https:\/\/www.stellakatsarou.gr\/el\/franchthi-cave\/","url":"https:\/\/www.stellakatsarou.gr\/el\/franchthi-cave\/","name":"\u03a3\u03c0\u03ae\u03bb\u03b1\u03b9\u03bf \u03a6\u03c1\u03ac\u03b3\u03c7\u03b8\u03b9 - \u03a3\u03c4\u03ad\u03bb\u03bb\u03b1 \u039a\u03b1\u03c4\u03c3\u03b1\u03c1\u03bf\u03cd","isPartOf":{"@id":"https:\/\/www.stellakatsarou.gr\/el\/#website"},"datePublished":"2017-03-08T15:20:57+00:00","dateModified":"2026-01-26T21:29:59+00:00","breadcrumb":{"@id":"https:\/\/www.stellakatsarou.gr\/el\/franchthi-cave\/#breadcrumb"},"inLanguage":"el","potentialAction":[{"@type":"ReadAction","target":["https:\/\/www.stellakatsarou.gr\/el\/franchthi-cave\/"]}]},{"@type":"BreadcrumbList","@id":"https:\/\/www.stellakatsarou.gr\/el\/franchthi-cave\/#breadcrumb","itemListElement":[{"@type":"ListItem","position":1,"name":"Home","item":"https:\/\/www.stellakatsarou.gr\/el\/"},{"@type":"ListItem","position":2,"name":"\u03a3\u03c0\u03ae\u03bb\u03b1\u03b9\u03bf \u03a6\u03c1\u03ac\u03b3\u03c7\u03b8\u03b9"}]},{"@type":"WebSite","@id":"https:\/\/www.stellakatsarou.gr\/el\/#website","url":"https:\/\/www.stellakatsarou.gr\/el\/","name":"\u03a3\u03c4\u03ad\u03bb\u03bb\u03b1 \u039a\u03b1\u03c4\u03c3\u03b1\u03c1\u03bf\u03cd","description":"\u03a0\u03c1\u03bf\u03ca\u03c3\u03c4\u03bf\u03c1\u03b9\u03ba\u03ae \u0391\u03c1\u03c7\u03b1\u03b9\u03bf\u03bb\u03bf\u03b3\u03af\u03b1","potentialAction":[{"@type":"SearchAction","target":{"@type":"EntryPoint","urlTemplate":"https:\/\/www.stellakatsarou.gr\/el\/?s={search_term_string}"},"query-input":{"@type":"PropertyValueSpecification","valueRequired":true,"valueName":"search_term_string"}}],"inLanguage":"el"}]}},"_links":{"self":[{"href":"https:\/\/www.stellakatsarou.gr\/el\/wp-json\/wp\/v2\/pages\/341","targetHints":{"allow":["GET"]}}],"collection":[{"href":"https:\/\/www.stellakatsarou.gr\/el\/wp-json\/wp\/v2\/pages"}],"about":[{"href":"https:\/\/www.stellakatsarou.gr\/el\/wp-json\/wp\/v2\/types\/page"}],"author":[{"embeddable":true,"href":"https:\/\/www.stellakatsarou.gr\/el\/wp-json\/wp\/v2\/users\/1"}],"replies":[{"embeddable":true,"href":"https:\/\/www.stellakatsarou.gr\/el\/wp-json\/wp\/v2\/comments?post=341"}],"version-history":[{"count":91,"href":"https:\/\/www.stellakatsarou.gr\/el\/wp-json\/wp\/v2\/pages\/341\/revisions"}],"predecessor-version":[{"id":2305,"href":"https:\/\/www.stellakatsarou.gr\/el\/wp-json\/wp\/v2\/pages\/341\/revisions\/2305"}],"wp:attachment":[{"href":"https:\/\/www.stellakatsarou.gr\/el\/wp-json\/wp\/v2\/media?parent=341"}],"curies":[{"name":"wp","href":"https:\/\/api.w.org\/{rel}","templated":true}]}}